{"id":1118,"date":"2014-10-20T12:45:22","date_gmt":"2014-10-20T12:45:22","guid":{"rendered":"http:\/\/www.penzion-konopiste.cz\/?page_id=1118"},"modified":"2018-04-23T12:05:04","modified_gmt":"2018-04-23T12:05:04","slug":"virtualni-prohlidka","status":"publish","type":"page","link":"https:\/\/www.penzion-konopiste.cz\/de\/about-us\/blog\/virtualni-prohlidka\/","title":{"rendered":"VIRTU\u00c1LN\u00cd PROHL\u00cdDKA"},"content":{"rendered":"<style>\n.ext img, .muzeum img, .konopiste img {\nmargin-right:6px;\nmargin-bottom:10px;\n}\n<\/style>\n<h2>Virtu\u00e1ln\u00ed prohl\u00eddka<\/h2>\n<h5>Pension<\/h5>\n<div class=\"ext\">\n<a href=\"http:\/\/www.penzion-konopiste.cz\/wp-content\/uploads\/virtualni-prohlidky\/exterier1.html\"><img loading=\"lazy\" decoding=\"async\" style=\"border: 0px;\" src=\"http:\/\/www.penzion-konopiste.cz\/wp-content\/uploads\/2014\/10\/ext1.jpg\" alt=\"Penzion Konopi\u0161t\u011b\" width=\"149\" height=\"112\" border=\"0\"><\/a> <a href=\"http:\/\/www.penzion-konopiste.cz\/wp-content\/uploads\/virtualni-prohlidky\/exterier2.html\"><img loading=\"lazy\" decoding=\"async\" style=\"border: 0px;\" src=\"http:\/\/www.penzion-konopiste.cz\/wp-content\/uploads\/2014\/10\/ext2.jpg\" alt=\"Penzion Konopi\u0161t\u011b\" width=\"149\" height=\"112\" border=\"0\"><\/a> <a href=\"http:\/\/www.penzion-konopiste.cz\/wp-content\/uploads\/virtualni-prohlidky\/exterier3.html\"><img loading=\"lazy\" decoding=\"async\" style=\"border: 0px;\" src=\"http:\/\/www.penzion-konopiste.cz\/wp-content\/uploads\/2014\/10\/ext3.jpg\" alt=\"Penzion Konopi\u0161t\u011b\" width=\"149\" height=\"112\" border=\"0\"><\/a> <a href=\"http:\/\/www.penzion-konopiste.cz\/wp-content\/uploads\/virtualni-prohlidky\/recepce.html\"><img loading=\"lazy\" decoding=\"async\" style=\"border: 0px;\" src=\"http:\/\/www.penzion-konopiste.cz\/wp-content\/uploads\/2014\/10\/recepce.jpg\" alt=\"Penzion Konopi\u0161t\u011b\" width=\"149\" height=\"112\" border=\"0\"><\/a> <a href=\"http:\/\/www.penzion-konopiste.cz\/wp-content\/uploads\/virtualni-prohlidky\/hala.html\"><img loading=\"lazy\" decoding=\"async\" style=\"border: 0px;\" src=\"http:\/\/www.penzion-konopiste.cz\/wp-content\/uploads\/2014\/10\/chodba.jpg\" alt=\"Penzion Konopi\u0161t\u011b\" width=\"149\" height=\"112\" border=\"0\"><\/a>&nbsp;<a href=\"http:\/\/www.penzion-konopiste.cz\/wp-content\/uploads\/virtualni-prohlidky\/snidanovka.html\"><img loading=\"lazy\" decoding=\"async\" style=\"border: 0px;\" src=\"http:\/\/www.penzion-konopiste.cz\/wp-content\/uploads\/2014\/10\/snidane.jpg\" alt=\"Penzion Konopi\u0161t\u011b\" width=\"149\" height=\"112\" border=\"0\"><\/a>\n<\/div>\n<h5>Pokoje<\/h5>\n<div style=\"float:left\"><div style=\"width: 159px\" class=\"wp-caption alignnone\"><a href=\"http:\/\/www.penzion-konopiste.cz\/wp-content\/uploads\/virtualni-prohlidky\/deste.html\"><img loading=\"lazy\" decoding=\"async\" src=\"http:\/\/www.penzion-konopiste.cz\/wp-content\/uploads\/2014\/10\/deste-l.jpg\" alt=\"Penzion Konopi\u0161t\u011b\" width=\"149\" height=\"112\" border=\"0\"><\/a><p class=\"wp-caption-text\">D&#8217;Este lo\u017enice<\/p><\/div><\/div>\n<div style=\"float:left\"><div style=\"width: 159px\" class=\"wp-caption alignnone\"><a href=\"http:\/\/www.penzion-konopiste.cz\/wp-content\/uploads\/virtualni-prohlidky\/deste2.html\"><img loading=\"lazy\" decoding=\"async\" src=\"http:\/\/www.penzion-konopiste.cz\/wp-content\/uploads\/2014\/10\/deste-o.jpg\" alt=\"Penzion Konopi\u0161t\u011b\" width=\"149\" height=\"112\" border=\"0\"><\/a><p class=\"wp-caption-text\">D&#8217;Este ob\u00fdvac\u00ed pokoj<\/p><\/div><\/div>\n<div style=\"float:left\"><div style=\"width: 159px\" class=\"wp-caption alignnone\"><a href=\"http:\/\/www.penzion-konopiste.cz\/wp-content\/uploads\/virtualni-prohlidky\/discreet.html\"><img loading=\"lazy\" decoding=\"async\" style=\"border: 0px;\" src=\"http:\/\/www.penzion-konopiste.cz\/wp-content\/uploads\/2014\/10\/discreet.jpg\" alt=\"Penzion Konopi\u0161t\u011b\" width=\"149\" height=\"112\" border=\"0\"><\/a><p class=\"wp-caption-text\">Discreet<\/p><\/div><\/div>\n<div style=\"float:left\"><div style=\"width: 159px\" class=\"wp-caption alignnone\"><a href=\"http:\/\/www.penzion-konopiste.cz\/wp-content\/uploads\/virtualni-prohlidky\/hatany.html\"><img loading=\"lazy\" decoding=\"async\" style=\"border: 0px;\" src=\"http:\/\/www.penzion-konopiste.cz\/wp-content\/uploads\/2014\/10\/hatany.jpg\" alt=\"Penzion Konopi\u0161t\u011b\" width=\"149\" height=\"112\" border=\"0\"><\/a><p class=\"wp-caption-text\">Hatany<\/p><\/div><\/div>\n<div style=\"float:left\"><div style=\"width: 159px\" class=\"wp-caption alignnone\"><a href=\"http:\/\/www.penzion-konopiste.cz\/wp-content\/uploads\/virtualni-prohlidky\/modre.html\"><img loading=\"lazy\" decoding=\"async\" style=\"border: 0px;\" src=\"http:\/\/www.penzion-konopiste.cz\/wp-content\/uploads\/2014\/10\/modre-l.jpg\" alt=\"Penzion Konopi\u0161t\u011b\" width=\"149\" height=\"112\" border=\"0\"><\/a><p class=\"wp-caption-text\">Modr\u00e9 z nebe lo\u017enice<\/p><\/div><\/div>\n<div style=\"float:left\"><div style=\"width: 159px\" class=\"wp-caption alignnone\"><a href=\"http:\/\/www.penzion-konopiste.cz\/wp-content\/uploads\/virtualni-prohlidky\/modre2.html\"><img loading=\"lazy\" decoding=\"async\" style=\"border: 0px;\" src=\"http:\/\/www.penzion-konopiste.cz\/wp-content\/uploads\/2014\/10\/modre-o.jpg\" alt=\"Penzion Konopi\u0161t\u011b\" width=\"149\" height=\"112\" border=\"0\"><\/a><p class=\"wp-caption-text\">Modr\u00e9 z nebe ob\u00fdvac\u00ed pokoj<\/p><\/div><\/div>\n<div style=\"float:left\"><div style=\"width: 159px\" class=\"wp-caption alignnone\"><a href=\"http:\/\/www.penzion-konopiste.cz\/wp-content\/uploads\/virtualni-prohlidky\/sachy.html\"><img loading=\"lazy\" decoding=\"async\" style=\"border: 0px;\" src=\"http:\/\/www.penzion-konopiste.cz\/wp-content\/uploads\/2014\/10\/sachy-o.jpg\" alt=\"Penzion Konopi\u0161t\u011b\" width=\"149\" height=\"112\" border=\"0\"><\/a><p class=\"wp-caption-text\">\u0160achy ob\u00fdvac\u00ed pokoj<\/p><\/div><\/div>\n<div style=\"float:left\"><div style=\"width: 159px\" class=\"wp-caption alignnone\"><a href=\"http:\/\/www.penzion-konopiste.cz\/wp-content\/uploads\/virtualni-prohlidky\/sachy2.html\"><img loading=\"lazy\" decoding=\"async\" style=\"border: 0px;\" src=\"http:\/\/www.penzion-konopiste.cz\/wp-content\/uploads\/2014\/10\/sachy-l.jpg\" alt=\"Penzion Konopi\u0161t\u011b\" width=\"149\" height=\"112\" border=\"0\"><\/a><p class=\"wp-caption-text\">\u0160achy lo\u017enice<\/p><\/div><\/div>\n<div style=\"clear:both;\"><\/div>\n<h5>Muzeum<\/h5>\n<div class=\"muzeum\">\n<a href=\"http:\/\/www.penzion-konopiste.cz\/wp-content\/uploads\/virtualni-prohlidky\/muzeum.html\"><img loading=\"lazy\" decoding=\"async\" style=\"border: 0px;\" src=\"http:\/\/www.penzion-konopiste.cz\/wp-content\/uploads\/2014\/10\/muzeum.jpg\" alt=\"Penzion Konopi\u0161t\u011b\" width=\"149\" height=\"112\" border=\"0\"><\/a> <a href=\"http:\/\/www.penzion-konopiste.cz\/wp-content\/uploads\/virtualni-prohlidky\/muzeum2.html\"><img loading=\"lazy\" decoding=\"async\" style=\"border: 0px;\" src=\"http:\/\/www.penzion-konopiste.cz\/wp-content\/uploads\/2014\/10\/muzeum-2.jpg\" alt=\"Penzion Konopi\u0161t\u011b\" width=\"149\" height=\"112\" border=\"0\"><\/a>\n<\/div>\n<h5>Konopi\u0161t\u011b<\/h5>\n<div class=\"konopiste\">\n<a href=\"http:\/\/www.penzion-konopiste.cz\/wp-content\/uploads\/virtualni-prohlidky\/konopiste-nadvori.html\"><img loading=\"lazy\" decoding=\"async\" style=\"border: 0px;\" src=\"http:\/\/www.penzion-konopiste.cz\/wp-content\/uploads\/2014\/10\/konopiste-n.jpg\" alt=\"Penzion Konopi\u0161t\u011b\" width=\"149\" height=\"112\" border=\"0\"><\/a> <a href=\"http:\/\/www.penzion-konopiste.cz\/wp-content\/uploads\/virtualni-prohlidky\/konopiste-terasa.html\"><img loading=\"lazy\" decoding=\"async\" style=\"border: 0px;\" src=\"http:\/\/www.penzion-konopiste.cz\/wp-content\/uploads\/2014\/10\/konopiste-t.jpg\" alt=\"Penzion Konopi\u0161t\u011b\" width=\"149\" height=\"112\" border=\"0\"><\/a> <a href=\"http:\/\/www.penzion-konopiste.cz\/wp-content\/uploads\/virtualni-prohlidky\/konopiste-ruzova-zahrada.html\"><img loading=\"lazy\" decoding=\"async\" style=\"border: 0px;\" src=\"http:\/\/www.penzion-konopiste.cz\/wp-content\/uploads\/2014\/10\/konopiste-z.jpg\" alt=\"Penzion Konopi\u0161t\u011b\" width=\"149\" height=\"112\" border=\"0\"><\/a>\n<\/div>\n","protected":false},"excerpt":{"rendered":"<p>Virtu\u00e1ln\u00ed prohl\u00eddka Pension &nbsp; Pokoje Muzeum Konopi\u0161t\u011b<\/p>\n","protected":false},"author":1,"featured_media":0,"parent":103,"menu_order":0,"comment_status":"closed","ping_status":"closed","template":"page-fullwidth.php","meta":{"ngg_post_thumbnail":0,"footnotes":""},"class_list":["post-1118","page","type-page","status-publish","hentry"],"translation":{"provider":"WPGlobus","version":"3.0.0","language":"de","enabled_languages":["cz","en","de"],"languages":{"cz":{"title":true,"content":true,"excerpt":false},"en":{"title":false,"content":false,"excerpt":false},"de":{"title":false,"content":false,"excerpt":false}}},"_links":{"self":[{"href":"https:\/\/www.penzion-konopiste.cz\/de\/wp-json\/wp\/v2\/pages\/1118","targetHints":{"allow":["GET"]}}],"collection":[{"href":"https:\/\/www.penzion-konopiste.cz\/de\/wp-json\/wp\/v2\/pages"}],"about":[{"href":"https:\/\/www.penzion-konopiste.cz\/de\/wp-json\/wp\/v2\/types\/page"}],"author":[{"embeddable":true,"href":"https:\/\/www.penzion-konopiste.cz\/de\/wp-json\/wp\/v2\/users\/1"}],"replies":[{"embeddable":true,"href":"https:\/\/www.penzion-konopiste.cz\/de\/wp-json\/wp\/v2\/comments?post=1118"}],"version-history":[{"count":93,"href":"https:\/\/www.penzion-konopiste.cz\/de\/wp-json\/wp\/v2\/pages\/1118\/revisions"}],"predecessor-version":[{"id":3083,"href":"https:\/\/www.penzion-konopiste.cz\/de\/wp-json\/wp\/v2\/pages\/1118\/revisions\/3083"}],"up":[{"embeddable":true,"href":"https:\/\/www.penzion-konopiste.cz\/de\/wp-json\/wp\/v2\/pages\/103"}],"wp:attachment":[{"href":"https:\/\/www.penzion-konopiste.cz\/de\/wp-json\/wp\/v2\/media?parent=1118"}],"curies":[{"name":"wp","href":"https:\/\/api.w.org\/{rel}","templated":true}]}}