{"id":14,"date":"2011-07-14T19:47:05","date_gmt":"2011-07-14T19:47:05","guid":{"rendered":"http:\/\/www.penzion-konopiste.cz?page_id=14"},"modified":"2022-11-14T15:26:30","modified_gmt":"2022-11-14T15:26:30","slug":"contacts","status":"publish","type":"page","link":"https:\/\/www.penzion-konopiste.cz\/de\/contacts\/","title":{"rendered":"Kontakty"},"content":{"rendered":"<div class=\"grid_4 alpha\"><h2>Kontakty<\/h2>\n<p>Konopi\u0161t\u011b 30<\/p>\n<p>256 01 Bene\u0161ov u Prahy<\/p>\n<p><strong>RECEPCE<\/strong><\/p>\n<p><em>+420 737 230 294<\/em><\/p>\n<p>E-mail: <a href=\"info@konopiste.eu\">info@konopiste.eu<\/a><\/p>\n<p><strong>Manager pensionu<\/strong><\/p>\n<p>Ing. Petra Stib\u016frkov\u00e1<\/p>\n<p>+420 737 230 290<\/p>\n<p>stiburkova.p@konopiste.eu<\/p>\n<h2>&nbsp;<\/h2>\n<p>Penzion Konopi\u0161t\u011b s.r.o.<\/p>\n<p>Konopi\u0161t\u011b 30<\/p>\n<p>256 01 Bene\u0161ov<\/p>\n<p>I\u010c 24197971, DI\u010c CZ24197971<\/p><\/div> <div class=\"grid_4 alpha\"><h2>Kontaktn\u00ed formul\u00e1\u0159<\/h2>\n<div role=\"form\" class=\"wpcf7\" id=\"wpcf7-f208-o1\" lang=\"en-US\" dir=\"ltr\">\n<div class=\"screen-reader-response\"><\/div>\n<form action=\"\/de\/wp-json\/wp\/v2\/pages\/14#wpcf7-f208-o1\" method=\"post\" class=\"wpcf7-form\" novalidate=\"novalidate\">\n<div style=\"display: none;\">\n<input type=\"hidden\" name=\"_wpcf7\" value=\"208\" \/>\n<input type=\"hidden\" name=\"_wpcf7_version\" value=\"4.8.1\" \/>\n<input type=\"hidden\" name=\"_wpcf7_locale\" value=\"en_US\" \/>\n<input type=\"hidden\" name=\"_wpcf7_unit_tag\" value=\"wpcf7-f208-o1\" \/>\n<input type=\"hidden\" name=\"_wpcf7_container_post\" value=\"0\" \/>\n<input type=\"hidden\" name=\"_wpcf7_nonce\" value=\"1b827d7409\" \/>\n<\/div>\n<p class=\"field\"><span class=\"wpcf7-form-control-wrap your-name\"><input type=\"text\" name=\"your-name\" value=\"\" size=\"40\" class=\"wpcf7-form-control wpcf7-text wpcf7-validates-as-required\" aria-required=\"true\" aria-invalid=\"false\" placeholder=\"Jm\u00e9no:\" \/><\/span> <\/p>\n<p class=\"field\"><span class=\"wpcf7-form-control-wrap your-email\"><input type=\"text\" name=\"your-email\" value=\"\" size=\"40\" class=\"wpcf7-form-control wpcf7-text wpcf7-validates-as-required\" aria-required=\"true\" aria-invalid=\"false\" placeholder=\"E-mail:\" \/><\/span> <\/p>\n<p class=\"field\"><span class=\"wpcf7-form-control-wrap your-phone\"><input type=\"text\" name=\"your-phone\" value=\"\" size=\"40\" class=\"wpcf7-form-control wpcf7-text\" aria-invalid=\"false\" placeholder=\"Telefon:\" \/><\/span> <\/p>\n<p class=\"field\"><span class=\"wpcf7-form-control-wrap your-message\"><textarea name=\"your-message\" cols=\"40\" rows=\"10\" class=\"wpcf7-form-control wpcf7-textarea\" aria-invalid=\"false\" placeholder=\"Zpr\u00e1va:\"><\/textarea><\/span> <\/p>\n<div class=\"wpcf7-form-control-wrap\"><div data-sitekey=\"6LdCadkUAAAAAPRjU6QT80ELCc2ecgNbCIgtxhQ3\" class=\"wpcf7-form-control g-recaptcha wpcf7-recaptcha\"><\/div>\r\n<noscript>\r\n\t<div style=\"width: 302px; height: 422px;\">\r\n\t\t<div style=\"width: 302px; height: 422px; position: relative;\">\r\n\t\t\t<div style=\"width: 302px; height: 422px; position: absolute;\">\r\n\t\t\t\t<iframe src=\"https:\/\/www.google.com\/recaptcha\/api\/fallback?k=6LdCadkUAAAAAPRjU6QT80ELCc2ecgNbCIgtxhQ3\" frameborder=\"0\" scrolling=\"no\" style=\"width: 302px; height:422px; border-style: none;\">\r\n\t\t\t\t<\/iframe>\r\n\t\t\t<\/div>\r\n\t\t\t<div style=\"width: 300px; height: 60px; border-style: none; bottom: 12px; left: 25px; margin: 0px; padding: 0px; right: 25px; background: #f9f9f9; border: 1px solid #c1c1c1; border-radius: 3px;\">\r\n\t\t\t\t<textarea id=\"g-recaptcha-response\" name=\"g-recaptcha-response\" class=\"g-recaptcha-response\" style=\"width: 250px; height: 40px; border: 1px solid #c1c1c1; margin: 10px 25px; padding: 0px; resize: none;\">\r\n\t\t\t\t<\/textarea>\r\n\t\t\t<\/div>\r\n\t\t<\/div>\r\n\t<\/div>\r\n<\/noscript>\r\n<\/div>\n<p class=\"submit-wrap\"><input type=\"submit\" value=\"Odeslat\" class=\"wpcf7-form-control wpcf7-submit\" \/><\/p>\n<div class=\"wpcf7-response-output wpcf7-display-none\"><\/div><\/form><\/div><\/div>\n<h2>&nbsp;<\/h2>\n<div class=\"grid_4 alpha\"><h2>Kde n\u00e1s najdete<\/h2>\n<p><iframe loading=\"lazy\" src=\"https:\/\/maps.google.com\/maps?f=d&amp;source=s_d&amp;saddr=Pension+Konopi%C5%A1t%C4%9B,+Konopi%C5%A1t%C4%9B+30,+256+01+Bene%C5%A1ov,+%C4%8Cesk%C3%A1+republika&amp;daddr=&amp;hl=cs&amp;geocode=CS0aGYfRbOGFFbig9wIdRKbfAClhn86khn8MRzGHAgTMyGPrLg&amp;sll=49.784645,14.656878&amp;sspn=0.047659,0.076303&amp;mra=mift&amp;ie=UTF8&amp;t=m&amp;ll=49.784645,14.656878&amp;spn=0.047659,0.076303&amp;output=embed\" width=\"425\" height=\"350\" frameborder=\"0\" marginwidth=\"0\" marginheight=\"0\" scrolling=\"no\"><\/iframe> <small><a style=\"color: #0000ff; text-align: left;\" href=\"https:\/\/maps.google.com\/maps?f=d&amp;source=embed&amp;saddr=Pension+Konopi%C5%A1t%C4%9B,+Konopi%C5%A1t%C4%9B+30,+256+01+Bene%C5%A1ov,+%C4%8Cesk%C3%A1+republika&amp;daddr=&amp;hl=cs&amp;geocode=CS0aGYfRbOGFFbig9wIdRKbfAClhn86khn8MRzGHAgTMyGPrLg&amp;sll=49.784645,14.656878&amp;sspn=0.047659,0.076303&amp;mra=mift&amp;ie=UTF8&amp;t=m&amp;ll=49.784645,14.656878&amp;spn=0.047659,0.076303\">Zv\u011bt\u0161it mapu<\/a><\/small><\/div>\n","protected":false},"excerpt":{"rendered":"<p>&nbsp;<\/p>\n","protected":false},"author":1,"featured_media":0,"parent":0,"menu_order":6,"comment_status":"closed","ping_status":"closed","template":"page-fullwidth.php","meta":{"ngg_post_thumbnail":0,"footnotes":""},"class_list":["post-14","page","type-page","status-publish","hentry"],"translation":{"provider":"WPGlobus","version":"3.0.0","language":"de","enabled_languages":["cz","en","de"],"languages":{"cz":{"title":true,"content":true,"excerpt":false},"en":{"title":false,"content":true,"excerpt":false},"de":{"title":false,"content":false,"excerpt":false}}},"_links":{"self":[{"href":"https:\/\/www.penzion-konopiste.cz\/de\/wp-json\/wp\/v2\/pages\/14","targetHints":{"allow":["GET"]}}],"collection":[{"href":"https:\/\/www.penzion-konopiste.cz\/de\/wp-json\/wp\/v2\/pages"}],"about":[{"href":"https:\/\/www.penzion-konopiste.cz\/de\/wp-json\/wp\/v2\/types\/page"}],"author":[{"embeddable":true,"href":"https:\/\/www.penzion-konopiste.cz\/de\/wp-json\/wp\/v2\/users\/1"}],"replies":[{"embeddable":true,"href":"https:\/\/www.penzion-konopiste.cz\/de\/wp-json\/wp\/v2\/comments?post=14"}],"version-history":[{"count":88,"href":"https:\/\/www.penzion-konopiste.cz\/de\/wp-json\/wp\/v2\/pages\/14\/revisions"}],"predecessor-version":[{"id":3811,"href":"https:\/\/www.penzion-konopiste.cz\/de\/wp-json\/wp\/v2\/pages\/14\/revisions\/3811"}],"wp:attachment":[{"href":"https:\/\/www.penzion-konopiste.cz\/de\/wp-json\/wp\/v2\/media?parent=14"}],"curies":[{"name":"wp","href":"https:\/\/api.w.org\/{rel}","templated":true}]}}