{"id":1996,"date":"2014-11-05T08:21:41","date_gmt":"2014-11-05T08:21:41","guid":{"rendered":"http:\/\/www.penzion-konopiste.cz\/?page_id=1996"},"modified":"2015-03-23T14:11:19","modified_gmt":"2015-03-23T14:11:19","slug":"rodiny","status":"publish","type":"page","link":"https:\/\/www.penzion-konopiste.cz\/de\/rodiny\/","title":{"rendered":"Rodiny"},"content":{"rendered":"<div class=\"grid_11 alpha\"><h2><strong>V\u0161e pro Va\u0161e d\u011bti<\/strong><\/h2>\n<p><a href=\"http:\/\/www.penzion-konopiste.cz\/wp-content\/uploads\/2011\/09\/PIC-06.jpg\"><img loading=\"lazy\" decoding=\"async\" class=\"alignleft wp-image-1035 size-full\" src=\"http:\/\/www.penzion-konopiste.cz\/wp-content\/uploads\/2011\/09\/PIC-06.jpg\" alt=\"\" width=\"239\" height=\"173\" \/><\/a><\/p>\n<p style=\"color: #4c4946; text-align: justify;\">Va\u0161e d\u011bti jsou v na\u0161em Baby friendly pensionu nejv\u00e1\u017een\u011bj\u0161\u00edmi z\u00e1kazn\u00edky. Sami m\u00e1me d\u011bti a v\u00edme, \u017ee kdy\u017e se d\u011bti nenud\u00ed, m\u016f\u017eeme my rodi\u010de relaxovat \u2026<\/p>\n<p style=\"color: #4c4946; text-align: justify;\">Po p\u0159edchoz\u00ed domluv\u011b si lze za poplatek zap\u016fj\u010dit kola s d\u011btsk\u00fdmi seda\u010dkami \u010di kolob\u011b\u017eky. Pro hosty pensionu a jejich d\u011bti je zdarma k dispozici 18ti jamkov\u00e9 Discgolf h\u0159i\u0161t\u011b Konopi\u0161t\u011b (v\u00edce informac\u00ed na\u00a0<a style=\"color: #ab710a;\" href=\"http:\/\/www.pension-konopiste.cz\/www.konopiste.eu\">www.konopiste.eu<\/a>). U pensionu je i tr\u00e9ninkov\u00fd discgolf driving range.<\/p>\n<p style=\"color: #4c4946;\"><!-- index.php -->\n<div\n\tclass=\"ngg-galleryoverview\n\t ngg-ajax-pagination-none\t\"\n\tid=\"ngg-gallery-5f1a280f30b26c6beffb93e55c3092c2-1\">\n\n\t\t\t<!-- Thumbnails -->\n\t\t\t\t<div id=\"ngg-image-0\" class=\"ngg-gallery-thumbnail-box\"\n\t\t\t\t\t\t\t\t\t\t\t>\n\t\t\t\t\t\t<div class=\"ngg-gallery-thumbnail\">\n\t\t\t<a href=\"https:\/\/www.penzion-konopiste.cz\/wp-content\/gallery\/hriste\/trampol%C3%ADna-2.jpg\"\n\t\t\t\ttitle=\"\"\n\t\t\t\tdata-src=\"https:\/\/www.penzion-konopiste.cz\/wp-content\/gallery\/hriste\/trampol%C3%ADna-2.jpg\"\n\t\t\t\tdata-thumbnail=\"https:\/\/www.penzion-konopiste.cz\/wp-content\/gallery\/hriste\/thumbs\/thumbs_trampol%C3%ADna-2.jpg\"\n\t\t\t\tdata-image-id=\"230\"\n\t\t\t\tdata-title=\"trampol\u00edna 2\"\n\t\t\t\tdata-description=\"\"\n\t\t\t\tdata-image-slug=\"trampol%c3%adna-2-1\"\n\t\t\t\tclass=\"ngg-fancybox\" rel=\"5f1a280f30b26c6beffb93e55c3092c2\">\n\t\t\t\t<img\n\t\t\t\t\ttitle=\"trampol\u00edna 2\"\n\t\t\t\t\talt=\"trampol\u00edna 2\"\n\t\t\t\t\tsrc=\"https:\/\/www.penzion-konopiste.cz\/wp-content\/gallery\/hriste\/thumbs\/thumbs_trampol%C3%ADna-2.jpg\"\n\t\t\t\t\twidth=\"120\"\n\t\t\t\t\theight=\"90\"\n\t\t\t\t\tstyle=\"max-width:100%;\"\n\t\t\t\t\/>\n\t\t\t<\/a>\n\t\t<\/div>\n\t\t\t\t\t\t\t<\/div>\n\t\t\t\n\t\t\n\t\t\t\t<div id=\"ngg-image-1\" class=\"ngg-gallery-thumbnail-box\"\n\t\t\t\t\t\t\t\t\t\t\t>\n\t\t\t\t\t\t<div class=\"ngg-gallery-thumbnail\">\n\t\t\t<a href=\"https:\/\/www.penzion-konopiste.cz\/wp-content\/gallery\/hriste\/025.jpg\"\n\t\t\t\ttitle=\" \"\n\t\t\t\tdata-src=\"https:\/\/www.penzion-konopiste.cz\/wp-content\/gallery\/hriste\/025.jpg\"\n\t\t\t\tdata-thumbnail=\"https:\/\/www.penzion-konopiste.cz\/wp-content\/gallery\/hriste\/thumbs\/thumbs_025.jpg\"\n\t\t\t\tdata-image-id=\"232\"\n\t\t\t\tdata-title=\"_025\"\n\t\t\t\tdata-description=\" \"\n\t\t\t\tdata-image-slug=\"_025\"\n\t\t\t\tclass=\"ngg-fancybox\" rel=\"5f1a280f30b26c6beffb93e55c3092c2\">\n\t\t\t\t<img\n\t\t\t\t\ttitle=\"_025\"\n\t\t\t\t\talt=\"_025\"\n\t\t\t\t\tsrc=\"https:\/\/www.penzion-konopiste.cz\/wp-content\/gallery\/hriste\/thumbs\/thumbs_025.jpg\"\n\t\t\t\t\twidth=\"120\"\n\t\t\t\t\theight=\"90\"\n\t\t\t\t\tstyle=\"max-width:100%;\"\n\t\t\t\t\/>\n\t\t\t<\/a>\n\t\t<\/div>\n\t\t\t\t\t\t\t<\/div>\n\t\t\t\n\t\t\n\t\t\t\t<div id=\"ngg-image-2\" class=\"ngg-gallery-thumbnail-box\"\n\t\t\t\t\t\t\t\t\t\t\t>\n\t\t\t\t\t\t<div class=\"ngg-gallery-thumbnail\">\n\t\t\t<a href=\"https:\/\/www.penzion-konopiste.cz\/wp-content\/gallery\/hriste\/DSCN0668.JPG\"\n\t\t\t\ttitle=\" \"\n\t\t\t\tdata-src=\"https:\/\/www.penzion-konopiste.cz\/wp-content\/gallery\/hriste\/DSCN0668.JPG\"\n\t\t\t\tdata-thumbnail=\"https:\/\/www.penzion-konopiste.cz\/wp-content\/gallery\/hriste\/thumbs\/thumbs_DSCN0668.JPG\"\n\t\t\t\tdata-image-id=\"279\"\n\t\t\t\tdata-title=\"DSCN0668\"\n\t\t\t\tdata-description=\" \"\n\t\t\t\tdata-image-slug=\"dscn0668-2\"\n\t\t\t\tclass=\"ngg-fancybox\" rel=\"5f1a280f30b26c6beffb93e55c3092c2\">\n\t\t\t\t<img\n\t\t\t\t\ttitle=\"DSCN0668\"\n\t\t\t\t\talt=\"DSCN0668\"\n\t\t\t\t\tsrc=\"https:\/\/www.penzion-konopiste.cz\/wp-content\/gallery\/hriste\/thumbs\/thumbs_DSCN0668.JPG\"\n\t\t\t\t\twidth=\"120\"\n\t\t\t\t\theight=\"90\"\n\t\t\t\t\tstyle=\"max-width:100%;\"\n\t\t\t\t\/>\n\t\t\t<\/a>\n\t\t<\/div>\n\t\t\t\t\t\t\t<\/div>\n\t\t\t\n\t\t\n\t\t\t\t<div id=\"ngg-image-3\" class=\"ngg-gallery-thumbnail-box\"\n\t\t\t\t\t\t\t\t\t\t\t>\n\t\t\t\t\t\t<div class=\"ngg-gallery-thumbnail\">\n\t\t\t<a href=\"https:\/\/www.penzion-konopiste.cz\/wp-content\/gallery\/hriste\/DSCN0670.JPG\"\n\t\t\t\ttitle=\" \"\n\t\t\t\tdata-src=\"https:\/\/www.penzion-konopiste.cz\/wp-content\/gallery\/hriste\/DSCN0670.JPG\"\n\t\t\t\tdata-thumbnail=\"https:\/\/www.penzion-konopiste.cz\/wp-content\/gallery\/hriste\/thumbs\/thumbs_DSCN0670.JPG\"\n\t\t\t\tdata-image-id=\"280\"\n\t\t\t\tdata-title=\"DSCN0670\"\n\t\t\t\tdata-description=\" \"\n\t\t\t\tdata-image-slug=\"dscn0670-2\"\n\t\t\t\tclass=\"ngg-fancybox\" rel=\"5f1a280f30b26c6beffb93e55c3092c2\">\n\t\t\t\t<img\n\t\t\t\t\ttitle=\"DSCN0670\"\n\t\t\t\t\talt=\"DSCN0670\"\n\t\t\t\t\tsrc=\"https:\/\/www.penzion-konopiste.cz\/wp-content\/gallery\/hriste\/thumbs\/thumbs_DSCN0670.JPG\"\n\t\t\t\t\twidth=\"120\"\n\t\t\t\t\theight=\"90\"\n\t\t\t\t\tstyle=\"max-width:100%;\"\n\t\t\t\t\/>\n\t\t\t<\/a>\n\t\t<\/div>\n\t\t\t\t\t\t\t<\/div>\n\t\t\t\n\t\t\n\t\t\n\t\t<!-- Pagination -->\n\t\t<div class='ngg-clear'><\/div>\t<\/div>\n<\/p>\n<p style=\"color: #4c4946; text-align: justify;\">P\u0159ed pensionem je velk\u00e9 d\u011btsk\u00e9 h\u0159i\u0161t\u011b vybaven\u00e9 houpa\u010dkami, skluzavkami, p\u00edskovi\u0161t\u011bm, koloto\u010dem, nejbezpe\u010dn\u011bj\u0161\u00ed sv\u011btovou trampol\u00ednou Springfree, provazolezen\u00edm. S d\u011btmi si m\u016f\u017eete zahr\u00e1t petanque, kroket, velk\u00e9 zahradn\u00ed \u0161achy \u010di kuli\u010dky.<\/p>\n<p style=\"color: #4c4946; text-align: justify;\">Nedaleko pensionu je ob\u016frka s muflony, da\u0148ky a jeleny a samoz\u0159ejm\u011b medv\u011bd\u00e1rium medv\u011bda Ji\u0159\u00edho. Prohl\u00eddka muzea motocykl\u016f Konopi\u0161t\u011b i Netvo\u0159ice je pro hosty a d\u011bti pensionu zdarma.<\/p>\n<p><strong>Zdarma k zap\u016fj\u010den\u00ed nab\u00edz\u00edme<\/strong><\/p>\n<ul>\n<li>ch\u016fvi\u010dku<\/li>\n<li>d\u011btskou post\u00fdlku s pe\u0159inkami<\/li>\n<li>p\u0159ebalovac\u00ed podlo\u017eku<\/li>\n<li>vani\u010dku, koupac\u00ed kybl\u00edk<\/li>\n<li>no\u010dn\u00edk, d\u011btsk\u00e9 prk\u00e9nko, stup\u00e1tko k umyvadlu<\/li>\n<li>WIFI free, pro star\u0161\u00ed d\u011bti s mo\u017enost\u00ed zap\u016fj\u010den\u00ed Google booku<\/li>\n<li>hry, hra\u010dky<\/li>\n<li>PC s poh\u00e1dkami<\/li>\n<li>d\u011btsk\u00fd de\u0161tn\u00ed\u010dek<\/li>\n<li>\u0161lapac\u00ed t\u0159\u00edkolku, aut\u00ed\u010dko<\/li>\n<li>z\u00e1kladn\u00ed d\u011btskou l\u00e9k\u00e1rni\u010dku<\/li>\n<li>ohni\u0161t\u011b na op\u00e9k\u00e1n\u00ed bu\u0159t\u00edk\u016f \u010di grilov\u00e1n\u00ed<\/li>\n<\/ul>\n<p><!-- index.php -->\n<div\n\tclass=\"ngg-galleryoverview\n\t ngg-ajax-pagination-none\t\"\n\tid=\"ngg-gallery-3494f28d9f9e818e7530b0e2749ed2b8-1\">\n\n\t\t\t<!-- Thumbnails -->\n\t\t\t\t<div id=\"ngg-image-0\" class=\"ngg-gallery-thumbnail-box\"\n\t\t\t\t\t\t\t\t\t\t\t>\n\t\t\t\t\t\t<div class=\"ngg-gallery-thumbnail\">\n\t\t\t<a href=\"https:\/\/www.penzion-konopiste.cz\/wp-content\/gallery\/rodiny\/prebalovak.jpg\"\n\t\t\t\ttitle=\"\"\n\t\t\t\tdata-src=\"https:\/\/www.penzion-konopiste.cz\/wp-content\/gallery\/rodiny\/prebalovak.jpg\"\n\t\t\t\tdata-thumbnail=\"https:\/\/www.penzion-konopiste.cz\/wp-content\/gallery\/rodiny\/thumbs\/thumbs_prebalovak.jpg\"\n\t\t\t\tdata-image-id=\"282\"\n\t\t\t\tdata-title=\"prebalovak\"\n\t\t\t\tdata-description=\"\"\n\t\t\t\tdata-image-slug=\"prebalovak\"\n\t\t\t\tclass=\"ngg-fancybox\" rel=\"3494f28d9f9e818e7530b0e2749ed2b8\">\n\t\t\t\t<img\n\t\t\t\t\ttitle=\"prebalovak\"\n\t\t\t\t\talt=\"prebalovak\"\n\t\t\t\t\tsrc=\"https:\/\/www.penzion-konopiste.cz\/wp-content\/gallery\/rodiny\/thumbs\/thumbs_prebalovak.jpg\"\n\t\t\t\t\twidth=\"120\"\n\t\t\t\t\theight=\"90\"\n\t\t\t\t\tstyle=\"max-width:100%;\"\n\t\t\t\t\/>\n\t\t\t<\/a>\n\t\t<\/div>\n\t\t\t\t\t\t\t<\/div>\n\t\t\t\n\t\t\n\t\t\t\t<div id=\"ngg-image-1\" class=\"ngg-gallery-thumbnail-box\"\n\t\t\t\t\t\t\t\t\t\t\t>\n\t\t\t\t\t\t<div class=\"ngg-gallery-thumbnail\">\n\t\t\t<a href=\"https:\/\/www.penzion-konopiste.cz\/wp-content\/gallery\/rodiny\/postylka.jpg\"\n\t\t\t\ttitle=\" \"\n\t\t\t\tdata-src=\"https:\/\/www.penzion-konopiste.cz\/wp-content\/gallery\/rodiny\/postylka.jpg\"\n\t\t\t\tdata-thumbnail=\"https:\/\/www.penzion-konopiste.cz\/wp-content\/gallery\/rodiny\/thumbs\/thumbs_postylka.jpg\"\n\t\t\t\tdata-image-id=\"283\"\n\t\t\t\tdata-title=\"postylka\"\n\t\t\t\tdata-description=\" \"\n\t\t\t\tdata-image-slug=\"postylka\"\n\t\t\t\tclass=\"ngg-fancybox\" rel=\"3494f28d9f9e818e7530b0e2749ed2b8\">\n\t\t\t\t<img\n\t\t\t\t\ttitle=\"postylka\"\n\t\t\t\t\talt=\"postylka\"\n\t\t\t\t\tsrc=\"https:\/\/www.penzion-konopiste.cz\/wp-content\/gallery\/rodiny\/thumbs\/thumbs_postylka.jpg\"\n\t\t\t\t\twidth=\"120\"\n\t\t\t\t\theight=\"90\"\n\t\t\t\t\tstyle=\"max-width:100%;\"\n\t\t\t\t\/>\n\t\t\t<\/a>\n\t\t<\/div>\n\t\t\t\t\t\t\t<\/div>\n\t\t\t\n\t\t\n\t\t\t\t<div id=\"ngg-image-2\" class=\"ngg-gallery-thumbnail-box\"\n\t\t\t\t\t\t\t\t\t\t\t>\n\t\t\t\t\t\t<div class=\"ngg-gallery-thumbnail\">\n\t\t\t<a href=\"https:\/\/www.penzion-konopiste.cz\/wp-content\/gallery\/rodiny\/nocnik.jpg\"\n\t\t\t\ttitle=\" \"\n\t\t\t\tdata-src=\"https:\/\/www.penzion-konopiste.cz\/wp-content\/gallery\/rodiny\/nocnik.jpg\"\n\t\t\t\tdata-thumbnail=\"https:\/\/www.penzion-konopiste.cz\/wp-content\/gallery\/rodiny\/thumbs\/thumbs_nocnik.jpg\"\n\t\t\t\tdata-image-id=\"284\"\n\t\t\t\tdata-title=\"nocnik\"\n\t\t\t\tdata-description=\" \"\n\t\t\t\tdata-image-slug=\"nocnik\"\n\t\t\t\tclass=\"ngg-fancybox\" rel=\"3494f28d9f9e818e7530b0e2749ed2b8\">\n\t\t\t\t<img\n\t\t\t\t\ttitle=\"nocnik\"\n\t\t\t\t\talt=\"nocnik\"\n\t\t\t\t\tsrc=\"https:\/\/www.penzion-konopiste.cz\/wp-content\/gallery\/rodiny\/thumbs\/thumbs_nocnik.jpg\"\n\t\t\t\t\twidth=\"120\"\n\t\t\t\t\theight=\"90\"\n\t\t\t\t\tstyle=\"max-width:100%;\"\n\t\t\t\t\/>\n\t\t\t<\/a>\n\t\t<\/div>\n\t\t\t\t\t\t\t<\/div>\n\t\t\t\n\t\t\n\t\t\t\t<div id=\"ngg-image-3\" class=\"ngg-gallery-thumbnail-box\"\n\t\t\t\t\t\t\t\t\t\t\t>\n\t\t\t\t\t\t<div class=\"ngg-gallery-thumbnail\">\n\t\t\t<a href=\"https:\/\/www.penzion-konopiste.cz\/wp-content\/gallery\/rodiny\/odrazedlo.jpg\"\n\t\t\t\ttitle=\" \"\n\t\t\t\tdata-src=\"https:\/\/www.penzion-konopiste.cz\/wp-content\/gallery\/rodiny\/odrazedlo.jpg\"\n\t\t\t\tdata-thumbnail=\"https:\/\/www.penzion-konopiste.cz\/wp-content\/gallery\/rodiny\/thumbs\/thumbs_odrazedlo.jpg\"\n\t\t\t\tdata-image-id=\"285\"\n\t\t\t\tdata-title=\"odrazedlo\"\n\t\t\t\tdata-description=\" \"\n\t\t\t\tdata-image-slug=\"odrazedlo\"\n\t\t\t\tclass=\"ngg-fancybox\" rel=\"3494f28d9f9e818e7530b0e2749ed2b8\">\n\t\t\t\t<img\n\t\t\t\t\ttitle=\"odrazedlo\"\n\t\t\t\t\talt=\"odrazedlo\"\n\t\t\t\t\tsrc=\"https:\/\/www.penzion-konopiste.cz\/wp-content\/gallery\/rodiny\/thumbs\/thumbs_odrazedlo.jpg\"\n\t\t\t\t\twidth=\"120\"\n\t\t\t\t\theight=\"90\"\n\t\t\t\t\tstyle=\"max-width:100%;\"\n\t\t\t\t\/>\n\t\t\t<\/a>\n\t\t<\/div>\n\t\t\t\t\t\t\t<\/div>\n\t\t\t\n\t\t\n\t\t\t\t<div id=\"ngg-image-4\" class=\"ngg-gallery-thumbnail-box\"\n\t\t\t\t\t\t\t\t\t\t\t>\n\t\t\t\t\t\t<div class=\"ngg-gallery-thumbnail\">\n\t\t\t<a href=\"https:\/\/www.penzion-konopiste.cz\/wp-content\/gallery\/rodiny\/teplomer.jpg\"\n\t\t\t\ttitle=\" \"\n\t\t\t\tdata-src=\"https:\/\/www.penzion-konopiste.cz\/wp-content\/gallery\/rodiny\/teplomer.jpg\"\n\t\t\t\tdata-thumbnail=\"https:\/\/www.penzion-konopiste.cz\/wp-content\/gallery\/rodiny\/thumbs\/thumbs_teplomer.jpg\"\n\t\t\t\tdata-image-id=\"289\"\n\t\t\t\tdata-title=\"teplomer\"\n\t\t\t\tdata-description=\" \"\n\t\t\t\tdata-image-slug=\"teplomer\"\n\t\t\t\tclass=\"ngg-fancybox\" rel=\"3494f28d9f9e818e7530b0e2749ed2b8\">\n\t\t\t\t<img\n\t\t\t\t\ttitle=\"teplomer\"\n\t\t\t\t\talt=\"teplomer\"\n\t\t\t\t\tsrc=\"https:\/\/www.penzion-konopiste.cz\/wp-content\/gallery\/rodiny\/thumbs\/thumbs_teplomer.jpg\"\n\t\t\t\t\twidth=\"120\"\n\t\t\t\t\theight=\"90\"\n\t\t\t\t\tstyle=\"max-width:100%;\"\n\t\t\t\t\/>\n\t\t\t<\/a>\n\t\t<\/div>\n\t\t\t\t\t\t\t<\/div>\n\t\t\t\n\t\t\n\t\t\n\t\t<!-- Pagination -->\n\t\t<div class='ngg-clear'><\/div>\t<\/div>\n<\/p>\n<div class=\"spacer\"><!-- --><\/div>\n<h2><\/h2><\/div> <div class=\"grid_4 prefix_1 omega\"><h2>Kam na v\u00fdlet<\/h2>\n<dl>\n<dt><\/dt>\n<dt><a href=\"http:\/\/www.ekovlacekbenesov.cz\/\" target=\"_blank\">Ekovl\u00e1\u010dkem z Bene\u0161ova na Konopi\u0161t\u011b<\/a><\/dt>\n<dd>V pr\u016fb\u011bhu cel\u00e9 sez\u00f3ny se s d\u011btmi m\u016f\u017eete vydat vl\u00e1\u010dkem na v\u00fdlet do Bene\u0161ova a zp\u011bt na Konopi\u0161t\u011b. Na\u0161e recep\u010dn\u00ed V\u00e1m poskytnou v\u0161echny pot\u0159ebn\u00e9 informace v\u010detn\u011b j\u00edzdn\u00edho \u0159\u00e1du.<\/dd>\n<dt><a href=\"http:\/\/www.benesov-city.cz\/vismo\/dokumenty2.asp?id=16739\" target=\"_blank\">D\u011btsk\u00e1 nau\u010dn\u00e1 stezka &#8220;S medem za medv\u011bdem&#8221;<\/a><\/dt>\n<dd>Chcete si u\u017e\u00edt dobrodru\u017en\u00fd prima den se sv\u00fdmi d\u011btmi? Nev\u00e1hejte a vyra\u017ete na d\u011btskou stezku, kter\u00e1 je pro d\u011bti dopln\u011bna kv\u00edzy a r\u00e9busy a na konci na n\u011b \u010dek\u00e1 poklad.<\/dd>\n<dt><a href=\"http:\/\/www.farmablanik.cz\/\" target=\"_blank\">Za zv\u00ed\u0159\u00e1tky na farmu Blan\u00edk<\/a><\/dt>\n<dt><\/dt>\n<dd>25km vzd\u00e1len\u00e9 Farma Blan\u00edk nab\u00edz\u00ed des\u00edtky d\u011btsk\u00fdch her, atrakc\u00ed a v\u00fdb\u011bh\u016f se zv\u00ed\u0159\u00e1tky. V are\u00e1lu se nach\u00e1z\u00ed zahradn\u00ed restaurace i levn\u00e9 samoobslu\u017en\u00e9 ob\u010derstven\u00ed.<\/dd>\n<dt><a href=\"http:\/\/www.favory.cz\/cs\/pro-deti\/\">Barokn\u00ed statek Benice<\/a><\/dt>\n<dd>Pouze 8km vzd\u00e1len\u00fd statek Benice\u00a0p\u0159ipravil pro v\u0161echny milovn\u00edky zv\u00ed\u0159at minizoo, kterou si jist\u011b obl\u00edb\u00ed p\u0159edev\u0161\u00edm d\u011bti, ale i dosp\u011bl\u00ed.<\/dd>\n<\/dl>\n<dl>\n<dt><a href=\"http:\/\/www.vlrz.cz\/index.php?s=cs-ME-wellness-87\">Aquacentrum M\u011b\u0159\u00edn<\/a><\/dt>\n<dd>Zde naleznete 25\u00a0m dlouh\u00fd,vyh\u0159\u00edvan\u00fd baz\u00e9n, tobog\u00e1n, whirlpool pro deset osob, baz\u00e9nek s\u00a0mas\u00e1\u017en\u00edmi proudy a vodop\u00e1dy, protiproud a d\u011btsk\u00e9 brouzdali\u0161t\u011b.<\/dd>\n<\/dl>\n<dl>\n<dt><\/dt>\n<\/dl>\n<p>&nbsp;<\/p><\/div>\n","protected":false},"excerpt":{"rendered":"","protected":false},"author":1,"featured_media":0,"parent":0,"menu_order":0,"comment_status":"open","ping_status":"open","template":"page-fullwidth.php","meta":{"ngg_post_thumbnail":0,"footnotes":""},"class_list":["post-1996","page","type-page","status-publish","hentry"],"translation":{"provider":"WPGlobus","version":"3.0.0","language":"de","enabled_languages":["cz","en","de"],"languages":{"cz":{"title":true,"content":true,"excerpt":false},"en":{"title":false,"content":false,"excerpt":false},"de":{"title":false,"content":false,"excerpt":false}}},"_links":{"self":[{"href":"https:\/\/www.penzion-konopiste.cz\/de\/wp-json\/wp\/v2\/pages\/1996","targetHints":{"allow":["GET"]}}],"collection":[{"href":"https:\/\/www.penzion-konopiste.cz\/de\/wp-json\/wp\/v2\/pages"}],"about":[{"href":"https:\/\/www.penzion-konopiste.cz\/de\/wp-json\/wp\/v2\/types\/page"}],"author":[{"embeddable":true,"href":"https:\/\/www.penzion-konopiste.cz\/de\/wp-json\/wp\/v2\/users\/1"}],"replies":[{"embeddable":true,"href":"https:\/\/www.penzion-konopiste.cz\/de\/wp-json\/wp\/v2\/comments?post=1996"}],"version-history":[{"count":21,"href":"https:\/\/www.penzion-konopiste.cz\/de\/wp-json\/wp\/v2\/pages\/1996\/revisions"}],"predecessor-version":[{"id":2566,"href":"https:\/\/www.penzion-konopiste.cz\/de\/wp-json\/wp\/v2\/pages\/1996\/revisions\/2566"}],"wp:attachment":[{"href":"https:\/\/www.penzion-konopiste.cz\/de\/wp-json\/wp\/v2\/media?parent=1996"}],"curies":[{"name":"wp","href":"https:\/\/api.w.org\/{rel}","templated":true}]}}