{"id":2008,"date":"2014-11-05T10:21:14","date_gmt":"2014-11-05T10:21:14","guid":{"rendered":"http:\/\/www.penzion-konopiste.cz\/?page_id=2008"},"modified":"2022-11-23T14:07:28","modified_gmt":"2022-11-23T14:07:28","slug":"friendly","status":"publish","type":"page","link":"https:\/\/www.penzion-konopiste.cz\/de\/friendly\/","title":{"rendered":"friendly"},"content":{"rendered":"<div class=\"grid_11 alpha\"><\/div>\n<h2>&nbsp;<\/h2>\n<h2><span style=\"color: #000000;\"><strong><span style=\"font-weight: 400;\">Alles f\u00fcr Ihre Kinder<\/span><\/strong><\/span><\/h2>\n<h6><img loading=\"lazy\" decoding=\"async\" class=\"alignleft wp-image-1035 \" src=\"http:\/\/www.penzion-konopiste.cz\/wp-content\/uploads\/2011\/09\/PIC-06.jpg\" alt=\"\" width=\"192\" height=\"139\"><\/h6>\n<p style=\"text-align: justify;\"><span style=\"font-weight: 400;\">Ihre Kinder sind die liebste Kunden in unserem Familienpension. Wir haben selbst kleine Kinder und wir wissen, dass wir Eltern uns entspannen k\u00f6nnen, wenn die Kinder nicht gelangweilt sind.<\/span><\/p>\n<p style=\"text-align: justify;\"><span style=\"font-weight: 400;\">Im nat\u00fcrlichen Bereich der Pension haben wir einen gro\u00dfen Spielplatz mit Rutschen, Karussell, Schaukeln, Sandkasten und dem sichersten Trampolin Springfree. Mit Kindern k\u00f6nnen Sie kostenlos Tischtennis, Badminton, Petanque, Krocket und Gartenschach spielen. In der Nachbarschaft haben wir einen Discgolf Platz gebaut und Sie k\u00f6nnen auch Roller mieten und eine Fahrt durch den Schlosspark machen. Vergessen Sie nicht, unser Museum f\u00fcr historische Motorr\u00e4der zu besuchen, das sich im Geb\u00e4ude der Pension befindet und dessen Besuch unsere G\u00e4ste im Preis inbegriffen haben.<\/span><\/p>\n<p><span style=\"font-weight: 400;\">Wir bieten kostenlose Ausleihe<\/span><\/p>\n<ul style=\"list-style-type: disc;\">\n<li><span style=\"font-weight: 400;\">Kinderbett<\/span><\/li>\n<li><span style=\"font-weight: 400;\">Kinderstuhl<\/span><\/li>\n<li><span style=\"font-weight: 400;\">T\u00f6pfchen<\/span><\/li>\n<li><span style=\"font-weight: 400;\">Schritt zum Sinken<\/span><\/li>\n<li><span style=\"font-weight: 400;\">Babywanne oder Eimer<\/span><\/li>\n<li><span style=\"font-weight: 400;\">Spiele und Spielzeug<\/span><\/li>\n<\/ul>\n<p><span style=\"font-weight: 400;\">Es gibt auch einen Kamin, in dem Sie mit Kindern W\u00fcrstchen braten.&nbsp;<\/span><\/p>\n<p><span style=\"font-weight: 400;\">In der N\u00e4he der Pension befindet sich auch ein Wildpark mit Mufflons, Damwild und Hirschen. Vergessen Sie nat\u00fcrlich nicht, den B\u00e4ren Ji\u0159\u00ed zu besuchen, der sein K\u00f6nigreich direkt am Schloss hat.<\/span><\/p>\n<p><!-- index.php -->\n<div\n\tclass=\"ngg-galleryoverview\n\t ngg-ajax-pagination-none\t\"\n\tid=\"ngg-gallery-6f14ce3ea29348c80a5ce6560bc5a678-1\">\n\n\t\t\t<!-- Thumbnails -->\n\t\t\t\t<div id=\"ngg-image-0\" class=\"ngg-gallery-thumbnail-box\"\n\t\t\t\t\t\t\t\t\t\t\t>\n\t\t\t\t\t\t<div class=\"ngg-gallery-thumbnail\">\n\t\t\t<a href=\"https:\/\/www.penzion-konopiste.cz\/wp-content\/gallery\/friendly\/hriste.jpg\"\n\t\t\t\ttitle=\"\"\n\t\t\t\tdata-src=\"https:\/\/www.penzion-konopiste.cz\/wp-content\/gallery\/friendly\/hriste.jpg\"\n\t\t\t\tdata-thumbnail=\"https:\/\/www.penzion-konopiste.cz\/wp-content\/gallery\/friendly\/thumbs\/thumbs_hriste.jpg\"\n\t\t\t\tdata-image-id=\"287\"\n\t\t\t\tdata-title=\"hriste\"\n\t\t\t\tdata-description=\"\"\n\t\t\t\tdata-image-slug=\"hriste\"\n\t\t\t\tclass=\"ngg-fancybox\" rel=\"6f14ce3ea29348c80a5ce6560bc5a678\">\n\t\t\t\t<img\n\t\t\t\t\ttitle=\"hriste\"\n\t\t\t\t\talt=\"hriste\"\n\t\t\t\t\tsrc=\"https:\/\/www.penzion-konopiste.cz\/wp-content\/gallery\/friendly\/thumbs\/thumbs_hriste.jpg\"\n\t\t\t\t\twidth=\"120\"\n\t\t\t\t\theight=\"90\"\n\t\t\t\t\tstyle=\"max-width:100%;\"\n\t\t\t\t\/>\n\t\t\t<\/a>\n\t\t<\/div>\n\t\t\t\t\t\t\t<\/div>\n\t\t\t\n\t\t\n\t\t\t\t<div id=\"ngg-image-1\" class=\"ngg-gallery-thumbnail-box\"\n\t\t\t\t\t\t\t\t\t\t\t>\n\t\t\t\t\t\t<div class=\"ngg-gallery-thumbnail\">\n\t\t\t<a href=\"https:\/\/www.penzion-konopiste.cz\/wp-content\/gallery\/friendly\/trampolina.jpg\"\n\t\t\t\ttitle=\" \"\n\t\t\t\tdata-src=\"https:\/\/www.penzion-konopiste.cz\/wp-content\/gallery\/friendly\/trampolina.jpg\"\n\t\t\t\tdata-thumbnail=\"https:\/\/www.penzion-konopiste.cz\/wp-content\/gallery\/friendly\/thumbs\/thumbs_trampolina.jpg\"\n\t\t\t\tdata-image-id=\"288\"\n\t\t\t\tdata-title=\"trampolina\"\n\t\t\t\tdata-description=\" \"\n\t\t\t\tdata-image-slug=\"trampolina\"\n\t\t\t\tclass=\"ngg-fancybox\" rel=\"6f14ce3ea29348c80a5ce6560bc5a678\">\n\t\t\t\t<img\n\t\t\t\t\ttitle=\"trampolina\"\n\t\t\t\t\talt=\"trampolina\"\n\t\t\t\t\tsrc=\"https:\/\/www.penzion-konopiste.cz\/wp-content\/gallery\/friendly\/thumbs\/thumbs_trampolina.jpg\"\n\t\t\t\t\twidth=\"120\"\n\t\t\t\t\theight=\"90\"\n\t\t\t\t\tstyle=\"max-width:100%;\"\n\t\t\t\t\/>\n\t\t\t<\/a>\n\t\t<\/div>\n\t\t\t\t\t\t\t<\/div>\n\t\t\t\n\t\t\n\t\t\n\t\t<!-- Pagination -->\n\t\t<div class='ngg-clear'><\/div>\t<\/div>\n<\/p>\n<p><!-- index.php -->\n<div\n\tclass=\"ngg-galleryoverview\n\t ngg-ajax-pagination-none\t\"\n\tid=\"ngg-gallery-3494f28d9f9e818e7530b0e2749ed2b8-1\">\n\n\t\t\t<!-- Thumbnails -->\n\t\t\t\t<div id=\"ngg-image-0\" class=\"ngg-gallery-thumbnail-box\"\n\t\t\t\t\t\t\t\t\t\t\t>\n\t\t\t\t\t\t<div class=\"ngg-gallery-thumbnail\">\n\t\t\t<a href=\"https:\/\/www.penzion-konopiste.cz\/wp-content\/gallery\/rodiny\/prebalovak.jpg\"\n\t\t\t\ttitle=\"\"\n\t\t\t\tdata-src=\"https:\/\/www.penzion-konopiste.cz\/wp-content\/gallery\/rodiny\/prebalovak.jpg\"\n\t\t\t\tdata-thumbnail=\"https:\/\/www.penzion-konopiste.cz\/wp-content\/gallery\/rodiny\/thumbs\/thumbs_prebalovak.jpg\"\n\t\t\t\tdata-image-id=\"282\"\n\t\t\t\tdata-title=\"prebalovak\"\n\t\t\t\tdata-description=\"\"\n\t\t\t\tdata-image-slug=\"prebalovak\"\n\t\t\t\tclass=\"ngg-fancybox\" rel=\"3494f28d9f9e818e7530b0e2749ed2b8\">\n\t\t\t\t<img\n\t\t\t\t\ttitle=\"prebalovak\"\n\t\t\t\t\talt=\"prebalovak\"\n\t\t\t\t\tsrc=\"https:\/\/www.penzion-konopiste.cz\/wp-content\/gallery\/rodiny\/thumbs\/thumbs_prebalovak.jpg\"\n\t\t\t\t\twidth=\"120\"\n\t\t\t\t\theight=\"90\"\n\t\t\t\t\tstyle=\"max-width:100%;\"\n\t\t\t\t\/>\n\t\t\t<\/a>\n\t\t<\/div>\n\t\t\t\t\t\t\t<\/div>\n\t\t\t\n\t\t\n\t\t\t\t<div id=\"ngg-image-1\" class=\"ngg-gallery-thumbnail-box\"\n\t\t\t\t\t\t\t\t\t\t\t>\n\t\t\t\t\t\t<div class=\"ngg-gallery-thumbnail\">\n\t\t\t<a href=\"https:\/\/www.penzion-konopiste.cz\/wp-content\/gallery\/rodiny\/postylka.jpg\"\n\t\t\t\ttitle=\" \"\n\t\t\t\tdata-src=\"https:\/\/www.penzion-konopiste.cz\/wp-content\/gallery\/rodiny\/postylka.jpg\"\n\t\t\t\tdata-thumbnail=\"https:\/\/www.penzion-konopiste.cz\/wp-content\/gallery\/rodiny\/thumbs\/thumbs_postylka.jpg\"\n\t\t\t\tdata-image-id=\"283\"\n\t\t\t\tdata-title=\"postylka\"\n\t\t\t\tdata-description=\" \"\n\t\t\t\tdata-image-slug=\"postylka\"\n\t\t\t\tclass=\"ngg-fancybox\" rel=\"3494f28d9f9e818e7530b0e2749ed2b8\">\n\t\t\t\t<img\n\t\t\t\t\ttitle=\"postylka\"\n\t\t\t\t\talt=\"postylka\"\n\t\t\t\t\tsrc=\"https:\/\/www.penzion-konopiste.cz\/wp-content\/gallery\/rodiny\/thumbs\/thumbs_postylka.jpg\"\n\t\t\t\t\twidth=\"120\"\n\t\t\t\t\theight=\"90\"\n\t\t\t\t\tstyle=\"max-width:100%;\"\n\t\t\t\t\/>\n\t\t\t<\/a>\n\t\t<\/div>\n\t\t\t\t\t\t\t<\/div>\n\t\t\t\n\t\t\n\t\t\t\t<div id=\"ngg-image-2\" class=\"ngg-gallery-thumbnail-box\"\n\t\t\t\t\t\t\t\t\t\t\t>\n\t\t\t\t\t\t<div class=\"ngg-gallery-thumbnail\">\n\t\t\t<a href=\"https:\/\/www.penzion-konopiste.cz\/wp-content\/gallery\/rodiny\/nocnik.jpg\"\n\t\t\t\ttitle=\" \"\n\t\t\t\tdata-src=\"https:\/\/www.penzion-konopiste.cz\/wp-content\/gallery\/rodiny\/nocnik.jpg\"\n\t\t\t\tdata-thumbnail=\"https:\/\/www.penzion-konopiste.cz\/wp-content\/gallery\/rodiny\/thumbs\/thumbs_nocnik.jpg\"\n\t\t\t\tdata-image-id=\"284\"\n\t\t\t\tdata-title=\"nocnik\"\n\t\t\t\tdata-description=\" \"\n\t\t\t\tdata-image-slug=\"nocnik\"\n\t\t\t\tclass=\"ngg-fancybox\" rel=\"3494f28d9f9e818e7530b0e2749ed2b8\">\n\t\t\t\t<img\n\t\t\t\t\ttitle=\"nocnik\"\n\t\t\t\t\talt=\"nocnik\"\n\t\t\t\t\tsrc=\"https:\/\/www.penzion-konopiste.cz\/wp-content\/gallery\/rodiny\/thumbs\/thumbs_nocnik.jpg\"\n\t\t\t\t\twidth=\"120\"\n\t\t\t\t\theight=\"90\"\n\t\t\t\t\tstyle=\"max-width:100%;\"\n\t\t\t\t\/>\n\t\t\t<\/a>\n\t\t<\/div>\n\t\t\t\t\t\t\t<\/div>\n\t\t\t\n\t\t\n\t\t\t\t<div id=\"ngg-image-3\" class=\"ngg-gallery-thumbnail-box\"\n\t\t\t\t\t\t\t\t\t\t\t>\n\t\t\t\t\t\t<div class=\"ngg-gallery-thumbnail\">\n\t\t\t<a href=\"https:\/\/www.penzion-konopiste.cz\/wp-content\/gallery\/rodiny\/odrazedlo.jpg\"\n\t\t\t\ttitle=\" \"\n\t\t\t\tdata-src=\"https:\/\/www.penzion-konopiste.cz\/wp-content\/gallery\/rodiny\/odrazedlo.jpg\"\n\t\t\t\tdata-thumbnail=\"https:\/\/www.penzion-konopiste.cz\/wp-content\/gallery\/rodiny\/thumbs\/thumbs_odrazedlo.jpg\"\n\t\t\t\tdata-image-id=\"285\"\n\t\t\t\tdata-title=\"odrazedlo\"\n\t\t\t\tdata-description=\" \"\n\t\t\t\tdata-image-slug=\"odrazedlo\"\n\t\t\t\tclass=\"ngg-fancybox\" rel=\"3494f28d9f9e818e7530b0e2749ed2b8\">\n\t\t\t\t<img\n\t\t\t\t\ttitle=\"odrazedlo\"\n\t\t\t\t\talt=\"odrazedlo\"\n\t\t\t\t\tsrc=\"https:\/\/www.penzion-konopiste.cz\/wp-content\/gallery\/rodiny\/thumbs\/thumbs_odrazedlo.jpg\"\n\t\t\t\t\twidth=\"120\"\n\t\t\t\t\theight=\"90\"\n\t\t\t\t\tstyle=\"max-width:100%;\"\n\t\t\t\t\/>\n\t\t\t<\/a>\n\t\t<\/div>\n\t\t\t\t\t\t\t<\/div>\n\t\t\t\n\t\t\n\t\t\t\t<div id=\"ngg-image-4\" class=\"ngg-gallery-thumbnail-box\"\n\t\t\t\t\t\t\t\t\t\t\t>\n\t\t\t\t\t\t<div class=\"ngg-gallery-thumbnail\">\n\t\t\t<a href=\"https:\/\/www.penzion-konopiste.cz\/wp-content\/gallery\/rodiny\/teplomer.jpg\"\n\t\t\t\ttitle=\" \"\n\t\t\t\tdata-src=\"https:\/\/www.penzion-konopiste.cz\/wp-content\/gallery\/rodiny\/teplomer.jpg\"\n\t\t\t\tdata-thumbnail=\"https:\/\/www.penzion-konopiste.cz\/wp-content\/gallery\/rodiny\/thumbs\/thumbs_teplomer.jpg\"\n\t\t\t\tdata-image-id=\"289\"\n\t\t\t\tdata-title=\"teplomer\"\n\t\t\t\tdata-description=\" \"\n\t\t\t\tdata-image-slug=\"teplomer\"\n\t\t\t\tclass=\"ngg-fancybox\" rel=\"3494f28d9f9e818e7530b0e2749ed2b8\">\n\t\t\t\t<img\n\t\t\t\t\ttitle=\"teplomer\"\n\t\t\t\t\talt=\"teplomer\"\n\t\t\t\t\tsrc=\"https:\/\/www.penzion-konopiste.cz\/wp-content\/gallery\/rodiny\/thumbs\/thumbs_teplomer.jpg\"\n\t\t\t\t\twidth=\"120\"\n\t\t\t\t\theight=\"90\"\n\t\t\t\t\tstyle=\"max-width:100%;\"\n\t\t\t\t\/>\n\t\t\t<\/a>\n\t\t<\/div>\n\t\t\t\t\t\t\t<\/div>\n\t\t\t\n\t\t\n\t\t\n\t\t<!-- Pagination -->\n\t\t<div class='ngg-clear'><\/div>\t<\/div>\n<\/p>\n<h6><img loading=\"lazy\" decoding=\"async\" class=\"alignright wp-image-1032\" src=\"http:\/\/www.penzion-konopiste.cz\/wp-content\/uploads\/2011\/09\/PIC-03.jpg\" alt=\"\" width=\"201\" height=\"158\"><\/h6>\n<p><img loading=\"lazy\" decoding=\"async\" class=\"alignleft wp-image-1033 \" src=\"http:\/\/www.penzion-konopiste.cz\/wp-content\/uploads\/2011\/09\/PIC-04.jpg\" alt=\"\" width=\"206\" height=\"162\"><\/p>\n<p><img loading=\"lazy\" decoding=\"async\" class=\"alignright wp-image-1036\" src=\"http:\/\/www.penzion-konopiste.cz\/wp-content\/uploads\/2011\/09\/PIC-07.jpg\" alt=\"\" width=\"212\" height=\"216\"><\/p>\n<h6>&nbsp;<\/h6>\n<p><img loading=\"lazy\" decoding=\"async\" class=\"alignleft wp-image-1034 size-full\" src=\"http:\/\/www.penzion-konopiste.cz\/wp-content\/uploads\/2011\/09\/PIC-05.jpg\" alt=\"\" width=\"220\" height=\"173\"><\/p>\n<p><img loading=\"lazy\" decoding=\"async\" class=\"alignright wp-image-1030\" src=\"http:\/\/www.penzion-konopiste.cz\/wp-content\/uploads\/2011\/09\/PIC-01-300x116.jpg\" alt=\"PIC 01\" width=\"225\" height=\"87\" srcset=\"https:\/\/www.penzion-konopiste.cz\/wp-content\/uploads\/2011\/09\/PIC-01-300x116.jpg 300w, https:\/\/www.penzion-konopiste.cz\/wp-content\/uploads\/2011\/09\/PIC-01.jpg 447w\" sizes=\"auto, (max-width: 225px) 100vw, 225px\" \/><\/p>\n<h2>&nbsp;<\/h2>\n","protected":false},"excerpt":{"rendered":"<p>&nbsp; Alles f\u00fcr Ihre Kinder Ihre Kinder sind die liebste Kunden in unserem Familienpension. Wir haben selbst kleine Kinder und wir wissen, dass wir Eltern uns entspannen k\u00f6nnen, wenn die Kinder nicht gelangweilt sind. Im nat\u00fcrlichen Bereich der Pension haben wir einen gro\u00dfen Spielplatz mit Rutschen, Karussell, Schaukeln, Sandkasten und dem sichersten Trampolin Springfree. Mit Kindern k\u00f6nnen Sie kostenlos Tischtennis,&nbsp;<a href=\"https:\/\/www.penzion-konopiste.cz\/de\/friendly\/\" class=\"read-more\">Continue Reading<\/a><\/p>\n","protected":false},"author":1,"featured_media":0,"parent":0,"menu_order":0,"comment_status":"closed","ping_status":"closed","template":"page-fullwidth.php","meta":{"ngg_post_thumbnail":0,"footnotes":""},"class_list":["post-2008","page","type-page","status-publish","hentry"],"translation":{"provider":"WPGlobus","version":"3.0.0","language":"de","enabled_languages":["cz","en","de"],"languages":{"cz":{"title":true,"content":true,"excerpt":false},"en":{"title":true,"content":true,"excerpt":false},"de":{"title":false,"content":true,"excerpt":false}}},"_links":{"self":[{"href":"https:\/\/www.penzion-konopiste.cz\/de\/wp-json\/wp\/v2\/pages\/2008","targetHints":{"allow":["GET"]}}],"collection":[{"href":"https:\/\/www.penzion-konopiste.cz\/de\/wp-json\/wp\/v2\/pages"}],"about":[{"href":"https:\/\/www.penzion-konopiste.cz\/de\/wp-json\/wp\/v2\/types\/page"}],"author":[{"embeddable":true,"href":"https:\/\/www.penzion-konopiste.cz\/de\/wp-json\/wp\/v2\/users\/1"}],"replies":[{"embeddable":true,"href":"https:\/\/www.penzion-konopiste.cz\/de\/wp-json\/wp\/v2\/comments?post=2008"}],"version-history":[{"count":49,"href":"https:\/\/www.penzion-konopiste.cz\/de\/wp-json\/wp\/v2\/pages\/2008\/revisions"}],"predecessor-version":[{"id":3785,"href":"https:\/\/www.penzion-konopiste.cz\/de\/wp-json\/wp\/v2\/pages\/2008\/revisions\/3785"}],"wp:attachment":[{"href":"https:\/\/www.penzion-konopiste.cz\/de\/wp-json\/wp\/v2\/media?parent=2008"}],"curies":[{"name":"wp","href":"https:\/\/api.w.org\/{rel}","templated":true}]}}