{"id":203,"date":"2011-09-14T09:45:02","date_gmt":"2011-09-14T09:45:02","guid":{"rendered":"http:\/\/www.penzion-konopiste.cz?page_id=203"},"modified":"2026-02-24T06:36:14","modified_gmt":"2026-02-24T06:36:14","slug":"home","status":"publish","type":"page","link":"https:\/\/www.penzion-konopiste.cz\/de\/","title":{"rendered":"Dom\u016f"},"content":{"rendered":"<h2 style=\"text-align: center;\">&nbsp;<\/h2>\n<p>&nbsp;<\/p>\n<p><iframe loading=\"lazy\" style=\"width: 100%; max-width: 1280px; min-height: 550px; border: 0; margin: auto; display: block;\" src=\"https:\/\/wubook.net\/wbkd\/wbk\/?lcode=1516371382&amp;onlyrooms=275666,275671,275675,275676,275677,275678\" width=\"300\" height=\"150\"><\/iframe><strong>V\u0161e pro Va\u0161e d\u011bti<\/strong><\/p>\n<p style=\"text-align: justify;\">Va\u0161e d\u011bti jsou v na\u0161em rodinn\u00e9m pensionu nejv\u00e1\u017een\u011bj\u0161\u00edmi z\u00e1kazn\u00edky. Sami m\u00e1me mal\u00e9 d\u011bti a v\u00edme, \u017ee kdy\u017e se d\u011bti nenud\u00ed, m\u016f\u017eeme my rodi\u010de relaxovat.<\/p>\n<p style=\"text-align: justify;\">V p\u0159\u00edrodn\u00edm are\u00e1lu pensionu jsme se proto nach\u00e1z\u00ed velk\u00e9 d\u011btsk\u00e9 h\u0159i\u0161t\u011b se skluzavkami, koloto\u010dem, houpa\u010dkami, p\u00edskovi\u0161t\u011bm a nejbezpe\u010dn\u011bj\u0161\u00ed trampol\u00ednou Springfree. Spole\u010dn\u011b s d\u011btmi si zdarma m\u016f\u017eete zahr\u00e1t stoln\u00ed tenis, badminton, petanque, kroket, kuli\u010dky \u010di zahradn\u00ed \u0161achy. V okol\u00ed jsme vybudovali diskgolf h\u0159i\u0161t\u011b a m\u016f\u017eete si tak\u00e9 zap\u016fj\u010dit kolob\u011b\u017eky a projet se z\u00e1meck\u00fdm parkem. Nezapome\u0148te tak\u00e9 nav\u0161t\u00edvit na\u0161e muzeum historick\u00fdch motocykl\u016f, kter\u00e9 je um\u00edst\u011bn\u00e9 p\u0159\u00edmo v budov\u011b pensionu a jeho\u017e n\u00e1v\u0161t\u011bvu maj\u00ed na\u0161i host\u00e9 v cen\u011b ubytov\u00e1n\u00ed.<\/p>\n<p style=\"text-align: left;\"><strong>Zdarma k zap\u016fj\u010den\u00ed nab\u00edz\u00edme<\/strong><\/p>\n<ul style=\"text-align: left;\">\n<li style=\"font-weight: 400;\"><span style=\"font-weight: 400;\">d\u011btskou j\u00eddeln\u00ed \u017eidli\u010dku<\/span><\/li>\n<li style=\"font-weight: 400;\"><span style=\"font-weight: 400;\">no\u010dn\u00edk<\/span><\/li>\n<li style=\"font-weight: 400;\"><span style=\"font-weight: 400;\">stup\u00e1tko k umyvadlu<\/span><\/li>\n<li style=\"font-weight: 400;\"><span style=\"font-weight: 400;\">d\u011btskou vani\u010dku \u010di koupac\u00ed kybl\u00edk<\/span><\/li>\n<li style=\"font-weight: 400;\"><span style=\"font-weight: 400;\">hry a hra\u010dky<\/span><\/li>\n<\/ul>\n<p style=\"text-align: left;\"><span style=\"font-weight: 400;\">V are\u00e1lu je tak\u00e9 ohni\u0161t\u011b, kde si m\u016f\u017eete s d\u011btmi op\u00e9ct bu\u0159t\u00edky.&nbsp;<\/span><\/p>\n<p style=\"text-align: left;\"><span style=\"font-weight: 400;\">V bl\u00edzkosti pensionu se tak\u00e9 nach\u00e1z\u00ed obora s muflony, da\u0148ky a jeleny.&nbsp;<\/span><\/p>\n<hr>\n<p><a href=\"http:\/\/www.penzion-konopiste.cz\/friendly\/\"><img loading=\"lazy\" decoding=\"async\" class=\"alignleft wp-image-1031\" src=\"http:\/\/www.penzion-konopiste.cz\/wp-content\/uploads\/2011\/09\/PIC-02.jpg\" alt=\"PIC 02\" width=\"100\" height=\"81\"><\/a><a href=\"http:\/\/www.penzion-konopiste.cz\/friendly\/\"><img loading=\"lazy\" decoding=\"async\" class=\"alignleft wp-image-1032\" src=\"http:\/\/www.penzion-konopiste.cz\/wp-content\/uploads\/2011\/09\/PIC-03.jpg\" alt=\"PIC 03\" width=\"95\" height=\"75\"><\/a><a href=\"http:\/\/www.penzion-konopiste.cz\/friendly\/\"><img loading=\"lazy\" decoding=\"async\" class=\"alignleft wp-image-1033\" src=\"http:\/\/www.penzion-konopiste.cz\/wp-content\/uploads\/2011\/09\/PIC-04.jpg\" alt=\"PIC 04\" width=\"96\" height=\"74\"><\/a><a href=\"http:\/\/www.penzion-konopiste.cz\/friendly\/\"><img loading=\"lazy\" decoding=\"async\" class=\"alignleft wp-image-1034\" src=\"http:\/\/www.penzion-konopiste.cz\/wp-content\/uploads\/2011\/09\/PIC-05.jpg\" alt=\"PIC 05\" width=\"103\" height=\"80\"><\/a><a href=\"http:\/\/www.penzion-konopiste.cz\/friendly\/\"><img loading=\"lazy\" decoding=\"async\" class=\"alignleft wp-image-1035\" src=\"http:\/\/www.penzion-konopiste.cz\/wp-content\/uploads\/2011\/09\/PIC-06.jpg\" alt=\"PIC 06\" width=\"97\" height=\"69\"><\/a><a href=\"http:\/\/www.penzion-konopiste.cz\/friendly\/\"><img loading=\"lazy\" decoding=\"async\" class=\"alignleft wp-image-1036\" src=\"http:\/\/www.penzion-konopiste.cz\/wp-content\/uploads\/2011\/09\/PIC-07.jpg\" alt=\"PIC 07\" width=\"73\" height=\"75\"><\/a><\/p>\n","protected":false},"excerpt":{"rendered":"<p>&nbsp; &nbsp; V\u0161e pro Va\u0161e d\u011bti Va\u0161e d\u011bti jsou v na\u0161em rodinn\u00e9m pensionu nejv\u00e1\u017een\u011bj\u0161\u00edmi z\u00e1kazn\u00edky. Sami m\u00e1me mal\u00e9 d\u011bti a v\u00edme, \u017ee kdy\u017e se d\u011bti nenud\u00ed, m\u016f\u017eeme my rodi\u010de relaxovat. V p\u0159\u00edrodn\u00edm are\u00e1lu pensionu jsme se proto nach\u00e1z\u00ed velk\u00e9 d\u011btsk\u00e9 h\u0159i\u0161t\u011b se skluzavkami, koloto\u010dem, houpa\u010dkami, p\u00edskovi\u0161t\u011bm a nejbezpe\u010dn\u011bj\u0161\u00ed trampol\u00ednou Springfree. Spole\u010dn\u011b s d\u011btmi si zdarma m\u016f\u017eete zahr\u00e1t stoln\u00ed tenis, badminton,&nbsp;<a href=\"https:\/\/www.penzion-konopiste.cz\/de\/\" class=\"read-more\">Continue Reading<\/a><\/p>\n","protected":false},"author":1,"featured_media":0,"parent":0,"menu_order":0,"comment_status":"closed","ping_status":"closed","template":"page-home.php","meta":{"ngg_post_thumbnail":0,"footnotes":""},"class_list":["post-203","page","type-page","status-publish","hentry"],"translation":{"provider":"WPGlobus","version":"3.0.0","language":"de","enabled_languages":["cz","en","de"],"languages":{"cz":{"title":true,"content":true,"excerpt":false},"en":{"title":false,"content":false,"excerpt":false},"de":{"title":false,"content":false,"excerpt":false}}},"_links":{"self":[{"href":"https:\/\/www.penzion-konopiste.cz\/de\/wp-json\/wp\/v2\/pages\/203","targetHints":{"allow":["GET"]}}],"collection":[{"href":"https:\/\/www.penzion-konopiste.cz\/de\/wp-json\/wp\/v2\/pages"}],"about":[{"href":"https:\/\/www.penzion-konopiste.cz\/de\/wp-json\/wp\/v2\/types\/page"}],"author":[{"embeddable":true,"href":"https:\/\/www.penzion-konopiste.cz\/de\/wp-json\/wp\/v2\/users\/1"}],"replies":[{"embeddable":true,"href":"https:\/\/www.penzion-konopiste.cz\/de\/wp-json\/wp\/v2\/comments?post=203"}],"version-history":[{"count":104,"href":"https:\/\/www.penzion-konopiste.cz\/de\/wp-json\/wp\/v2\/pages\/203\/revisions"}],"predecessor-version":[{"id":3867,"href":"https:\/\/www.penzion-konopiste.cz\/de\/wp-json\/wp\/v2\/pages\/203\/revisions\/3867"}],"wp:attachment":[{"href":"https:\/\/www.penzion-konopiste.cz\/de\/wp-json\/wp\/v2\/media?parent=203"}],"curies":[{"name":"wp","href":"https:\/\/api.w.org\/{rel}","templated":true}]}}