{"id":2196,"date":"2014-11-10T14:48:56","date_gmt":"2014-11-10T14:48:56","guid":{"rendered":"http:\/\/www.penzion-konopiste.cz\/?page_id=2196"},"modified":"2019-04-17T16:10:10","modified_gmt":"2019-04-17T16:10:10","slug":"discreet","status":"publish","type":"page","link":"https:\/\/www.penzion-konopiste.cz\/de\/about-us\/pokoje\/discreet\/","title":{"rendered":"DISCREET"},"content":{"rendered":"<div class=\"grid_11 alpha\"><h2>Discreet<\/h2>\n<p style=\"text-align: justify;\"><span style=\"font-weight: 400;\">Tento apartm\u00e1n m\u00e1 samostatn\u00e1 vchod mimo spole\u010dn\u00e9 prostory pensionu. Je zde lo\u017enice s man\u017eelskou postel\u00ed, koupelna s vanou, pln\u011b vybaven\u00e1 kuchyn\u011b a ob\u00fdvac\u00ed pokoj s rozkl\u00e1dac\u00ed pohovkou. Celkov\u00e1 kapacita je 2 l\u016f\u017eka + p\u0159ist\u00fdlka. Vhodn\u00fd i pro dlouhodob\u00e9 pobyty.<\/span><\/p>\n<h6>&nbsp;<\/h6>\nngg_shortcode_0_placeholder\n<p>&nbsp;<\/p>\n<h6><a title=\"VIRTU\u00c1LN\u00cd PROHL\u00cdDKA\" href=\"http:\/\/www.penzion-konopiste.cz\/blog\/virtualni-prohlidka\/\">Virtu\u00e1ln\u00ed prohl\u00eddka&#8230;<\/a><\/h6>\n<div class=\"spacer\"><!-- --><\/div><\/div> <div class=\"grid_4 prefix_1 omega\"><h2>&nbsp;<\/h2>\n<dl>\n<dt>Apartm\u00e1n je vhodn\u00fd pro:<\/dt>\n<dd>* dlouhodob\u00fd pron\u00e1jem<br \/>\n* p\u00e1ry<br \/>\n* doporu\u010dujeme manager\u016fm<\/dd>\n<dt>Obsaditelnost:<\/dt>\n<dd>* 2 osoby &#8211; man\u017eelsk\u00e9 l\u016f\u017eko<br \/>\n* 1 p\u0159ist\u00fdlka (rozkl\u00e1d\u00e1c\u00ed pohovka)<\/dd>\n<dt>Vybaven\u00ed:<\/dt>\n<dd>* SAT-TV<br \/>\n* Wi-Fi<br \/>\n* Trezor<br \/>\n* Minibar<br \/>\n* Plnohodnotn\u00e1 kuchyn\u011b<br \/>\n( ledni\u010dka s mraz\u00e1\u010dkem,sklokeramick\u00e1 varn\u00e1 deska s troubou,&nbsp; varn\u00e1 konvice, mikrovlnn\u00e1 trouba)<br \/>\n* Apartm\u00e1n m\u00e1 samostatn\u00fd vchod mimo recepci<\/dd>\n<\/dl><\/div>\n","protected":false},"excerpt":{"rendered":"","protected":false},"author":1,"featured_media":0,"parent":1096,"menu_order":0,"comment_status":"closed","ping_status":"closed","template":"page-fullwidth.php","meta":{"ngg_post_thumbnail":0,"footnotes":""},"class_list":["post-2196","page","type-page","status-publish","hentry"],"translation":{"provider":"WPGlobus","version":"3.0.0","language":"de","enabled_languages":["cz","en","de"],"languages":{"cz":{"title":true,"content":true,"excerpt":false},"en":{"title":false,"content":true,"excerpt":false},"de":{"title":false,"content":false,"excerpt":false}}},"_links":{"self":[{"href":"https:\/\/www.penzion-konopiste.cz\/de\/wp-json\/wp\/v2\/pages\/2196","targetHints":{"allow":["GET"]}}],"collection":[{"href":"https:\/\/www.penzion-konopiste.cz\/de\/wp-json\/wp\/v2\/pages"}],"about":[{"href":"https:\/\/www.penzion-konopiste.cz\/de\/wp-json\/wp\/v2\/types\/page"}],"author":[{"embeddable":true,"href":"https:\/\/www.penzion-konopiste.cz\/de\/wp-json\/wp\/v2\/users\/1"}],"replies":[{"embeddable":true,"href":"https:\/\/www.penzion-konopiste.cz\/de\/wp-json\/wp\/v2\/comments?post=2196"}],"version-history":[{"count":15,"href":"https:\/\/www.penzion-konopiste.cz\/de\/wp-json\/wp\/v2\/pages\/2196\/revisions"}],"predecessor-version":[{"id":3422,"href":"https:\/\/www.penzion-konopiste.cz\/de\/wp-json\/wp\/v2\/pages\/2196\/revisions\/3422"}],"up":[{"embeddable":true,"href":"https:\/\/www.penzion-konopiste.cz\/de\/wp-json\/wp\/v2\/pages\/1096"}],"wp:attachment":[{"href":"https:\/\/www.penzion-konopiste.cz\/de\/wp-json\/wp\/v2\/media?parent=2196"}],"curies":[{"name":"wp","href":"https:\/\/api.w.org\/{rel}","templated":true}]}}