{"id":2198,"date":"2014-11-10T14:49:12","date_gmt":"2014-11-10T14:49:12","guid":{"rendered":"http:\/\/www.penzion-konopiste.cz\/?page_id=2198"},"modified":"2019-04-17T16:08:35","modified_gmt":"2019-04-17T16:08:35","slug":"hatany","status":"publish","type":"page","link":"https:\/\/www.penzion-konopiste.cz\/de\/about-us\/pokoje\/hatany\/","title":{"rendered":"HATANY"},"content":{"rendered":"<div class=\"grid_11 alpha\"><h2>Hatany<\/h2>\n<p style=\"text-align: justify;\"><span style=\"font-weight: 400;\">Apartm\u00e1n m\u00e1 samostatn\u00fd vchod mimo spole\u010dn\u00e9 prostory pensionu. Nach\u00e1z\u00ed se zde man\u017eelsk\u00e1 postel, kuchy\u0148sk\u00fd kout, koupelna s vanou. Je vhodn\u00fd pro p\u00e1ry a pro jednotlivce na slu\u017eebn\u00ed cest\u011b (je zde velk\u00fd psac\u00ed st\u016fl) i pro dlouhodob\u00e9 pobyty.<\/span><\/p>\n<h6>&nbsp;<\/h6>\nngg_shortcode_0_placeholder\n<h6><a title=\"VIRTU\u00c1LN\u00cd PROHL\u00cdDKA\" href=\"http:\/\/www.penzion-konopiste.cz\/blog\/virtualni-prohlidka\/\">Virtu\u00e1ln\u00ed prohl\u00eddka&#8230;<\/a><\/h6>\n<div class=\"spacer\"><!-- --><\/div><\/div> <div class=\"grid_4 prefix_1 omega\"><h2>&nbsp;<\/h2>\n<dl>\n<dt>Apartm\u00e1n je vhodn\u00fd pro:<\/dt>\n<dd>* dlouhodob\u00fd pron\u00e1jem<br \/>\n* p\u00e1ry<br \/>\n* doporu\u010dujeme manager\u016fm<\/dd>\n<dt>Obsaditelnost:<\/dt>\n<dd>*&nbsp;max. 2 osoby<br \/>\n* velk\u00e1 man\u017eelsk\u00e1 postel<\/dd>\n<dt>Vybaven\u00ed:<\/dt>\n<dd>* SAT-TV<br \/>\n* Wi-Fi<br \/>\n* Trezor<br \/>\n* Minibar<br \/>\n* Plnohodnotn\u00e1 kuchyn\u011b<br \/>\n* Prostorn\u00fd psac\u00ed st\u016fl<br \/>\n* Apartm\u00e1n m\u00e1 samostatn\u00fd vchod mimo recepci<\/dd>\n<\/dl><\/div>\n","protected":false},"excerpt":{"rendered":"","protected":false},"author":1,"featured_media":0,"parent":1096,"menu_order":0,"comment_status":"closed","ping_status":"closed","template":"page-fullwidth.php","meta":{"ngg_post_thumbnail":0,"footnotes":""},"class_list":["post-2198","page","type-page","status-publish","hentry"],"translation":{"provider":"WPGlobus","version":"3.0.0","language":"de","enabled_languages":["cz","en","de"],"languages":{"cz":{"title":true,"content":true,"excerpt":false},"en":{"title":false,"content":true,"excerpt":false},"de":{"title":false,"content":false,"excerpt":false}}},"_links":{"self":[{"href":"https:\/\/www.penzion-konopiste.cz\/de\/wp-json\/wp\/v2\/pages\/2198","targetHints":{"allow":["GET"]}}],"collection":[{"href":"https:\/\/www.penzion-konopiste.cz\/de\/wp-json\/wp\/v2\/pages"}],"about":[{"href":"https:\/\/www.penzion-konopiste.cz\/de\/wp-json\/wp\/v2\/types\/page"}],"author":[{"embeddable":true,"href":"https:\/\/www.penzion-konopiste.cz\/de\/wp-json\/wp\/v2\/users\/1"}],"replies":[{"embeddable":true,"href":"https:\/\/www.penzion-konopiste.cz\/de\/wp-json\/wp\/v2\/comments?post=2198"}],"version-history":[{"count":16,"href":"https:\/\/www.penzion-konopiste.cz\/de\/wp-json\/wp\/v2\/pages\/2198\/revisions"}],"predecessor-version":[{"id":3420,"href":"https:\/\/www.penzion-konopiste.cz\/de\/wp-json\/wp\/v2\/pages\/2198\/revisions\/3420"}],"up":[{"embeddable":true,"href":"https:\/\/www.penzion-konopiste.cz\/de\/wp-json\/wp\/v2\/pages\/1096"}],"wp:attachment":[{"href":"https:\/\/www.penzion-konopiste.cz\/de\/wp-json\/wp\/v2\/media?parent=2198"}],"curies":[{"name":"wp","href":"https:\/\/api.w.org\/{rel}","templated":true}]}}