{"id":2202,"date":"2014-11-10T14:49:35","date_gmt":"2014-11-10T14:49:35","guid":{"rendered":"http:\/\/www.penzion-konopiste.cz\/?page_id=2202"},"modified":"2025-01-06T14:05:36","modified_gmt":"2025-01-06T14:05:36","slug":"sen","status":"publish","type":"page","link":"https:\/\/www.penzion-konopiste.cz\/de\/about-us\/pokoje\/sen\/","title":{"rendered":"SEN"},"content":{"rendered":"<div class=\"grid_11 alpha\"><h2><strong>Sen<\/strong><\/h2>\n<p style=\"text-align: justify;\">U\u017eijte si luxusu. <span style=\"font-weight: 400;\">N\u00e1\u0161 nejv\u011bt\u0161\u00ed a nejromanti\u010dt\u011bj\u0161\u00ed apartm\u00e1n disponuje lo\u017enic\u00ed s man\u017eelskou postel\u00ed. V druh\u00e9 lo\u017enici se nach\u00e1z\u00ed palanda a samostatn\u00e9 l\u016f\u017eko. Kuchy\u0148sk\u00fd kout je propojen s ob\u00fdvac\u00edm a j\u00eddeln\u00edm prostorem. V koupeln\u011b se nach\u00e1z\u00ed velk\u00e1 v\u00ed\u0159iv\u00e1 vana. Vhodn\u00e9 pro rodiny s d\u011btmi a p\u00e1ry. \u010casto vyu\u017e\u00edv\u00e1no jako svatebn\u00ed apartm\u00e1. Celkov\u00e1 kapacita je 5 l\u016f\u017eek + p\u0159ist\u00fdlka.<\/span><\/p>\n<h6>P\u016fdorys:<\/h6>\n<p><!-- index.php -->\n<div\n\tclass=\"ngg-galleryoverview\n\t ngg-ajax-pagination-none\t\"\n\tid=\"ngg-gallery-5e424c858e9aa4637ccc830dc1373942-1\">\n\n\t\t\t<!-- Thumbnails -->\n\t\t\t\t<div id=\"ngg-image-0\" class=\"ngg-gallery-thumbnail-box\"\n\t\t\t\t\t\t\t\t\t\t\t>\n\t\t\t\t\t\t<div class=\"ngg-gallery-thumbnail\">\n\t\t\t<a href=\"https:\/\/www.penzion-konopiste.cz\/wp-content\/gallery\/sen\/p%C5%AFdorys.jpg\"\n\t\t\t\ttitle=\"\"\n\t\t\t\tdata-src=\"https:\/\/www.penzion-konopiste.cz\/wp-content\/gallery\/sen\/p%C5%AFdorys.jpg\"\n\t\t\t\tdata-thumbnail=\"https:\/\/www.penzion-konopiste.cz\/wp-content\/gallery\/sen\/thumbs\/thumbs_p%C5%AFdorys.jpg\"\n\t\t\t\tdata-image-id=\"276\"\n\t\t\t\tdata-title=\"p\u016fdorys\"\n\t\t\t\tdata-description=\"\"\n\t\t\t\tdata-image-slug=\"pudorys\"\n\t\t\t\tclass=\"ngg-fancybox\" rel=\"5e424c858e9aa4637ccc830dc1373942\">\n\t\t\t\t<img\n\t\t\t\t\ttitle=\"p\u016fdorys\"\n\t\t\t\t\talt=\"p\u016fdorys\"\n\t\t\t\t\tsrc=\"https:\/\/www.penzion-konopiste.cz\/wp-content\/gallery\/sen\/thumbs\/thumbs_p%C5%AFdorys.jpg\"\n\t\t\t\t\twidth=\"120\"\n\t\t\t\t\theight=\"90\"\n\t\t\t\t\tstyle=\"max-width:100%;\"\n\t\t\t\t\/>\n\t\t\t<\/a>\n\t\t<\/div>\n\t\t\t\t\t\t\t<\/div>\n\t\t\t\n\t\t\n\t\t\n\t\t<!-- Pagination -->\n\t\t<div class='ngg-clear'><\/div>\t<\/div>\n<\/p>\n<h6>&nbsp;<\/h6>\n<h6>Pohled do pokoje:<\/h6>\n<p><!-- index.php -->\n<div\n\tclass=\"ngg-galleryoverview\n\t ngg-ajax-pagination-none\t\"\n\tid=\"ngg-gallery-e90fee79bfbe3cf82d106432e3a7c96d-1\">\n\n\t\t\t<!-- Thumbnails -->\n\t\t\t\t<div id=\"ngg-image-0\" class=\"ngg-gallery-thumbnail-box\"\n\t\t\t\t\t\t\t\t\t\t\t>\n\t\t\t\t\t\t<div class=\"ngg-gallery-thumbnail\">\n\t\t\t<a href=\"https:\/\/www.penzion-konopiste.cz\/wp-content\/gallery\/sen\/sen3.jpg\"\n\t\t\t\ttitle=\"\"\n\t\t\t\tdata-src=\"https:\/\/www.penzion-konopiste.cz\/wp-content\/gallery\/sen\/sen3.jpg\"\n\t\t\t\tdata-thumbnail=\"https:\/\/www.penzion-konopiste.cz\/wp-content\/gallery\/sen\/thumbs\/thumbs_sen3.jpg\"\n\t\t\t\tdata-image-id=\"8\"\n\t\t\t\tdata-title=\"sen3\"\n\t\t\t\tdata-description=\"\"\n\t\t\t\tdata-image-slug=\"sen3-6\"\n\t\t\t\tclass=\"ngg-fancybox\" rel=\"e90fee79bfbe3cf82d106432e3a7c96d\">\n\t\t\t\t<img\n\t\t\t\t\ttitle=\"sen3\"\n\t\t\t\t\talt=\"sen3\"\n\t\t\t\t\tsrc=\"https:\/\/www.penzion-konopiste.cz\/wp-content\/gallery\/sen\/thumbs\/thumbs_sen3.jpg\"\n\t\t\t\t\twidth=\"120\"\n\t\t\t\t\theight=\"90\"\n\t\t\t\t\tstyle=\"max-width:100%;\"\n\t\t\t\t\/>\n\t\t\t<\/a>\n\t\t<\/div>\n\t\t\t\t\t\t\t<\/div>\n\t\t\t\n\t\t\n\t\t\t\t<div id=\"ngg-image-1\" class=\"ngg-gallery-thumbnail-box\"\n\t\t\t\t\t\t\t\t\t\t\t>\n\t\t\t\t\t\t<div class=\"ngg-gallery-thumbnail\">\n\t\t\t<a href=\"https:\/\/www.penzion-konopiste.cz\/wp-content\/gallery\/sen\/sen2.jpg\"\n\t\t\t\ttitle=\" \"\n\t\t\t\tdata-src=\"https:\/\/www.penzion-konopiste.cz\/wp-content\/gallery\/sen\/sen2.jpg\"\n\t\t\t\tdata-thumbnail=\"https:\/\/www.penzion-konopiste.cz\/wp-content\/gallery\/sen\/thumbs\/thumbs_sen2.jpg\"\n\t\t\t\tdata-image-id=\"9\"\n\t\t\t\tdata-title=\"sen2\"\n\t\t\t\tdata-description=\" \"\n\t\t\t\tdata-image-slug=\"sen2-11\"\n\t\t\t\tclass=\"ngg-fancybox\" rel=\"e90fee79bfbe3cf82d106432e3a7c96d\">\n\t\t\t\t<img\n\t\t\t\t\ttitle=\"sen2\"\n\t\t\t\t\talt=\"sen2\"\n\t\t\t\t\tsrc=\"https:\/\/www.penzion-konopiste.cz\/wp-content\/gallery\/sen\/thumbs\/thumbs_sen2.jpg\"\n\t\t\t\t\twidth=\"120\"\n\t\t\t\t\theight=\"90\"\n\t\t\t\t\tstyle=\"max-width:100%;\"\n\t\t\t\t\/>\n\t\t\t<\/a>\n\t\t<\/div>\n\t\t\t\t\t\t\t<\/div>\n\t\t\t\n\t\t\n\t\t\t\t<div id=\"ngg-image-2\" class=\"ngg-gallery-thumbnail-box\"\n\t\t\t\t\t\t\t\t\t\t\t>\n\t\t\t\t\t\t<div class=\"ngg-gallery-thumbnail\">\n\t\t\t<a href=\"https:\/\/www.penzion-konopiste.cz\/wp-content\/gallery\/sen\/sen1.jpg\"\n\t\t\t\ttitle=\"\"\n\t\t\t\tdata-src=\"https:\/\/www.penzion-konopiste.cz\/wp-content\/gallery\/sen\/sen1.jpg\"\n\t\t\t\tdata-thumbnail=\"https:\/\/www.penzion-konopiste.cz\/wp-content\/gallery\/sen\/thumbs\/thumbs_sen1.jpg\"\n\t\t\t\tdata-image-id=\"10\"\n\t\t\t\tdata-title=\"sen1\"\n\t\t\t\tdata-description=\"\"\n\t\t\t\tdata-image-slug=\"sen1-6\"\n\t\t\t\tclass=\"ngg-fancybox\" rel=\"e90fee79bfbe3cf82d106432e3a7c96d\">\n\t\t\t\t<img\n\t\t\t\t\ttitle=\"sen1\"\n\t\t\t\t\talt=\"sen1\"\n\t\t\t\t\tsrc=\"https:\/\/www.penzion-konopiste.cz\/wp-content\/gallery\/sen\/thumbs\/thumbs_sen1.jpg\"\n\t\t\t\t\twidth=\"120\"\n\t\t\t\t\theight=\"90\"\n\t\t\t\t\tstyle=\"max-width:100%;\"\n\t\t\t\t\/>\n\t\t\t<\/a>\n\t\t<\/div>\n\t\t\t\t\t\t\t<\/div>\n\t\t\t\n\t\t\n\t\t\t\t<div id=\"ngg-image-3\" class=\"ngg-gallery-thumbnail-box\"\n\t\t\t\t\t\t\t\t\t\t\t>\n\t\t\t\t\t\t<div class=\"ngg-gallery-thumbnail\">\n\t\t\t<a href=\"https:\/\/www.penzion-konopiste.cz\/wp-content\/gallery\/sen\/sen6.jpg\"\n\t\t\t\ttitle=\" \"\n\t\t\t\tdata-src=\"https:\/\/www.penzion-konopiste.cz\/wp-content\/gallery\/sen\/sen6.jpg\"\n\t\t\t\tdata-thumbnail=\"https:\/\/www.penzion-konopiste.cz\/wp-content\/gallery\/sen\/thumbs\/thumbs_sen6.jpg\"\n\t\t\t\tdata-image-id=\"201\"\n\t\t\t\tdata-title=\"sen6\"\n\t\t\t\tdata-description=\" \"\n\t\t\t\tdata-image-slug=\"sen6-6\"\n\t\t\t\tclass=\"ngg-fancybox\" rel=\"e90fee79bfbe3cf82d106432e3a7c96d\">\n\t\t\t\t<img\n\t\t\t\t\ttitle=\"sen6\"\n\t\t\t\t\talt=\"sen6\"\n\t\t\t\t\tsrc=\"https:\/\/www.penzion-konopiste.cz\/wp-content\/gallery\/sen\/thumbs\/thumbs_sen6.jpg\"\n\t\t\t\t\twidth=\"120\"\n\t\t\t\t\theight=\"90\"\n\t\t\t\t\tstyle=\"max-width:100%;\"\n\t\t\t\t\/>\n\t\t\t<\/a>\n\t\t<\/div>\n\t\t\t\t\t\t\t<\/div>\n\t\t\t\n\t\t\n\t\t\t\t<div id=\"ngg-image-4\" class=\"ngg-gallery-thumbnail-box\"\n\t\t\t\t\t\t\t\t\t\t\t>\n\t\t\t\t\t\t<div class=\"ngg-gallery-thumbnail\">\n\t\t\t<a href=\"https:\/\/www.penzion-konopiste.cz\/wp-content\/gallery\/sen\/sen4.jpg\"\n\t\t\t\ttitle=\" \"\n\t\t\t\tdata-src=\"https:\/\/www.penzion-konopiste.cz\/wp-content\/gallery\/sen\/sen4.jpg\"\n\t\t\t\tdata-thumbnail=\"https:\/\/www.penzion-konopiste.cz\/wp-content\/gallery\/sen\/thumbs\/thumbs_sen4.jpg\"\n\t\t\t\tdata-image-id=\"203\"\n\t\t\t\tdata-title=\"sen4\"\n\t\t\t\tdata-description=\" \"\n\t\t\t\tdata-image-slug=\"sen4-6\"\n\t\t\t\tclass=\"ngg-fancybox\" rel=\"e90fee79bfbe3cf82d106432e3a7c96d\">\n\t\t\t\t<img\n\t\t\t\t\ttitle=\"sen4\"\n\t\t\t\t\talt=\"sen4\"\n\t\t\t\t\tsrc=\"https:\/\/www.penzion-konopiste.cz\/wp-content\/gallery\/sen\/thumbs\/thumbs_sen4.jpg\"\n\t\t\t\t\twidth=\"120\"\n\t\t\t\t\theight=\"90\"\n\t\t\t\t\tstyle=\"max-width:100%;\"\n\t\t\t\t\/>\n\t\t\t<\/a>\n\t\t<\/div>\n\t\t\t\t\t\t\t<\/div>\n\t\t\t\n\t\t\n\t\t\t\t<div id=\"ngg-image-5\" class=\"ngg-gallery-thumbnail-box\"\n\t\t\t\t\t\t\t\t\t\t\t>\n\t\t\t\t\t\t<div class=\"ngg-gallery-thumbnail\">\n\t\t\t<a href=\"https:\/\/www.penzion-konopiste.cz\/wp-content\/gallery\/sen\/sen2-1.jpg\"\n\t\t\t\ttitle=\" \"\n\t\t\t\tdata-src=\"https:\/\/www.penzion-konopiste.cz\/wp-content\/gallery\/sen\/sen2-1.jpg\"\n\t\t\t\tdata-thumbnail=\"https:\/\/www.penzion-konopiste.cz\/wp-content\/gallery\/sen\/thumbs\/thumbs_sen2-1.jpg\"\n\t\t\t\tdata-image-id=\"205\"\n\t\t\t\tdata-title=\"sen2\"\n\t\t\t\tdata-description=\" \"\n\t\t\t\tdata-image-slug=\"sen2-12\"\n\t\t\t\tclass=\"ngg-fancybox\" rel=\"e90fee79bfbe3cf82d106432e3a7c96d\">\n\t\t\t\t<img\n\t\t\t\t\ttitle=\"sen2\"\n\t\t\t\t\talt=\"sen2\"\n\t\t\t\t\tsrc=\"https:\/\/www.penzion-konopiste.cz\/wp-content\/gallery\/sen\/thumbs\/thumbs_sen2-1.jpg\"\n\t\t\t\t\twidth=\"120\"\n\t\t\t\t\theight=\"90\"\n\t\t\t\t\tstyle=\"max-width:100%;\"\n\t\t\t\t\/>\n\t\t\t<\/a>\n\t\t<\/div>\n\t\t\t\t\t\t\t<\/div>\n\t\t\t\n\t\t\n\t\t\t\t<div id=\"ngg-image-6\" class=\"ngg-gallery-thumbnail-box\"\n\t\t\t\t\t\t\t\t\t\t\t>\n\t\t\t\t\t\t<div class=\"ngg-gallery-thumbnail\">\n\t\t\t<a href=\"https:\/\/www.penzion-konopiste.cz\/wp-content\/gallery\/sen\/109.jpg\"\n\t\t\t\ttitle=\" \"\n\t\t\t\tdata-src=\"https:\/\/www.penzion-konopiste.cz\/wp-content\/gallery\/sen\/109.jpg\"\n\t\t\t\tdata-thumbnail=\"https:\/\/www.penzion-konopiste.cz\/wp-content\/gallery\/sen\/thumbs\/thumbs_109.jpg\"\n\t\t\t\tdata-image-id=\"278\"\n\t\t\t\tdata-title=\"-109\"\n\t\t\t\tdata-description=\" \"\n\t\t\t\tdata-image-slug=\"109-1\"\n\t\t\t\tclass=\"ngg-fancybox\" rel=\"e90fee79bfbe3cf82d106432e3a7c96d\">\n\t\t\t\t<img\n\t\t\t\t\ttitle=\"-109\"\n\t\t\t\t\talt=\"-109\"\n\t\t\t\t\tsrc=\"https:\/\/www.penzion-konopiste.cz\/wp-content\/gallery\/sen\/thumbs\/thumbs_109.jpg\"\n\t\t\t\t\twidth=\"120\"\n\t\t\t\t\theight=\"90\"\n\t\t\t\t\tstyle=\"max-width:100%;\"\n\t\t\t\t\/>\n\t\t\t<\/a>\n\t\t<\/div>\n\t\t\t\t\t\t\t<\/div>\n\t\t\t\n\t\t\n\t\t\n\t\t<!-- Pagination -->\n\t\t<div class='ngg-clear'><\/div>\t<\/div>\n<\/p>\n<h6><a title=\"VIRTU\u00c1LN\u00cd PROHL\u00cdDKA\" href=\"http:\/\/www.penzion-konopiste.cz\/blog\/virtualni-prohlidka\/\">Virtu\u00e1lnn\u00ed prohl\u00eddka&#8230;<\/a><\/h6>\n<div class=\"spacer\"><!-- --><\/div><\/div> <div class=\"grid_4 prefix_1 omega\"><h2>&nbsp;<\/h2>\n<dl>\n<dt>Apartm\u00e1n je vhodn\u00fd pro:<\/dt>\n<dd>* rodinnou dovolenou<br \/>\n* romantickou svatebn\u00ed noc<br \/>\n* mana\u017eersk\u00e1 jedn\u00e1n\u00ed<br \/>\n* slavnostn\u00ed ob\u011bd pro 6 osob<\/dd>\n<dt>Obsaditelnost:<\/dt>\n<dd>* 5 l\u016f\u017eek + 1 p\u0159ist\u00fdlka<\/dd>\n<dt>Vybaven\u00ed:<\/dt>\n<dd>* SAT-TV v ob\u00fdvac\u00edm pokoji<br \/>\n* SAT-TV v d\u011btsk\u00e9m pokoji<br \/>\n* Wi-Fi<br \/>\n* Trezor<br \/>\n* V\u00ed\u0159iv\u00e1 vana<br \/>\n* Relaxa\u010dn\u00ed sofa<br \/>\n* Lo\u017enice s man\u017eelskou postel\u00ed<br \/>\n* Plnohodnotn\u00e1 kuchyn\u011b<br \/>\n(my\u010dka, pra\u010dka, mrazni\u010dka, ledni\u010dka, varn\u00e1 konvice, mikrovlnn\u00e1 trouba)<br \/>\n* Klimatizace<\/dd>\n<\/dl><\/div>\n","protected":false},"excerpt":{"rendered":"","protected":false},"author":1,"featured_media":0,"parent":1096,"menu_order":0,"comment_status":"closed","ping_status":"closed","template":"page-fullwidth.php","meta":{"ngg_post_thumbnail":0,"footnotes":""},"class_list":["post-2202","page","type-page","status-publish","hentry"],"translation":{"provider":"WPGlobus","version":"3.0.0","language":"de","enabled_languages":["cz","en","de"],"languages":{"cz":{"title":true,"content":true,"excerpt":false},"en":{"title":false,"content":true,"excerpt":false},"de":{"title":false,"content":false,"excerpt":false}}},"_links":{"self":[{"href":"https:\/\/www.penzion-konopiste.cz\/de\/wp-json\/wp\/v2\/pages\/2202","targetHints":{"allow":["GET"]}}],"collection":[{"href":"https:\/\/www.penzion-konopiste.cz\/de\/wp-json\/wp\/v2\/pages"}],"about":[{"href":"https:\/\/www.penzion-konopiste.cz\/de\/wp-json\/wp\/v2\/types\/page"}],"author":[{"embeddable":true,"href":"https:\/\/www.penzion-konopiste.cz\/de\/wp-json\/wp\/v2\/users\/1"}],"replies":[{"embeddable":true,"href":"https:\/\/www.penzion-konopiste.cz\/de\/wp-json\/wp\/v2\/comments?post=2202"}],"version-history":[{"count":38,"href":"https:\/\/www.penzion-konopiste.cz\/de\/wp-json\/wp\/v2\/pages\/2202\/revisions"}],"predecessor-version":[{"id":3846,"href":"https:\/\/www.penzion-konopiste.cz\/de\/wp-json\/wp\/v2\/pages\/2202\/revisions\/3846"}],"up":[{"embeddable":true,"href":"https:\/\/www.penzion-konopiste.cz\/de\/wp-json\/wp\/v2\/pages\/1096"}],"wp:attachment":[{"href":"https:\/\/www.penzion-konopiste.cz\/de\/wp-json\/wp\/v2\/media?parent=2202"}],"curies":[{"name":"wp","href":"https:\/\/api.w.org\/{rel}","templated":true}]}}