{"id":2204,"date":"2014-11-10T14:49:48","date_gmt":"2014-11-10T14:49:48","guid":{"rendered":"http:\/\/www.penzion-konopiste.cz\/?page_id=2204"},"modified":"2018-12-11T13:06:40","modified_gmt":"2018-12-11T13:06:40","slug":"sachy","status":"publish","type":"page","link":"https:\/\/www.penzion-konopiste.cz\/de\/about-us\/pokoje\/sachy\/","title":{"rendered":"\u0160ACHY"},"content":{"rendered":"<div class=\"grid_11 alpha\"><h2>\u0160achy<\/h2>\n<p style=\"text-align: justify;\"><span style=\"font-weight: 400;\">Stylov\u00fd apartm\u00e1n s lo\u017enic\u00ed s 2 odd\u011blen\u00fdmi postelemi, ob\u00fdvac\u00edm pokojem s rozkl\u00e1dac\u00ed pohovkou a koupelnou s \u0161achovou t\u00e9matikou. Celkov\u00e1 kapacita je 2 l\u016f\u017eka + p\u0159ist\u00fdlka.<\/span><\/p>\n<h6>P\u016fdorys:<\/h6>\n<p><!-- index.php -->\n<div\n\tclass=\"ngg-galleryoverview\n\t ngg-ajax-pagination-none\t\"\n\tid=\"ngg-gallery-20a87d9910561e01489420fa53d5d46c-1\">\n\n\t\t\t<!-- Thumbnails -->\n\t\t\t\t<div id=\"ngg-image-0\" class=\"ngg-gallery-thumbnail-box\"\n\t\t\t\t\t\t\t\t\t\t\t>\n\t\t\t\t\t\t<div class=\"ngg-gallery-thumbnail\">\n\t\t\t<a href=\"https:\/\/www.penzion-konopiste.cz\/wp-content\/gallery\/sachy\/sachy_pudorys.jpg\"\n\t\t\t\ttitle=\"\"\n\t\t\t\tdata-src=\"https:\/\/www.penzion-konopiste.cz\/wp-content\/gallery\/sachy\/sachy_pudorys.jpg\"\n\t\t\t\tdata-thumbnail=\"https:\/\/www.penzion-konopiste.cz\/wp-content\/gallery\/sachy\/thumbs\/thumbs_sachy_pudorys.jpg\"\n\t\t\t\tdata-image-id=\"28\"\n\t\t\t\tdata-title=\"sachy_pudorys\"\n\t\t\t\tdata-description=\"\"\n\t\t\t\tdata-image-slug=\"sachy_pudorys\"\n\t\t\t\tclass=\"ngg-fancybox\" rel=\"20a87d9910561e01489420fa53d5d46c\">\n\t\t\t\t<img\n\t\t\t\t\ttitle=\"sachy_pudorys\"\n\t\t\t\t\talt=\"sachy_pudorys\"\n\t\t\t\t\tsrc=\"https:\/\/www.penzion-konopiste.cz\/wp-content\/gallery\/sachy\/thumbs\/thumbs_sachy_pudorys.jpg\"\n\t\t\t\t\twidth=\"120\"\n\t\t\t\t\theight=\"90\"\n\t\t\t\t\tstyle=\"max-width:100%;\"\n\t\t\t\t\/>\n\t\t\t<\/a>\n\t\t<\/div>\n\t\t\t\t\t\t\t<\/div>\n\t\t\t\n\t\t\n\t\t\t\t<div id=\"ngg-image-1\" class=\"ngg-gallery-thumbnail-box\"\n\t\t\t\t\t\t\t\t\t\t\t>\n\t\t\t\t\t\t<div class=\"ngg-gallery-thumbnail\">\n\t\t\t<a href=\"https:\/\/www.penzion-konopiste.cz\/wp-content\/gallery\/sachy\/small.jpg\"\n\t\t\t\ttitle=\"\"\n\t\t\t\tdata-src=\"https:\/\/www.penzion-konopiste.cz\/wp-content\/gallery\/sachy\/small.jpg\"\n\t\t\t\tdata-thumbnail=\"https:\/\/www.penzion-konopiste.cz\/wp-content\/gallery\/sachy\/thumbs\/thumbs_small.jpg\"\n\t\t\t\tdata-image-id=\"318\"\n\t\t\t\tdata-title=\"small\"\n\t\t\t\tdata-description=\"\"\n\t\t\t\tdata-image-slug=\"small-9\"\n\t\t\t\tclass=\"ngg-fancybox\" rel=\"20a87d9910561e01489420fa53d5d46c\">\n\t\t\t\t<img\n\t\t\t\t\ttitle=\"small\"\n\t\t\t\t\talt=\"small\"\n\t\t\t\t\tsrc=\"https:\/\/www.penzion-konopiste.cz\/wp-content\/gallery\/sachy\/thumbs\/thumbs_small.jpg\"\n\t\t\t\t\twidth=\"120\"\n\t\t\t\t\theight=\"90\"\n\t\t\t\t\tstyle=\"max-width:100%;\"\n\t\t\t\t\/>\n\t\t\t<\/a>\n\t\t<\/div>\n\t\t\t\t\t\t\t<\/div>\n\t\t\t\n\t\t\n\t\t\t\t<div id=\"ngg-image-2\" class=\"ngg-gallery-thumbnail-box\"\n\t\t\t\t\t\t\t\t\t\t\t>\n\t\t\t\t\t\t<div class=\"ngg-gallery-thumbnail\">\n\t\t\t<a href=\"https:\/\/www.penzion-konopiste.cz\/wp-content\/gallery\/sachy\/small-1.jpg\"\n\t\t\t\ttitle=\"\"\n\t\t\t\tdata-src=\"https:\/\/www.penzion-konopiste.cz\/wp-content\/gallery\/sachy\/small-1.jpg\"\n\t\t\t\tdata-thumbnail=\"https:\/\/www.penzion-konopiste.cz\/wp-content\/gallery\/sachy\/thumbs\/thumbs_small-1.jpg\"\n\t\t\t\tdata-image-id=\"319\"\n\t\t\t\tdata-title=\"small\"\n\t\t\t\tdata-description=\"\"\n\t\t\t\tdata-image-slug=\"small-10\"\n\t\t\t\tclass=\"ngg-fancybox\" rel=\"20a87d9910561e01489420fa53d5d46c\">\n\t\t\t\t<img\n\t\t\t\t\ttitle=\"small\"\n\t\t\t\t\talt=\"small\"\n\t\t\t\t\tsrc=\"https:\/\/www.penzion-konopiste.cz\/wp-content\/gallery\/sachy\/thumbs\/thumbs_small-1.jpg\"\n\t\t\t\t\twidth=\"120\"\n\t\t\t\t\theight=\"90\"\n\t\t\t\t\tstyle=\"max-width:100%;\"\n\t\t\t\t\/>\n\t\t\t<\/a>\n\t\t<\/div>\n\t\t\t\t\t\t\t<\/div>\n\t\t\t\n\t\t\n\t\t\n\t\t<!-- Pagination -->\n\t\t<div class='ngg-clear'><\/div>\t<\/div>\n<\/p>\n<h6>Pohled do pokoje:<\/h6>\n<p><!-- index.php -->\n<div\n\tclass=\"ngg-galleryoverview\n\t ngg-ajax-pagination-none\t\"\n\tid=\"ngg-gallery-4eb5190f372b5dfa9b654ad70515c203-1\">\n\n\t\t\t<!-- Thumbnails -->\n\t\t\t\t<div id=\"ngg-image-0\" class=\"ngg-gallery-thumbnail-box\"\n\t\t\t\t\t\t\t\t\t\t\t>\n\t\t\t\t\t\t<div class=\"ngg-gallery-thumbnail\">\n\t\t\t<a href=\"https:\/\/www.penzion-konopiste.cz\/wp-content\/gallery\/sachy\/sachy3.jpg\"\n\t\t\t\ttitle=\"\"\n\t\t\t\tdata-src=\"https:\/\/www.penzion-konopiste.cz\/wp-content\/gallery\/sachy\/sachy3.jpg\"\n\t\t\t\tdata-thumbnail=\"https:\/\/www.penzion-konopiste.cz\/wp-content\/gallery\/sachy\/thumbs\/thumbs_sachy3.jpg\"\n\t\t\t\tdata-image-id=\"25\"\n\t\t\t\tdata-title=\"sachy3\"\n\t\t\t\tdata-description=\"\"\n\t\t\t\tdata-image-slug=\"sachy3\"\n\t\t\t\tclass=\"ngg-fancybox\" rel=\"4eb5190f372b5dfa9b654ad70515c203\">\n\t\t\t\t<img\n\t\t\t\t\ttitle=\"sachy3\"\n\t\t\t\t\talt=\"sachy3\"\n\t\t\t\t\tsrc=\"https:\/\/www.penzion-konopiste.cz\/wp-content\/gallery\/sachy\/thumbs\/thumbs_sachy3.jpg\"\n\t\t\t\t\twidth=\"120\"\n\t\t\t\t\theight=\"90\"\n\t\t\t\t\tstyle=\"max-width:100%;\"\n\t\t\t\t\/>\n\t\t\t<\/a>\n\t\t<\/div>\n\t\t\t\t\t\t\t<\/div>\n\t\t\t\n\t\t\n\t\t\t\t<div id=\"ngg-image-1\" class=\"ngg-gallery-thumbnail-box\"\n\t\t\t\t\t\t\t\t\t\t\t>\n\t\t\t\t\t\t<div class=\"ngg-gallery-thumbnail\">\n\t\t\t<a href=\"https:\/\/www.penzion-konopiste.cz\/wp-content\/gallery\/sachy\/sachy2.jpg\"\n\t\t\t\ttitle=\"\"\n\t\t\t\tdata-src=\"https:\/\/www.penzion-konopiste.cz\/wp-content\/gallery\/sachy\/sachy2.jpg\"\n\t\t\t\tdata-thumbnail=\"https:\/\/www.penzion-konopiste.cz\/wp-content\/gallery\/sachy\/thumbs\/thumbs_sachy2.jpg\"\n\t\t\t\tdata-image-id=\"26\"\n\t\t\t\tdata-title=\"sachy2\"\n\t\t\t\tdata-description=\"\"\n\t\t\t\tdata-image-slug=\"sachy2\"\n\t\t\t\tclass=\"ngg-fancybox\" rel=\"4eb5190f372b5dfa9b654ad70515c203\">\n\t\t\t\t<img\n\t\t\t\t\ttitle=\"sachy2\"\n\t\t\t\t\talt=\"sachy2\"\n\t\t\t\t\tsrc=\"https:\/\/www.penzion-konopiste.cz\/wp-content\/gallery\/sachy\/thumbs\/thumbs_sachy2.jpg\"\n\t\t\t\t\twidth=\"120\"\n\t\t\t\t\theight=\"90\"\n\t\t\t\t\tstyle=\"max-width:100%;\"\n\t\t\t\t\/>\n\t\t\t<\/a>\n\t\t<\/div>\n\t\t\t\t\t\t\t<\/div>\n\t\t\t\n\t\t\n\t\t\t\t<div id=\"ngg-image-2\" class=\"ngg-gallery-thumbnail-box\"\n\t\t\t\t\t\t\t\t\t\t\t>\n\t\t\t\t\t\t<div class=\"ngg-gallery-thumbnail\">\n\t\t\t<a href=\"https:\/\/www.penzion-konopiste.cz\/wp-content\/gallery\/sachy\/sachy1.jpg\"\n\t\t\t\ttitle=\"\"\n\t\t\t\tdata-src=\"https:\/\/www.penzion-konopiste.cz\/wp-content\/gallery\/sachy\/sachy1.jpg\"\n\t\t\t\tdata-thumbnail=\"https:\/\/www.penzion-konopiste.cz\/wp-content\/gallery\/sachy\/thumbs\/thumbs_sachy1.jpg\"\n\t\t\t\tdata-image-id=\"27\"\n\t\t\t\tdata-title=\"sachy1\"\n\t\t\t\tdata-description=\"\"\n\t\t\t\tdata-image-slug=\"sachy1\"\n\t\t\t\tclass=\"ngg-fancybox\" rel=\"4eb5190f372b5dfa9b654ad70515c203\">\n\t\t\t\t<img\n\t\t\t\t\ttitle=\"sachy1\"\n\t\t\t\t\talt=\"sachy1\"\n\t\t\t\t\tsrc=\"https:\/\/www.penzion-konopiste.cz\/wp-content\/gallery\/sachy\/thumbs\/thumbs_sachy1.jpg\"\n\t\t\t\t\twidth=\"120\"\n\t\t\t\t\theight=\"90\"\n\t\t\t\t\tstyle=\"max-width:100%;\"\n\t\t\t\t\/>\n\t\t\t<\/a>\n\t\t<\/div>\n\t\t\t\t\t\t\t<\/div>\n\t\t\t\n\t\t\n\t\t\t\t<div id=\"ngg-image-3\" class=\"ngg-gallery-thumbnail-box\"\n\t\t\t\t\t\t\t\t\t\t\t>\n\t\t\t\t\t\t<div class=\"ngg-gallery-thumbnail\">\n\t\t\t<a href=\"https:\/\/www.penzion-konopiste.cz\/wp-content\/gallery\/sachy\/sachy5.jpg\"\n\t\t\t\ttitle=\"\"\n\t\t\t\tdata-src=\"https:\/\/www.penzion-konopiste.cz\/wp-content\/gallery\/sachy\/sachy5.jpg\"\n\t\t\t\tdata-thumbnail=\"https:\/\/www.penzion-konopiste.cz\/wp-content\/gallery\/sachy\/thumbs\/thumbs_sachy5.jpg\"\n\t\t\t\tdata-image-id=\"220\"\n\t\t\t\tdata-title=\"sachy5\"\n\t\t\t\tdata-description=\"\"\n\t\t\t\tdata-image-slug=\"sachy5\"\n\t\t\t\tclass=\"ngg-fancybox\" rel=\"4eb5190f372b5dfa9b654ad70515c203\">\n\t\t\t\t<img\n\t\t\t\t\ttitle=\"sachy5\"\n\t\t\t\t\talt=\"sachy5\"\n\t\t\t\t\tsrc=\"https:\/\/www.penzion-konopiste.cz\/wp-content\/gallery\/sachy\/thumbs\/thumbs_sachy5.jpg\"\n\t\t\t\t\twidth=\"120\"\n\t\t\t\t\theight=\"90\"\n\t\t\t\t\tstyle=\"max-width:100%;\"\n\t\t\t\t\/>\n\t\t\t<\/a>\n\t\t<\/div>\n\t\t\t\t\t\t\t<\/div>\n\t\t\t\n\t\t\n\t\t\t\t<div id=\"ngg-image-4\" class=\"ngg-gallery-thumbnail-box\"\n\t\t\t\t\t\t\t\t\t\t\t>\n\t\t\t\t\t\t<div class=\"ngg-gallery-thumbnail\">\n\t\t\t<a href=\"https:\/\/www.penzion-konopiste.cz\/wp-content\/gallery\/sachy\/sachy3-1.jpg\"\n\t\t\t\ttitle=\"\"\n\t\t\t\tdata-src=\"https:\/\/www.penzion-konopiste.cz\/wp-content\/gallery\/sachy\/sachy3-1.jpg\"\n\t\t\t\tdata-thumbnail=\"https:\/\/www.penzion-konopiste.cz\/wp-content\/gallery\/sachy\/thumbs\/thumbs_sachy3-1.jpg\"\n\t\t\t\tdata-image-id=\"222\"\n\t\t\t\tdata-title=\"sachy3\"\n\t\t\t\tdata-description=\"\"\n\t\t\t\tdata-image-slug=\"sachy3-1\"\n\t\t\t\tclass=\"ngg-fancybox\" rel=\"4eb5190f372b5dfa9b654ad70515c203\">\n\t\t\t\t<img\n\t\t\t\t\ttitle=\"sachy3\"\n\t\t\t\t\talt=\"sachy3\"\n\t\t\t\t\tsrc=\"https:\/\/www.penzion-konopiste.cz\/wp-content\/gallery\/sachy\/thumbs\/thumbs_sachy3-1.jpg\"\n\t\t\t\t\twidth=\"120\"\n\t\t\t\t\theight=\"90\"\n\t\t\t\t\tstyle=\"max-width:100%;\"\n\t\t\t\t\/>\n\t\t\t<\/a>\n\t\t<\/div>\n\t\t\t\t\t\t\t<\/div>\n\t\t\t\n\t\t\n\t\t\t\t<div id=\"ngg-image-5\" class=\"ngg-gallery-thumbnail-box\"\n\t\t\t\t\t\t\t\t\t\t\t>\n\t\t\t\t\t\t<div class=\"ngg-gallery-thumbnail\">\n\t\t\t<a href=\"https:\/\/www.penzion-konopiste.cz\/wp-content\/gallery\/sachy\/small.jpg\"\n\t\t\t\ttitle=\"\"\n\t\t\t\tdata-src=\"https:\/\/www.penzion-konopiste.cz\/wp-content\/gallery\/sachy\/small.jpg\"\n\t\t\t\tdata-thumbnail=\"https:\/\/www.penzion-konopiste.cz\/wp-content\/gallery\/sachy\/thumbs\/thumbs_small.jpg\"\n\t\t\t\tdata-image-id=\"318\"\n\t\t\t\tdata-title=\"small\"\n\t\t\t\tdata-description=\"\"\n\t\t\t\tdata-image-slug=\"small-9\"\n\t\t\t\tclass=\"ngg-fancybox\" rel=\"4eb5190f372b5dfa9b654ad70515c203\">\n\t\t\t\t<img\n\t\t\t\t\ttitle=\"small\"\n\t\t\t\t\talt=\"small\"\n\t\t\t\t\tsrc=\"https:\/\/www.penzion-konopiste.cz\/wp-content\/gallery\/sachy\/thumbs\/thumbs_small.jpg\"\n\t\t\t\t\twidth=\"120\"\n\t\t\t\t\theight=\"90\"\n\t\t\t\t\tstyle=\"max-width:100%;\"\n\t\t\t\t\/>\n\t\t\t<\/a>\n\t\t<\/div>\n\t\t\t\t\t\t\t<\/div>\n\t\t\t\n\t\t\n\t\t\t\t<div id=\"ngg-image-6\" class=\"ngg-gallery-thumbnail-box\"\n\t\t\t\t\t\t\t\t\t\t\t>\n\t\t\t\t\t\t<div class=\"ngg-gallery-thumbnail\">\n\t\t\t<a href=\"https:\/\/www.penzion-konopiste.cz\/wp-content\/gallery\/sachy\/small-1.jpg\"\n\t\t\t\ttitle=\"\"\n\t\t\t\tdata-src=\"https:\/\/www.penzion-konopiste.cz\/wp-content\/gallery\/sachy\/small-1.jpg\"\n\t\t\t\tdata-thumbnail=\"https:\/\/www.penzion-konopiste.cz\/wp-content\/gallery\/sachy\/thumbs\/thumbs_small-1.jpg\"\n\t\t\t\tdata-image-id=\"319\"\n\t\t\t\tdata-title=\"small\"\n\t\t\t\tdata-description=\"\"\n\t\t\t\tdata-image-slug=\"small-10\"\n\t\t\t\tclass=\"ngg-fancybox\" rel=\"4eb5190f372b5dfa9b654ad70515c203\">\n\t\t\t\t<img\n\t\t\t\t\ttitle=\"small\"\n\t\t\t\t\talt=\"small\"\n\t\t\t\t\tsrc=\"https:\/\/www.penzion-konopiste.cz\/wp-content\/gallery\/sachy\/thumbs\/thumbs_small-1.jpg\"\n\t\t\t\t\twidth=\"120\"\n\t\t\t\t\theight=\"90\"\n\t\t\t\t\tstyle=\"max-width:100%;\"\n\t\t\t\t\/>\n\t\t\t<\/a>\n\t\t<\/div>\n\t\t\t\t\t\t\t<\/div>\n\t\t\t\n\t\t\n\t\t\n\t\t<!-- Pagination -->\n\t\t<div class='ngg-clear'><\/div>\t<\/div>\n<\/p>\n<h6><a title=\"VIRTU\u00c1LN\u00cd PROHL\u00cdDKA\" href=\"http:\/\/www.penzion-konopiste.cz\/blog\/virtualni-prohlidka\/\">Virtu\u00e1ln\u00ed prohl\u00eddka&#8230;<\/a><\/h6>\n<div class=\"spacer\"><!-- --><\/div><\/div> <div class=\"grid_4 prefix_1 omega\"><h2>&nbsp;<\/h2>\n<dl>\n<dt>Apartm\u00e1n je vhodn\u00fd pro:<\/dt>\n<dd>* doporu\u010dujeme manager\u016fm<\/dd>\n<dt>Obsaditelnost:<\/dt>\n<dd>*&nbsp;2x jednol\u016f\u017eko<br \/>\n*&nbsp;1x velk\u00e1 p\u0159ist\u00fdlka<\/dd>\n<dt>Vybaven\u00ed:<\/dt>\n<dd>* SAT-TV<br \/>\n* Wi-Fi<br \/>\n* Trezor<br \/>\n* Minibar<br \/>\n* Sprchov\u00fd kout<br \/>\n* Klimatizace<\/dd>\n<\/dl><\/div>\n","protected":false},"excerpt":{"rendered":"","protected":false},"author":1,"featured_media":0,"parent":1096,"menu_order":0,"comment_status":"closed","ping_status":"closed","template":"page-fullwidth.php","meta":{"ngg_post_thumbnail":0,"footnotes":""},"class_list":["post-2204","page","type-page","status-publish","hentry"],"translation":{"provider":"WPGlobus","version":"3.0.0","language":"de","enabled_languages":["cz","en","de"],"languages":{"cz":{"title":true,"content":true,"excerpt":false},"en":{"title":true,"content":true,"excerpt":false},"de":{"title":false,"content":false,"excerpt":false}}},"_links":{"self":[{"href":"https:\/\/www.penzion-konopiste.cz\/de\/wp-json\/wp\/v2\/pages\/2204","targetHints":{"allow":["GET"]}}],"collection":[{"href":"https:\/\/www.penzion-konopiste.cz\/de\/wp-json\/wp\/v2\/pages"}],"about":[{"href":"https:\/\/www.penzion-konopiste.cz\/de\/wp-json\/wp\/v2\/types\/page"}],"author":[{"embeddable":true,"href":"https:\/\/www.penzion-konopiste.cz\/de\/wp-json\/wp\/v2\/users\/1"}],"replies":[{"embeddable":true,"href":"https:\/\/www.penzion-konopiste.cz\/de\/wp-json\/wp\/v2\/comments?post=2204"}],"version-history":[{"count":15,"href":"https:\/\/www.penzion-konopiste.cz\/de\/wp-json\/wp\/v2\/pages\/2204\/revisions"}],"predecessor-version":[{"id":3232,"href":"https:\/\/www.penzion-konopiste.cz\/de\/wp-json\/wp\/v2\/pages\/2204\/revisions\/3232"}],"up":[{"embeddable":true,"href":"https:\/\/www.penzion-konopiste.cz\/de\/wp-json\/wp\/v2\/pages\/1096"}],"wp:attachment":[{"href":"https:\/\/www.penzion-konopiste.cz\/de\/wp-json\/wp\/v2\/media?parent=2204"}],"curies":[{"name":"wp","href":"https:\/\/api.w.org\/{rel}","templated":true}]}}