{"id":5,"date":"2011-07-14T19:45:29","date_gmt":"2011-07-14T19:45:29","guid":{"rendered":"http:\/\/www.penzion-konopiste.cz?page_id=5"},"modified":"2023-11-07T10:48:12","modified_gmt":"2023-11-07T10:48:12","slug":"about-us","status":"publish","type":"page","link":"https:\/\/www.penzion-konopiste.cz\/de\/about-us\/","title":{"rendered":"Unser Pension"},"content":{"rendered":"<p><iframe loading=\"lazy\" style=\"width: 100%; max-width: 1280px; min-height: 550px; border: 0; margin: auto; display: block;\" src=\"https:\/\/wubook.net\/wbkd\/wbk\/?lcode=1516371382&amp;onlyrooms=275666,275671,275675,275676,275677,275678\" width=\"300\" height=\"150\"><\/iframe><\/p>\n<h1><span style=\"color: #000000;\"><strong>Unser Pension<\/strong><\/span><\/h1>\n<p><img loading=\"lazy\" decoding=\"async\" class=\"alignleft size-full wp-image-723\" src=\"http:\/\/www.penzion-konopiste.cz\/wp-content\/uploads\/2011\/07\/image_3.png\" alt=\"image_3\" width=\"152\" height=\"105\" srcset=\"https:\/\/www.penzion-konopiste.cz\/wp-content\/uploads\/2011\/07\/image_3.png 152w, https:\/\/www.penzion-konopiste.cz\/wp-content\/uploads\/2011\/07\/image_3-150x105.png 150w\" sizes=\"auto, (max-width: 152px) 100vw, 152px\" \/><\/p>\n<p style=\"text-align: justify;\"><span style=\"font-weight: 400;\">Unser G\u00e4stehaus befindet sich in der N\u00e4he des des Schloss Konopi\u0161t\u011b &#8211; einem der sch\u00f6nsten tschechischen Schl\u00f6sser. Es liegt 40 km von Prag und 1 km von der Stadt Bene\u0161ov, wo es viele Restaurants, Caf\u00e9s und Gesch\u00e4fte gibt.<\/span><\/p>\n<p style=\"text-align: justify;\"><span style=\"font-weight: 400;\">Das gesamte Gebiet liegt in der Natur, auf der einen Seite von Wald ges\u00e4umt, auf der anderen von einem Bach. F\u00fcr Kinder haben wir einen Spielplatz gebaut, Erwachsene k\u00f6nnen sich entspannen oder mit Ihren Kinder Tischtennis, Badminton, Gartenschach, Diskgolf, Krocket, Petanque spielen\u2026 oder kostenlos Roller oder ausleihen und eine Fahrt durch den Schlosspark und die Umgebung unternehmen .<\/span><\/p>\n<p style=\"text-align: justify;\"><span style=\"font-weight: 400;\">Die Pension verf\u00fcgt \u00fcber 6 Apartments mit einer Gesamtkapazit\u00e4t von 17 Betten und 6 Zustellbetten. Alle Apartments haben ein eigenes Bad und drei sogar voll ausgestattete K\u00fcchen. Im Geb\u00e4ude der Pension befindet sich auch das Museum f\u00fcr historische Motorr\u00e4der, die Tour ist f\u00fcr unsere G\u00e4ste kostenlos. Der Preis beinhaltet ein Fr\u00fchst\u00fccksbuffet und Parkpl\u00e4tze vor dem von CCTV bewachten Geb\u00e4ude.<\/span><\/p>\n<p style=\"text-align: justify;\"><span style=\"font-weight: 400;\">Im Jahr 2017 haben wir das angrenzende Hotel Konopi\u0161t\u011b &#8211; Nov\u00e1 Myslivna gekauft, das nach unserem Umbau weitere 79 Betten bietet. Das Hotel hat auch das Restaurant Nov\u00e1 Myslivna mit 320 Sitzpl\u00e4tzen + 128 Sitzpl\u00e4tzen auf der Terrasse und das Club Hubert Restaurant mit bis zu 65 Sitzpl\u00e4tzen und 54 Sitzpl\u00e4tzen im Garten.&nbsp;<\/span><\/p>\n<p><span style=\"font-weight: 400;\">Wir freuen uns auf Sie<\/span><\/p>\n<p><span style=\"font-weight: 400;\">Petra, Ji\u0159\u00ed, Martin, Maty\u00e1\u0161 und Lucie Stib\u016frkovi<\/span><\/p>\n<p><span style=\"font-weight: 400;\">Pension Konopiste und Hotel Konopiste Nova Myslivna<\/span><\/p>\n<p><em>Penzion Konopi\u0161t\u011b a Hotel Konopi\u0161t\u011b Nov\u00e1 Myslivna<\/em><\/p>\n<p><!-- index.php -->\n<div\n\tclass=\"ngg-galleryoverview\n\t ngg-ajax-pagination-none\t\"\n\tid=\"ngg-gallery-9df0055faf12fc5f4b2d9f61ee12fce4-1\">\n\n\t\t\t<!-- Thumbnails -->\n\t\t\t\t<div id=\"ngg-image-0\" class=\"ngg-gallery-thumbnail-box\"\n\t\t\t\t\t\t\t\t\t\t\t>\n\t\t\t\t\t\t<div class=\"ngg-gallery-thumbnail\">\n\t\t\t<a href=\"https:\/\/www.penzion-konopiste.cz\/wp-content\/gallery\/sen\/sen1.jpg\"\n\t\t\t\ttitle=\"\"\n\t\t\t\tdata-src=\"https:\/\/www.penzion-konopiste.cz\/wp-content\/gallery\/sen\/sen1.jpg\"\n\t\t\t\tdata-thumbnail=\"https:\/\/www.penzion-konopiste.cz\/wp-content\/gallery\/sen\/thumbs\/thumbs_sen1.jpg\"\n\t\t\t\tdata-image-id=\"10\"\n\t\t\t\tdata-title=\"sen1\"\n\t\t\t\tdata-description=\"\"\n\t\t\t\tdata-image-slug=\"sen1-6\"\n\t\t\t\tclass=\"ngg-fancybox\" rel=\"9df0055faf12fc5f4b2d9f61ee12fce4\">\n\t\t\t\t<img\n\t\t\t\t\ttitle=\"sen1\"\n\t\t\t\t\talt=\"sen1\"\n\t\t\t\t\tsrc=\"https:\/\/www.penzion-konopiste.cz\/wp-content\/gallery\/sen\/thumbs\/thumbs_sen1.jpg\"\n\t\t\t\t\twidth=\"120\"\n\t\t\t\t\theight=\"90\"\n\t\t\t\t\tstyle=\"max-width:100%;\"\n\t\t\t\t\/>\n\t\t\t<\/a>\n\t\t<\/div>\n\t\t\t\t\t\t\t<\/div>\n\t\t\t\n\t\t\n\t\t\t\t<div id=\"ngg-image-1\" class=\"ngg-gallery-thumbnail-box\"\n\t\t\t\t\t\t\t\t\t\t\t>\n\t\t\t\t\t\t<div class=\"ngg-gallery-thumbnail\">\n\t\t\t<a href=\"https:\/\/www.penzion-konopiste.cz\/wp-content\/gallery\/modre\/modre1.jpg\"\n\t\t\t\ttitle=\" \"\n\t\t\t\tdata-src=\"https:\/\/www.penzion-konopiste.cz\/wp-content\/gallery\/modre\/modre1.jpg\"\n\t\t\t\tdata-thumbnail=\"https:\/\/www.penzion-konopiste.cz\/wp-content\/gallery\/modre\/thumbs\/thumbs_modre1.jpg\"\n\t\t\t\tdata-image-id=\"14\"\n\t\t\t\tdata-title=\"modre1\"\n\t\t\t\tdata-description=\" \"\n\t\t\t\tdata-image-slug=\"modre1\"\n\t\t\t\tclass=\"ngg-fancybox\" rel=\"9df0055faf12fc5f4b2d9f61ee12fce4\">\n\t\t\t\t<img\n\t\t\t\t\ttitle=\"modre1\"\n\t\t\t\t\talt=\"modre1\"\n\t\t\t\t\tsrc=\"https:\/\/www.penzion-konopiste.cz\/wp-content\/gallery\/modre\/thumbs\/thumbs_modre1.jpg\"\n\t\t\t\t\twidth=\"120\"\n\t\t\t\t\theight=\"90\"\n\t\t\t\t\tstyle=\"max-width:100%;\"\n\t\t\t\t\/>\n\t\t\t<\/a>\n\t\t<\/div>\n\t\t\t\t\t\t\t<\/div>\n\t\t\t\n\t\t\n\t\t\t\t<div id=\"ngg-image-2\" class=\"ngg-gallery-thumbnail-box\"\n\t\t\t\t\t\t\t\t\t\t\t>\n\t\t\t\t\t\t<div class=\"ngg-gallery-thumbnail\">\n\t\t\t<a href=\"https:\/\/www.penzion-konopiste.cz\/wp-content\/gallery\/sachy\/sachy2.jpg\"\n\t\t\t\ttitle=\"\"\n\t\t\t\tdata-src=\"https:\/\/www.penzion-konopiste.cz\/wp-content\/gallery\/sachy\/sachy2.jpg\"\n\t\t\t\tdata-thumbnail=\"https:\/\/www.penzion-konopiste.cz\/wp-content\/gallery\/sachy\/thumbs\/thumbs_sachy2.jpg\"\n\t\t\t\tdata-image-id=\"26\"\n\t\t\t\tdata-title=\"sachy2\"\n\t\t\t\tdata-description=\"\"\n\t\t\t\tdata-image-slug=\"sachy2\"\n\t\t\t\tclass=\"ngg-fancybox\" rel=\"9df0055faf12fc5f4b2d9f61ee12fce4\">\n\t\t\t\t<img\n\t\t\t\t\ttitle=\"sachy2\"\n\t\t\t\t\talt=\"sachy2\"\n\t\t\t\t\tsrc=\"https:\/\/www.penzion-konopiste.cz\/wp-content\/gallery\/sachy\/thumbs\/thumbs_sachy2.jpg\"\n\t\t\t\t\twidth=\"120\"\n\t\t\t\t\theight=\"90\"\n\t\t\t\t\tstyle=\"max-width:100%;\"\n\t\t\t\t\/>\n\t\t\t<\/a>\n\t\t<\/div>\n\t\t\t\t\t\t\t<\/div>\n\t\t\t\n\t\t\n\t\t\t\t<div id=\"ngg-image-3\" class=\"ngg-gallery-thumbnail-box\"\n\t\t\t\t\t\t\t\t\t\t\t>\n\t\t\t\t\t\t<div class=\"ngg-gallery-thumbnail\">\n\t\t\t<a href=\"https:\/\/www.penzion-konopiste.cz\/wp-content\/gallery\/konopiste\/konopiste2.jpg\"\n\t\t\t\ttitle=\" \"\n\t\t\t\tdata-src=\"https:\/\/www.penzion-konopiste.cz\/wp-content\/gallery\/konopiste\/konopiste2.jpg\"\n\t\t\t\tdata-thumbnail=\"https:\/\/www.penzion-konopiste.cz\/wp-content\/gallery\/konopiste\/thumbs\/thumbs_konopiste2.jpg\"\n\t\t\t\tdata-image-id=\"143\"\n\t\t\t\tdata-title=\"konopiste2\"\n\t\t\t\tdata-description=\" \"\n\t\t\t\tdata-image-slug=\"konopiste2\"\n\t\t\t\tclass=\"ngg-fancybox\" rel=\"9df0055faf12fc5f4b2d9f61ee12fce4\">\n\t\t\t\t<img\n\t\t\t\t\ttitle=\"konopiste2\"\n\t\t\t\t\talt=\"konopiste2\"\n\t\t\t\t\tsrc=\"https:\/\/www.penzion-konopiste.cz\/wp-content\/gallery\/konopiste\/thumbs\/thumbs_konopiste2.jpg\"\n\t\t\t\t\twidth=\"120\"\n\t\t\t\t\theight=\"90\"\n\t\t\t\t\tstyle=\"max-width:100%;\"\n\t\t\t\t\/>\n\t\t\t<\/a>\n\t\t<\/div>\n\t\t\t\t\t\t\t<\/div>\n\t\t\t\n\t\t\n\t\t\t\t<div id=\"ngg-image-4\" class=\"ngg-gallery-thumbnail-box\"\n\t\t\t\t\t\t\t\t\t\t\t>\n\t\t\t\t\t\t<div class=\"ngg-gallery-thumbnail\">\n\t\t\t<a href=\"https:\/\/www.penzion-konopiste.cz\/wp-content\/gallery\/penzion\/078.jpg\"\n\t\t\t\ttitle=\"\"\n\t\t\t\tdata-src=\"https:\/\/www.penzion-konopiste.cz\/wp-content\/gallery\/penzion\/078.jpg\"\n\t\t\t\tdata-thumbnail=\"https:\/\/www.penzion-konopiste.cz\/wp-content\/gallery\/penzion\/thumbs\/thumbs_078.jpg\"\n\t\t\t\tdata-image-id=\"227\"\n\t\t\t\tdata-title=\"_078\"\n\t\t\t\tdata-description=\"\"\n\t\t\t\tdata-image-slug=\"_078\"\n\t\t\t\tclass=\"ngg-fancybox\" rel=\"9df0055faf12fc5f4b2d9f61ee12fce4\">\n\t\t\t\t<img\n\t\t\t\t\ttitle=\"_078\"\n\t\t\t\t\talt=\"_078\"\n\t\t\t\t\tsrc=\"https:\/\/www.penzion-konopiste.cz\/wp-content\/gallery\/penzion\/thumbs\/thumbs_078.jpg\"\n\t\t\t\t\twidth=\"120\"\n\t\t\t\t\theight=\"90\"\n\t\t\t\t\tstyle=\"max-width:100%;\"\n\t\t\t\t\/>\n\t\t\t<\/a>\n\t\t<\/div>\n\t\t\t\t\t\t\t<\/div>\n\t\t\t\n\t\t\n\t\t\t\t<div id=\"ngg-image-5\" class=\"ngg-gallery-thumbnail-box\"\n\t\t\t\t\t\t\t\t\t\t\t>\n\t\t\t\t\t\t<div class=\"ngg-gallery-thumbnail\">\n\t\t\t<a href=\"https:\/\/www.penzion-konopiste.cz\/wp-content\/gallery\/penzion\/pension7.jpg\"\n\t\t\t\ttitle=\"\"\n\t\t\t\tdata-src=\"https:\/\/www.penzion-konopiste.cz\/wp-content\/gallery\/penzion\/pension7.jpg\"\n\t\t\t\tdata-thumbnail=\"https:\/\/www.penzion-konopiste.cz\/wp-content\/gallery\/penzion\/thumbs\/thumbs_pension7.jpg\"\n\t\t\t\tdata-image-id=\"243\"\n\t\t\t\tdata-title=\"pension7\"\n\t\t\t\tdata-description=\"\"\n\t\t\t\tdata-image-slug=\"pension7\"\n\t\t\t\tclass=\"ngg-fancybox\" rel=\"9df0055faf12fc5f4b2d9f61ee12fce4\">\n\t\t\t\t<img\n\t\t\t\t\ttitle=\"pension7\"\n\t\t\t\t\talt=\"pension7\"\n\t\t\t\t\tsrc=\"https:\/\/www.penzion-konopiste.cz\/wp-content\/gallery\/penzion\/thumbs\/thumbs_pension7.jpg\"\n\t\t\t\t\twidth=\"120\"\n\t\t\t\t\theight=\"90\"\n\t\t\t\t\tstyle=\"max-width:100%;\"\n\t\t\t\t\/>\n\t\t\t<\/a>\n\t\t<\/div>\n\t\t\t\t\t\t\t<\/div>\n\t\t\t\n\t\t\n\t\t\t\t<div id=\"ngg-image-6\" class=\"ngg-gallery-thumbnail-box\"\n\t\t\t\t\t\t\t\t\t\t\t>\n\t\t\t\t\t\t<div class=\"ngg-gallery-thumbnail\">\n\t\t\t<a href=\"https:\/\/www.penzion-konopiste.cz\/wp-content\/gallery\/penzion\/pension4.jpg\"\n\t\t\t\ttitle=\"\"\n\t\t\t\tdata-src=\"https:\/\/www.penzion-konopiste.cz\/wp-content\/gallery\/penzion\/pension4.jpg\"\n\t\t\t\tdata-thumbnail=\"https:\/\/www.penzion-konopiste.cz\/wp-content\/gallery\/penzion\/thumbs\/thumbs_pension4.jpg\"\n\t\t\t\tdata-image-id=\"246\"\n\t\t\t\tdata-title=\"pension4\"\n\t\t\t\tdata-description=\"\"\n\t\t\t\tdata-image-slug=\"pension4\"\n\t\t\t\tclass=\"ngg-fancybox\" rel=\"9df0055faf12fc5f4b2d9f61ee12fce4\">\n\t\t\t\t<img\n\t\t\t\t\ttitle=\"pension4\"\n\t\t\t\t\talt=\"pension4\"\n\t\t\t\t\tsrc=\"https:\/\/www.penzion-konopiste.cz\/wp-content\/gallery\/penzion\/thumbs\/thumbs_pension4.jpg\"\n\t\t\t\t\twidth=\"120\"\n\t\t\t\t\theight=\"90\"\n\t\t\t\t\tstyle=\"max-width:100%;\"\n\t\t\t\t\/>\n\t\t\t<\/a>\n\t\t<\/div>\n\t\t\t\t\t\t\t<\/div>\n\t\t\t\n\t\t\n\t\t\t\t<div id=\"ngg-image-7\" class=\"ngg-gallery-thumbnail-box\"\n\t\t\t\t\t\t\t\t\t\t\t>\n\t\t\t\t\t\t<div class=\"ngg-gallery-thumbnail\">\n\t\t\t<a href=\"https:\/\/www.penzion-konopiste.cz\/wp-content\/gallery\/penzion\/DSCN0668.JPG\"\n\t\t\t\ttitle=\"\"\n\t\t\t\tdata-src=\"https:\/\/www.penzion-konopiste.cz\/wp-content\/gallery\/penzion\/DSCN0668.JPG\"\n\t\t\t\tdata-thumbnail=\"https:\/\/www.penzion-konopiste.cz\/wp-content\/gallery\/penzion\/thumbs\/thumbs_DSCN0668.JPG\"\n\t\t\t\tdata-image-id=\"250\"\n\t\t\t\tdata-title=\"DSCN0668\"\n\t\t\t\tdata-description=\"\"\n\t\t\t\tdata-image-slug=\"dscn0668-1\"\n\t\t\t\tclass=\"ngg-fancybox\" rel=\"9df0055faf12fc5f4b2d9f61ee12fce4\">\n\t\t\t\t<img\n\t\t\t\t\ttitle=\"DSCN0668\"\n\t\t\t\t\talt=\"DSCN0668\"\n\t\t\t\t\tsrc=\"https:\/\/www.penzion-konopiste.cz\/wp-content\/gallery\/penzion\/thumbs\/thumbs_DSCN0668.JPG\"\n\t\t\t\t\twidth=\"120\"\n\t\t\t\t\theight=\"90\"\n\t\t\t\t\tstyle=\"max-width:100%;\"\n\t\t\t\t\/>\n\t\t\t<\/a>\n\t\t<\/div>\n\t\t\t\t\t\t\t<\/div>\n\t\t\t\n\t\t\n\t\t\t\t<div id=\"ngg-image-8\" class=\"ngg-gallery-thumbnail-box\"\n\t\t\t\t\t\t\t\t\t\t\t>\n\t\t\t\t\t\t<div class=\"ngg-gallery-thumbnail\">\n\t\t\t<a href=\"https:\/\/www.penzion-konopiste.cz\/wp-content\/gallery\/penzion\/small.jpg\"\n\t\t\t\ttitle=\"\"\n\t\t\t\tdata-src=\"https:\/\/www.penzion-konopiste.cz\/wp-content\/gallery\/penzion\/small.jpg\"\n\t\t\t\tdata-thumbnail=\"https:\/\/www.penzion-konopiste.cz\/wp-content\/gallery\/penzion\/thumbs\/thumbs_small.jpg\"\n\t\t\t\tdata-image-id=\"297\"\n\t\t\t\tdata-title=\"small\"\n\t\t\t\tdata-description=\"\"\n\t\t\t\tdata-image-slug=\"small\"\n\t\t\t\tclass=\"ngg-fancybox\" rel=\"9df0055faf12fc5f4b2d9f61ee12fce4\">\n\t\t\t\t<img\n\t\t\t\t\ttitle=\"small\"\n\t\t\t\t\talt=\"small\"\n\t\t\t\t\tsrc=\"https:\/\/www.penzion-konopiste.cz\/wp-content\/gallery\/penzion\/thumbs\/thumbs_small.jpg\"\n\t\t\t\t\twidth=\"120\"\n\t\t\t\t\theight=\"90\"\n\t\t\t\t\tstyle=\"max-width:100%;\"\n\t\t\t\t\/>\n\t\t\t<\/a>\n\t\t<\/div>\n\t\t\t\t\t\t\t<\/div>\n\t\t\t\n\t\t\n\t\t\t\t<div id=\"ngg-image-9\" class=\"ngg-gallery-thumbnail-box\"\n\t\t\t\t\t\t\t\t\t\t\t>\n\t\t\t\t\t\t<div class=\"ngg-gallery-thumbnail\">\n\t\t\t<a href=\"https:\/\/www.penzion-konopiste.cz\/wp-content\/gallery\/penzion\/small-1.jpg\"\n\t\t\t\ttitle=\"\"\n\t\t\t\tdata-src=\"https:\/\/www.penzion-konopiste.cz\/wp-content\/gallery\/penzion\/small-1.jpg\"\n\t\t\t\tdata-thumbnail=\"https:\/\/www.penzion-konopiste.cz\/wp-content\/gallery\/penzion\/thumbs\/thumbs_small-1.jpg\"\n\t\t\t\tdata-image-id=\"298\"\n\t\t\t\tdata-title=\"small\"\n\t\t\t\tdata-description=\"\"\n\t\t\t\tdata-image-slug=\"small-1\"\n\t\t\t\tclass=\"ngg-fancybox\" rel=\"9df0055faf12fc5f4b2d9f61ee12fce4\">\n\t\t\t\t<img\n\t\t\t\t\ttitle=\"small\"\n\t\t\t\t\talt=\"small\"\n\t\t\t\t\tsrc=\"https:\/\/www.penzion-konopiste.cz\/wp-content\/gallery\/penzion\/thumbs\/thumbs_small-1.jpg\"\n\t\t\t\t\twidth=\"120\"\n\t\t\t\t\theight=\"90\"\n\t\t\t\t\tstyle=\"max-width:100%;\"\n\t\t\t\t\/>\n\t\t\t<\/a>\n\t\t<\/div>\n\t\t\t\t\t\t\t<\/div>\n\t\t\t\n\t\t\n\t\t\t\t<div id=\"ngg-image-10\" class=\"ngg-gallery-thumbnail-box\"\n\t\t\t\t\t\t\t\t\t\t\t>\n\t\t\t\t\t\t<div class=\"ngg-gallery-thumbnail\">\n\t\t\t<a href=\"https:\/\/www.penzion-konopiste.cz\/wp-content\/gallery\/penzion\/small-2.jpg\"\n\t\t\t\ttitle=\"\"\n\t\t\t\tdata-src=\"https:\/\/www.penzion-konopiste.cz\/wp-content\/gallery\/penzion\/small-2.jpg\"\n\t\t\t\tdata-thumbnail=\"https:\/\/www.penzion-konopiste.cz\/wp-content\/gallery\/penzion\/thumbs\/thumbs_small-2.jpg\"\n\t\t\t\tdata-image-id=\"299\"\n\t\t\t\tdata-title=\"small\"\n\t\t\t\tdata-description=\"\"\n\t\t\t\tdata-image-slug=\"small-2\"\n\t\t\t\tclass=\"ngg-fancybox\" rel=\"9df0055faf12fc5f4b2d9f61ee12fce4\">\n\t\t\t\t<img\n\t\t\t\t\ttitle=\"small\"\n\t\t\t\t\talt=\"small\"\n\t\t\t\t\tsrc=\"https:\/\/www.penzion-konopiste.cz\/wp-content\/gallery\/penzion\/thumbs\/thumbs_small-2.jpg\"\n\t\t\t\t\twidth=\"120\"\n\t\t\t\t\theight=\"90\"\n\t\t\t\t\tstyle=\"max-width:100%;\"\n\t\t\t\t\/>\n\t\t\t<\/a>\n\t\t<\/div>\n\t\t\t\t\t\t\t<\/div>\n\t\t\t\n\t\t\n\t\t\t\t<div id=\"ngg-image-11\" class=\"ngg-gallery-thumbnail-box\"\n\t\t\t\t\t\t\t\t\t\t\t>\n\t\t\t\t\t\t<div class=\"ngg-gallery-thumbnail\">\n\t\t\t<a href=\"https:\/\/www.penzion-konopiste.cz\/wp-content\/gallery\/penzion\/IMG_4253.JPG\"\n\t\t\t\ttitle=\"\"\n\t\t\t\tdata-src=\"https:\/\/www.penzion-konopiste.cz\/wp-content\/gallery\/penzion\/IMG_4253.JPG\"\n\t\t\t\tdata-thumbnail=\"https:\/\/www.penzion-konopiste.cz\/wp-content\/gallery\/penzion\/thumbs\/thumbs_IMG_4253.JPG\"\n\t\t\t\tdata-image-id=\"300\"\n\t\t\t\tdata-title=\"IMG_4253\"\n\t\t\t\tdata-description=\"\"\n\t\t\t\tdata-image-slug=\"img_4253\"\n\t\t\t\tclass=\"ngg-fancybox\" rel=\"9df0055faf12fc5f4b2d9f61ee12fce4\">\n\t\t\t\t<img\n\t\t\t\t\ttitle=\"IMG_4253\"\n\t\t\t\t\talt=\"IMG_4253\"\n\t\t\t\t\tsrc=\"https:\/\/www.penzion-konopiste.cz\/wp-content\/gallery\/penzion\/thumbs\/thumbs_IMG_4253.JPG\"\n\t\t\t\t\twidth=\"120\"\n\t\t\t\t\theight=\"90\"\n\t\t\t\t\tstyle=\"max-width:100%;\"\n\t\t\t\t\/>\n\t\t\t<\/a>\n\t\t<\/div>\n\t\t\t\t\t\t\t<\/div>\n\t\t\t\n\t\t\n\t\t\t\t<div id=\"ngg-image-12\" class=\"ngg-gallery-thumbnail-box\"\n\t\t\t\t\t\t\t\t\t\t\t>\n\t\t\t\t\t\t<div class=\"ngg-gallery-thumbnail\">\n\t\t\t<a href=\"https:\/\/www.penzion-konopiste.cz\/wp-content\/gallery\/penzion\/IMG_4260.JPG\"\n\t\t\t\ttitle=\"Z\u00e1mek Konopi\u0161t\u011b\"\n\t\t\t\tdata-src=\"https:\/\/www.penzion-konopiste.cz\/wp-content\/gallery\/penzion\/IMG_4260.JPG\"\n\t\t\t\tdata-thumbnail=\"https:\/\/www.penzion-konopiste.cz\/wp-content\/gallery\/penzion\/thumbs\/thumbs_IMG_4260.JPG\"\n\t\t\t\tdata-image-id=\"301\"\n\t\t\t\tdata-title=\"IMG_4260\"\n\t\t\t\tdata-description=\"Z\u00e1mek Konopi\u0161t\u011b\"\n\t\t\t\tdata-image-slug=\"img_4260\"\n\t\t\t\tclass=\"ngg-fancybox\" rel=\"9df0055faf12fc5f4b2d9f61ee12fce4\">\n\t\t\t\t<img\n\t\t\t\t\ttitle=\"IMG_4260\"\n\t\t\t\t\talt=\"IMG_4260\"\n\t\t\t\t\tsrc=\"https:\/\/www.penzion-konopiste.cz\/wp-content\/gallery\/penzion\/thumbs\/thumbs_IMG_4260.JPG\"\n\t\t\t\t\twidth=\"120\"\n\t\t\t\t\theight=\"90\"\n\t\t\t\t\tstyle=\"max-width:100%;\"\n\t\t\t\t\/>\n\t\t\t<\/a>\n\t\t<\/div>\n\t\t\t\t\t\t\t<\/div>\n\t\t\t\n\t\t\n\t\t\t\t<div id=\"ngg-image-13\" class=\"ngg-gallery-thumbnail-box\"\n\t\t\t\t\t\t\t\t\t\t\t>\n\t\t\t\t\t\t<div class=\"ngg-gallery-thumbnail\">\n\t\t\t<a href=\"https:\/\/www.penzion-konopiste.cz\/wp-content\/gallery\/penzion\/IMG_4265.JPG\"\n\t\t\t\ttitle=\"Z\u00e1mek Konopi\u0161t\u011b\"\n\t\t\t\tdata-src=\"https:\/\/www.penzion-konopiste.cz\/wp-content\/gallery\/penzion\/IMG_4265.JPG\"\n\t\t\t\tdata-thumbnail=\"https:\/\/www.penzion-konopiste.cz\/wp-content\/gallery\/penzion\/thumbs\/thumbs_IMG_4265.JPG\"\n\t\t\t\tdata-image-id=\"302\"\n\t\t\t\tdata-title=\"IMG_4265\"\n\t\t\t\tdata-description=\"Z\u00e1mek Konopi\u0161t\u011b\"\n\t\t\t\tdata-image-slug=\"img_4265\"\n\t\t\t\tclass=\"ngg-fancybox\" rel=\"9df0055faf12fc5f4b2d9f61ee12fce4\">\n\t\t\t\t<img\n\t\t\t\t\ttitle=\"IMG_4265\"\n\t\t\t\t\talt=\"IMG_4265\"\n\t\t\t\t\tsrc=\"https:\/\/www.penzion-konopiste.cz\/wp-content\/gallery\/penzion\/thumbs\/thumbs_IMG_4265.JPG\"\n\t\t\t\t\twidth=\"120\"\n\t\t\t\t\theight=\"90\"\n\t\t\t\t\tstyle=\"max-width:100%;\"\n\t\t\t\t\/>\n\t\t\t<\/a>\n\t\t<\/div>\n\t\t\t\t\t\t\t<\/div>\n\t\t\t\n\t\t\n\t\t\t\t<div id=\"ngg-image-14\" class=\"ngg-gallery-thumbnail-box\"\n\t\t\t\t\t\t\t\t\t\t\t>\n\t\t\t\t\t\t<div class=\"ngg-gallery-thumbnail\">\n\t\t\t<a href=\"https:\/\/www.penzion-konopiste.cz\/wp-content\/gallery\/penzion\/IMG_6969.JPG\"\n\t\t\t\ttitle=\"Z\u00e1mek Konopi\u0161t\u011b\"\n\t\t\t\tdata-src=\"https:\/\/www.penzion-konopiste.cz\/wp-content\/gallery\/penzion\/IMG_6969.JPG\"\n\t\t\t\tdata-thumbnail=\"https:\/\/www.penzion-konopiste.cz\/wp-content\/gallery\/penzion\/thumbs\/thumbs_IMG_6969.JPG\"\n\t\t\t\tdata-image-id=\"303\"\n\t\t\t\tdata-title=\"IMG_6969\"\n\t\t\t\tdata-description=\"Z\u00e1mek Konopi\u0161t\u011b\"\n\t\t\t\tdata-image-slug=\"img_6969\"\n\t\t\t\tclass=\"ngg-fancybox\" rel=\"9df0055faf12fc5f4b2d9f61ee12fce4\">\n\t\t\t\t<img\n\t\t\t\t\ttitle=\"IMG_6969\"\n\t\t\t\t\talt=\"IMG_6969\"\n\t\t\t\t\tsrc=\"https:\/\/www.penzion-konopiste.cz\/wp-content\/gallery\/penzion\/thumbs\/thumbs_IMG_6969.JPG\"\n\t\t\t\t\twidth=\"120\"\n\t\t\t\t\theight=\"90\"\n\t\t\t\t\tstyle=\"max-width:100%;\"\n\t\t\t\t\/>\n\t\t\t<\/a>\n\t\t<\/div>\n\t\t\t\t\t\t\t<\/div>\n\t\t\t\n\t\t\n\t\t\t\t<div id=\"ngg-image-15\" class=\"ngg-gallery-thumbnail-box\"\n\t\t\t\t\t\t\t\t\t\t\t>\n\t\t\t\t\t\t<div class=\"ngg-gallery-thumbnail\">\n\t\t\t<a href=\"https:\/\/www.penzion-konopiste.cz\/wp-content\/gallery\/penzion\/IMG_7036.JPG\"\n\t\t\t\ttitle=\"Z\u00e1mek Konopi\u0161t\u011b - n\u00e1dvo\u0159\u00ed\"\n\t\t\t\tdata-src=\"https:\/\/www.penzion-konopiste.cz\/wp-content\/gallery\/penzion\/IMG_7036.JPG\"\n\t\t\t\tdata-thumbnail=\"https:\/\/www.penzion-konopiste.cz\/wp-content\/gallery\/penzion\/thumbs\/thumbs_IMG_7036.JPG\"\n\t\t\t\tdata-image-id=\"304\"\n\t\t\t\tdata-title=\"IMG_7036\"\n\t\t\t\tdata-description=\"Z\u00e1mek Konopi\u0161t\u011b - n\u00e1dvo\u0159\u00ed\"\n\t\t\t\tdata-image-slug=\"img_7036\"\n\t\t\t\tclass=\"ngg-fancybox\" rel=\"9df0055faf12fc5f4b2d9f61ee12fce4\">\n\t\t\t\t<img\n\t\t\t\t\ttitle=\"IMG_7036\"\n\t\t\t\t\talt=\"IMG_7036\"\n\t\t\t\t\tsrc=\"https:\/\/www.penzion-konopiste.cz\/wp-content\/gallery\/penzion\/thumbs\/thumbs_IMG_7036.JPG\"\n\t\t\t\t\twidth=\"120\"\n\t\t\t\t\theight=\"90\"\n\t\t\t\t\tstyle=\"max-width:100%;\"\n\t\t\t\t\/>\n\t\t\t<\/a>\n\t\t<\/div>\n\t\t\t\t\t\t\t<\/div>\n\t\t\t\n\t\t\n\t\t\t\t<div id=\"ngg-image-16\" class=\"ngg-gallery-thumbnail-box\"\n\t\t\t\t\t\t\t\t\t\t\t>\n\t\t\t\t\t\t<div class=\"ngg-gallery-thumbnail\">\n\t\t\t<a href=\"https:\/\/www.penzion-konopiste.cz\/wp-content\/gallery\/penzion\/IMG_7046.JPG\"\n\t\t\t\ttitle=\"Z\u00e1mek Konopi\u0161t\u011b\"\n\t\t\t\tdata-src=\"https:\/\/www.penzion-konopiste.cz\/wp-content\/gallery\/penzion\/IMG_7046.JPG\"\n\t\t\t\tdata-thumbnail=\"https:\/\/www.penzion-konopiste.cz\/wp-content\/gallery\/penzion\/thumbs\/thumbs_IMG_7046.JPG\"\n\t\t\t\tdata-image-id=\"305\"\n\t\t\t\tdata-title=\"IMG_7046\"\n\t\t\t\tdata-description=\"Z\u00e1mek Konopi\u0161t\u011b\"\n\t\t\t\tdata-image-slug=\"img_7046\"\n\t\t\t\tclass=\"ngg-fancybox\" rel=\"9df0055faf12fc5f4b2d9f61ee12fce4\">\n\t\t\t\t<img\n\t\t\t\t\ttitle=\"IMG_7046\"\n\t\t\t\t\talt=\"IMG_7046\"\n\t\t\t\t\tsrc=\"https:\/\/www.penzion-konopiste.cz\/wp-content\/gallery\/penzion\/thumbs\/thumbs_IMG_7046.JPG\"\n\t\t\t\t\twidth=\"120\"\n\t\t\t\t\theight=\"90\"\n\t\t\t\t\tstyle=\"max-width:100%;\"\n\t\t\t\t\/>\n\t\t\t<\/a>\n\t\t<\/div>\n\t\t\t\t\t\t\t<\/div>\n\t\t\t\n\t\t\n\t\t\t\t<div id=\"ngg-image-17\" class=\"ngg-gallery-thumbnail-box\"\n\t\t\t\t\t\t\t\t\t\t\t>\n\t\t\t\t\t\t<div class=\"ngg-gallery-thumbnail\">\n\t\t\t<a href=\"https:\/\/www.penzion-konopiste.cz\/wp-content\/gallery\/penzion\/IMG_7048.JPG\"\n\t\t\t\ttitle=\"Z\u00e1mek Konopi\u0161t\u011b\"\n\t\t\t\tdata-src=\"https:\/\/www.penzion-konopiste.cz\/wp-content\/gallery\/penzion\/IMG_7048.JPG\"\n\t\t\t\tdata-thumbnail=\"https:\/\/www.penzion-konopiste.cz\/wp-content\/gallery\/penzion\/thumbs\/thumbs_IMG_7048.JPG\"\n\t\t\t\tdata-image-id=\"306\"\n\t\t\t\tdata-title=\"IMG_7048\"\n\t\t\t\tdata-description=\"Z\u00e1mek Konopi\u0161t\u011b\"\n\t\t\t\tdata-image-slug=\"img_7048\"\n\t\t\t\tclass=\"ngg-fancybox\" rel=\"9df0055faf12fc5f4b2d9f61ee12fce4\">\n\t\t\t\t<img\n\t\t\t\t\ttitle=\"IMG_7048\"\n\t\t\t\t\talt=\"IMG_7048\"\n\t\t\t\t\tsrc=\"https:\/\/www.penzion-konopiste.cz\/wp-content\/gallery\/penzion\/thumbs\/thumbs_IMG_7048.JPG\"\n\t\t\t\t\twidth=\"120\"\n\t\t\t\t\theight=\"90\"\n\t\t\t\t\tstyle=\"max-width:100%;\"\n\t\t\t\t\/>\n\t\t\t<\/a>\n\t\t<\/div>\n\t\t\t\t\t\t\t<\/div>\n\t\t\t\n\t\t\n\t\t\t\t<div id=\"ngg-image-18\" class=\"ngg-gallery-thumbnail-box\"\n\t\t\t\t\t\t\t\t\t\t\t>\n\t\t\t\t\t\t<div class=\"ngg-gallery-thumbnail\">\n\t\t\t<a href=\"https:\/\/www.penzion-konopiste.cz\/wp-content\/gallery\/penzion\/IMG_7283.JPG\"\n\t\t\t\ttitle=\"Z\u00e1mek Konopi\u0161t\u011b\"\n\t\t\t\tdata-src=\"https:\/\/www.penzion-konopiste.cz\/wp-content\/gallery\/penzion\/IMG_7283.JPG\"\n\t\t\t\tdata-thumbnail=\"https:\/\/www.penzion-konopiste.cz\/wp-content\/gallery\/penzion\/thumbs\/thumbs_IMG_7283.JPG\"\n\t\t\t\tdata-image-id=\"307\"\n\t\t\t\tdata-title=\"IMG_7283\"\n\t\t\t\tdata-description=\"Z\u00e1mek Konopi\u0161t\u011b\"\n\t\t\t\tdata-image-slug=\"img_7283\"\n\t\t\t\tclass=\"ngg-fancybox\" rel=\"9df0055faf12fc5f4b2d9f61ee12fce4\">\n\t\t\t\t<img\n\t\t\t\t\ttitle=\"IMG_7283\"\n\t\t\t\t\talt=\"IMG_7283\"\n\t\t\t\t\tsrc=\"https:\/\/www.penzion-konopiste.cz\/wp-content\/gallery\/penzion\/thumbs\/thumbs_IMG_7283.JPG\"\n\t\t\t\t\twidth=\"120\"\n\t\t\t\t\theight=\"90\"\n\t\t\t\t\tstyle=\"max-width:100%;\"\n\t\t\t\t\/>\n\t\t\t<\/a>\n\t\t<\/div>\n\t\t\t\t\t\t\t<\/div>\n\t\t\t\n\t\t\n\t\t\t\t<div id=\"ngg-image-19\" class=\"ngg-gallery-thumbnail-box\"\n\t\t\t\t\t\t\t\t\t\t\t>\n\t\t\t\t\t\t<div class=\"ngg-gallery-thumbnail\">\n\t\t\t<a href=\"https:\/\/www.penzion-konopiste.cz\/wp-content\/gallery\/penzion\/IMG_7285.JPG\"\n\t\t\t\ttitle=\"Z\u00e1mek Konopi\u0161t\u011b\"\n\t\t\t\tdata-src=\"https:\/\/www.penzion-konopiste.cz\/wp-content\/gallery\/penzion\/IMG_7285.JPG\"\n\t\t\t\tdata-thumbnail=\"https:\/\/www.penzion-konopiste.cz\/wp-content\/gallery\/penzion\/thumbs\/thumbs_IMG_7285.JPG\"\n\t\t\t\tdata-image-id=\"308\"\n\t\t\t\tdata-title=\"IMG_7285\"\n\t\t\t\tdata-description=\"Z\u00e1mek Konopi\u0161t\u011b\"\n\t\t\t\tdata-image-slug=\"img_7285\"\n\t\t\t\tclass=\"ngg-fancybox\" rel=\"9df0055faf12fc5f4b2d9f61ee12fce4\">\n\t\t\t\t<img\n\t\t\t\t\ttitle=\"IMG_7285\"\n\t\t\t\t\talt=\"IMG_7285\"\n\t\t\t\t\tsrc=\"https:\/\/www.penzion-konopiste.cz\/wp-content\/gallery\/penzion\/thumbs\/thumbs_IMG_7285.JPG\"\n\t\t\t\t\twidth=\"120\"\n\t\t\t\t\theight=\"90\"\n\t\t\t\t\tstyle=\"max-width:100%;\"\n\t\t\t\t\/>\n\t\t\t<\/a>\n\t\t<\/div>\n\t\t\t\t\t\t\t<\/div>\n\t\t\t\n\t\t\n\t\t\n\t\t<!-- Pagination -->\n\t\t<div class='ngg-navigation'><span class='current'>1<\/span>\n<a class='page-numbers' data-pageid='2' href='https:\/\/www.penzion-konopiste.cz\/de\/about-us\/nggallery\/page\/2'>2<\/a>\n<a class='prev' href='https:\/\/www.penzion-konopiste.cz\/de\/about-us\/nggallery\/page\/2' data-pageid=2>&#9658;<\/a><\/div>\t<\/div>\n<\/p>\n<h2>&nbsp;<\/h2>\n<dl>\n<dd>\n<dl>\n<dt><\/dt>\n<\/dl>\n<\/dd>\n<\/dl>\n<p>&nbsp;<\/p>\n<dl>\n<dd>\n<dl>\n<dt><\/dt>\n<\/dl>\n<\/dd>\n<\/dl>\n","protected":false},"excerpt":{"rendered":"<p>Unser Pension Unser G\u00e4stehaus befindet sich in der N\u00e4he des des Schloss Konopi\u0161t\u011b &#8211; einem der sch\u00f6nsten tschechischen Schl\u00f6sser. Es liegt 40 km von Prag und 1 km von der Stadt Bene\u0161ov, wo es viele Restaurants, Caf\u00e9s und Gesch\u00e4fte gibt. Das gesamte Gebiet liegt in der Natur, auf der einen Seite von Wald ges\u00e4umt, auf der anderen von einem Bach.&nbsp;<a href=\"https:\/\/www.penzion-konopiste.cz\/de\/about-us\/\" class=\"read-more\">Continue Reading<\/a><\/p>\n","protected":false},"author":1,"featured_media":0,"parent":0,"menu_order":1,"comment_status":"closed","ping_status":"closed","template":"page-fullwidth.php","meta":{"ngg_post_thumbnail":0,"footnotes":""},"class_list":["post-5","page","type-page","status-publish","hentry"],"translation":{"provider":"WPGlobus","version":"3.0.0","language":"de","enabled_languages":["cz","en","de"],"languages":{"cz":{"title":true,"content":true,"excerpt":false},"en":{"title":true,"content":true,"excerpt":false},"de":{"title":true,"content":true,"excerpt":false}}},"_links":{"self":[{"href":"https:\/\/www.penzion-konopiste.cz\/de\/wp-json\/wp\/v2\/pages\/5","targetHints":{"allow":["GET"]}}],"collection":[{"href":"https:\/\/www.penzion-konopiste.cz\/de\/wp-json\/wp\/v2\/pages"}],"about":[{"href":"https:\/\/www.penzion-konopiste.cz\/de\/wp-json\/wp\/v2\/types\/page"}],"author":[{"embeddable":true,"href":"https:\/\/www.penzion-konopiste.cz\/de\/wp-json\/wp\/v2\/users\/1"}],"replies":[{"embeddable":true,"href":"https:\/\/www.penzion-konopiste.cz\/de\/wp-json\/wp\/v2\/comments?post=5"}],"version-history":[{"count":126,"href":"https:\/\/www.penzion-konopiste.cz\/de\/wp-json\/wp\/v2\/pages\/5\/revisions"}],"predecessor-version":[{"id":3804,"href":"https:\/\/www.penzion-konopiste.cz\/de\/wp-json\/wp\/v2\/pages\/5\/revisions\/3804"}],"wp:attachment":[{"href":"https:\/\/www.penzion-konopiste.cz\/de\/wp-json\/wp\/v2\/media?parent=5"}],"curies":[{"name":"wp","href":"https:\/\/api.w.org\/{rel}","templated":true}]}}