{"id":103,"date":"2011-07-14T20:57:09","date_gmt":"2011-07-14T20:57:09","guid":{"rendered":"http:\/\/www.penzion-konopiste.cz?page_id=103"},"modified":"2024-02-18T18:07:58","modified_gmt":"2024-02-18T18:07:58","slug":"blog","status":"publish","type":"page","link":"https:\/\/www.penzion-konopiste.cz\/en\/about-us\/blog\/","title":{"rendered":"Galerie"},"content":{"rendered":"<div class=\"grid_11 alpha\"><table>\n<tbody>\n<tr>\n<td>\n<div id=\"attachment_2628\" style=\"width: 260px\" class=\"wp-caption alignleft\"><a href=\"http:\/\/www.penzion-konopiste.cz\/blog\/pension-a-okoli\/\"><img loading=\"lazy\" decoding=\"async\" aria-describedby=\"caption-attachment-2628\" class=\"wp-image-2628 size-full\" title=\"Penzion Konopi\u0161t\u011b a okol\u00ed\" src=\"http:\/\/www.penzion-konopiste.cz\/wp-content\/uploads\/2011\/07\/galerie1.jpg\" alt=\"Penzion Konopi\u0161t\u011b a okol\u00ed\" width=\"250\" height=\"167\"><\/a><p id=\"caption-attachment-2628\" class=\"wp-caption-text\">Penzion a Z\u00e1mek Konopi\u0161t\u011b<\/p><\/div><\/td>\n<td>\n<div id=\"attachment_2630\" style=\"width: 260px\" class=\"wp-caption alignleft\"><a href=\"http:\/\/www.penzion-konopiste.cz\/blog\/pokoje\/\"><img loading=\"lazy\" decoding=\"async\" aria-describedby=\"caption-attachment-2630\" class=\"wp-image-2630 size-full\" title=\"Pokoje Penzion Konopi\u0161t\u011b\" src=\"http:\/\/www.penzion-konopiste.cz\/wp-content\/uploads\/2011\/07\/galerie3.jpg\" alt=\"Pokoje Penzion Konopi\u0161t\u011b\" width=\"250\" height=\"166\"><\/a><p id=\"caption-attachment-2630\" class=\"wp-caption-text\">Pokoje Penzion Konopi\u0161t\u011b<\/p><\/div><\/td>\n<\/tr>\n<tr>\n<td>\n<div id=\"attachment_2629\" style=\"width: 260px\" class=\"wp-caption alignleft\"><a href=\"http:\/\/www.penzion-konopiste.cz\/blog\/virtualni-prohlidka\"><img loading=\"lazy\" decoding=\"async\" aria-describedby=\"caption-attachment-2629\" class=\"wp-image-2629 size-full\" title=\"Penzion Konopi\u0161t\u011b - virtu\u00e1ln\u00ed prohl\u00eddka\" src=\"http:\/\/www.penzion-konopiste.cz\/wp-content\/uploads\/2011\/07\/galerie2.jpg\" alt=\"Penzion Konopi\u0161t\u011b - virtu\u00e1ln\u00ed prohl\u00eddka\" width=\"250\" height=\"166\"><\/a><p id=\"caption-attachment-2629\" class=\"wp-caption-text\">Penzion Konopi\u0161t\u011b &#8211; virtu\u00e1ln\u00ed prohl\u00eddka<\/p><\/div><\/td>\n<td>\n<div id=\"attachment_2632\" style=\"width: 260px\" class=\"wp-caption alignleft\"><a href=\"http:\/\/www.penzion-konopiste.cz\/blog\/muzeum-motocyklu\/\"><img loading=\"lazy\" decoding=\"async\" aria-describedby=\"caption-attachment-2632\" class=\"wp-image-2632 size-full\" title=\"Muzeum motocykl\u016f Jawa - Penzion Konopi\u0161t\u011b\" src=\"http:\/\/www.penzion-konopiste.cz\/wp-content\/uploads\/2011\/07\/galerie5.jpg\" alt=\"Muzeum motocykl\u016f Jawa - Penzion Konopi\u0161t\u011b\" width=\"250\" height=\"166\"><\/a><p id=\"caption-attachment-2632\" class=\"wp-caption-text\">Muzeum motocykl\u016f Jawa &#8211; Penzion Konopi\u0161t\u011b<\/p><\/div><\/td>\n<\/tr>\n<\/tbody>\n<\/table>\n<h2><div class=\"spacer\"><!-- --><\/div><\/div><div class=\"grid_4 prefix_1 omega\"><\/h2>\n<h2>Ubytov\u00e1n\u00ed<\/h2>\n<dl>\n<dt>Pro zamilovan\u00e9<\/dt>\n<dd>Romantick\u00e9 apartm\u00e1ny pro zamilovan\u00e9. Romantick\u00e1 v\u00fdzdoba pokoje, kv\u011btina pro Va\u0161i drahou polovi\u010dku, l\u00e1hev v\u00edna \u010di sektu, piknik v z\u00e1meck\u00e9m parku&#8230;<\/dd>\n<dt>Pro podnikatele a managery<\/dt>\n<dd>Okol\u00ed pensionu je pokryto WiFi. Zap\u016fj\u010den\u00ed GoogleBooku. \u0158i\u010fte svoji firmu p\u0159\u00edmo z&nbsp;Pensionu Konopi\u0161t\u011b, dop\u0159ejte si pauzu a bu\u010fte p\u0159esto ve spojen\u00ed se svoj\u00ed spole\u010dnost\u00ed. Dlouhodob\u00e9 pron\u00e1jmy apartm\u00e1n\u016f<\/dd>\n<dt>Pro rodiny s&nbsp;d\u011btmi<\/dt>\n<dd>D\u011btsk\u00e9 pokoje. Zap\u016fj\u010den\u00ed hra\u010dek a her, p\u0159ebalovac\u00ed podlo\u017eky, no\u010dn\u00edku&#8230; Velk\u00e9 d\u011btsk\u00e9 h\u0159i\u0161t\u011b u pensionu, diskgolf h\u0159i\u0161t\u011b, velk\u00e9 zahradn\u00ed \u0161achy, petanque, kroket&#8230; Jsme BABY FRIENDLY.<\/dd>\n<\/dl><\/div>\n","protected":false},"excerpt":{"rendered":"","protected":false},"author":1,"featured_media":0,"parent":5,"menu_order":2,"comment_status":"closed","ping_status":"closed","template":"page-fullwidth.php","meta":{"ngg_post_thumbnail":0,"footnotes":""},"class_list":["post-103","page","type-page","status-publish","hentry"],"translation":{"provider":"WPGlobus","version":"3.0.0","language":"en","enabled_languages":["cz","en","de"],"languages":{"cz":{"title":true,"content":true,"excerpt":false},"en":{"title":false,"content":false,"excerpt":false},"de":{"title":false,"content":false,"excerpt":false}}},"_links":{"self":[{"href":"https:\/\/www.penzion-konopiste.cz\/en\/wp-json\/wp\/v2\/pages\/103","targetHints":{"allow":["GET"]}}],"collection":[{"href":"https:\/\/www.penzion-konopiste.cz\/en\/wp-json\/wp\/v2\/pages"}],"about":[{"href":"https:\/\/www.penzion-konopiste.cz\/en\/wp-json\/wp\/v2\/types\/page"}],"author":[{"embeddable":true,"href":"https:\/\/www.penzion-konopiste.cz\/en\/wp-json\/wp\/v2\/users\/1"}],"replies":[{"embeddable":true,"href":"https:\/\/www.penzion-konopiste.cz\/en\/wp-json\/wp\/v2\/comments?post=103"}],"version-history":[{"count":29,"href":"https:\/\/www.penzion-konopiste.cz\/en\/wp-json\/wp\/v2\/pages\/103\/revisions"}],"predecessor-version":[{"id":3816,"href":"https:\/\/www.penzion-konopiste.cz\/en\/wp-json\/wp\/v2\/pages\/103\/revisions\/3816"}],"up":[{"embeddable":true,"href":"https:\/\/www.penzion-konopiste.cz\/en\/wp-json\/wp\/v2\/pages\/5"}],"wp:attachment":[{"href":"https:\/\/www.penzion-konopiste.cz\/en\/wp-json\/wp\/v2\/media?parent=103"}],"curies":[{"name":"wp","href":"https:\/\/api.w.org\/{rel}","templated":true}]}}