{"id":1112,"date":"2014-10-20T12:43:31","date_gmt":"2014-10-20T12:43:31","guid":{"rendered":"http:\/\/www.penzion-konopiste.cz\/?page_id=1112"},"modified":"2015-11-09T08:48:33","modified_gmt":"2015-11-09T08:48:33","slug":"pension-a-okoli","status":"publish","type":"page","link":"https:\/\/www.penzion-konopiste.cz\/en\/about-us\/blog\/pension-a-okoli\/","title":{"rendered":"PENSION A OKOL\u00cd"},"content":{"rendered":"<p>Novinky.cz &#8211; Pod\u00edvejte se na z\u00e1mek Konopi\u0161t\u011b tak trochu jinak &#8211; <a href=\"http:\/\/h00df.s15.cdn.szn.cz\/vod\/15\/00df\/44730\/mp4\/aecb2a0ff842e149_720p.mp4\" target=\"_blank\">video<\/a>, <a href=\"http:\/\/www.novinky.cz\/domaci\/378901-podivejte-se-na-zamek-konopiste-tak-trochu-jinak.html\" target=\"_blank\">\u010dl\u00e1nek<\/a><\/p>\n<p><video poster=\"http:\/\/media.novinky.cz\/623\/506230-top_foto1-52fbw.jpg\" controls=\"controls\" width=\"600\" height=\"338\"><source src=\"http:\/\/h00df.s15.cdn.szn.cz\/vod\/15\/00df\/44730\/mp4\/aecb2a0ff842e149_720p.mp4\" type=\"video\/mp4\" \/><\/video><\/p>\n<h2><\/h2>\n<h2>Penzion a okol\u00ed<\/h2>\n<p><!-- index.php -->\n<div\n\tclass=\"ngg-galleryoverview\n\t ngg-ajax-pagination-none\t\"\n\tid=\"ngg-gallery-f255def0747dbca67a668b65ae5de7dc-1\">\n\n\t\t\t<!-- Thumbnails -->\n\t\t\t\t<div id=\"ngg-image-0\" class=\"ngg-gallery-thumbnail-box\"\n\t\t\t\t\t\t\t\t\t\t\t>\n\t\t\t\t\t\t<div class=\"ngg-gallery-thumbnail\">\n\t\t\t<a href=\"https:\/\/www.penzion-konopiste.cz\/wp-content\/gallery\/penzion\/pension17.jpg\"\n\t\t\t\ttitle=\"\"\n\t\t\t\tdata-src=\"https:\/\/www.penzion-konopiste.cz\/wp-content\/gallery\/penzion\/pension17.jpg\"\n\t\t\t\tdata-thumbnail=\"https:\/\/www.penzion-konopiste.cz\/wp-content\/gallery\/penzion\/thumbs\/thumbs_pension17.jpg\"\n\t\t\t\tdata-image-id=\"233\"\n\t\t\t\tdata-title=\"pension17\"\n\t\t\t\tdata-description=\"\"\n\t\t\t\tdata-image-slug=\"pension17\"\n\t\t\t\tclass=\"ngg-fancybox\" rel=\"f255def0747dbca67a668b65ae5de7dc\">\n\t\t\t\t<img\n\t\t\t\t\ttitle=\"pension17\"\n\t\t\t\t\talt=\"pension17\"\n\t\t\t\t\tsrc=\"https:\/\/www.penzion-konopiste.cz\/wp-content\/gallery\/penzion\/thumbs\/thumbs_pension17.jpg\"\n\t\t\t\t\twidth=\"120\"\n\t\t\t\t\theight=\"90\"\n\t\t\t\t\tstyle=\"max-width:100%;\"\n\t\t\t\t\/>\n\t\t\t<\/a>\n\t\t<\/div>\n\t\t\t\t\t\t\t<\/div>\n\t\t\t\n\t\t\n\t\t\t\t<div id=\"ngg-image-1\" class=\"ngg-gallery-thumbnail-box\"\n\t\t\t\t\t\t\t\t\t\t\t>\n\t\t\t\t\t\t<div class=\"ngg-gallery-thumbnail\">\n\t\t\t<a href=\"https:\/\/www.penzion-konopiste.cz\/wp-content\/gallery\/penzion\/pension16.jpg\"\n\t\t\t\ttitle=\"\"\n\t\t\t\tdata-src=\"https:\/\/www.penzion-konopiste.cz\/wp-content\/gallery\/penzion\/pension16.jpg\"\n\t\t\t\tdata-thumbnail=\"https:\/\/www.penzion-konopiste.cz\/wp-content\/gallery\/penzion\/thumbs\/thumbs_pension16.jpg\"\n\t\t\t\tdata-image-id=\"234\"\n\t\t\t\tdata-title=\"pension16\"\n\t\t\t\tdata-description=\"\"\n\t\t\t\tdata-image-slug=\"pension16\"\n\t\t\t\tclass=\"ngg-fancybox\" rel=\"f255def0747dbca67a668b65ae5de7dc\">\n\t\t\t\t<img\n\t\t\t\t\ttitle=\"pension16\"\n\t\t\t\t\talt=\"pension16\"\n\t\t\t\t\tsrc=\"https:\/\/www.penzion-konopiste.cz\/wp-content\/gallery\/penzion\/thumbs\/thumbs_pension16.jpg\"\n\t\t\t\t\twidth=\"120\"\n\t\t\t\t\theight=\"90\"\n\t\t\t\t\tstyle=\"max-width:100%;\"\n\t\t\t\t\/>\n\t\t\t<\/a>\n\t\t<\/div>\n\t\t\t\t\t\t\t<\/div>\n\t\t\t\n\t\t\n\t\t\t\t<div id=\"ngg-image-2\" class=\"ngg-gallery-thumbnail-box\"\n\t\t\t\t\t\t\t\t\t\t\t>\n\t\t\t\t\t\t<div class=\"ngg-gallery-thumbnail\">\n\t\t\t<a href=\"https:\/\/www.penzion-konopiste.cz\/wp-content\/gallery\/penzion\/pension15.jpg\"\n\t\t\t\ttitle=\"\"\n\t\t\t\tdata-src=\"https:\/\/www.penzion-konopiste.cz\/wp-content\/gallery\/penzion\/pension15.jpg\"\n\t\t\t\tdata-thumbnail=\"https:\/\/www.penzion-konopiste.cz\/wp-content\/gallery\/penzion\/thumbs\/thumbs_pension15.jpg\"\n\t\t\t\tdata-image-id=\"235\"\n\t\t\t\tdata-title=\"pension15\"\n\t\t\t\tdata-description=\"\"\n\t\t\t\tdata-image-slug=\"pension15\"\n\t\t\t\tclass=\"ngg-fancybox\" rel=\"f255def0747dbca67a668b65ae5de7dc\">\n\t\t\t\t<img\n\t\t\t\t\ttitle=\"pension15\"\n\t\t\t\t\talt=\"pension15\"\n\t\t\t\t\tsrc=\"https:\/\/www.penzion-konopiste.cz\/wp-content\/gallery\/penzion\/thumbs\/thumbs_pension15.jpg\"\n\t\t\t\t\twidth=\"120\"\n\t\t\t\t\theight=\"90\"\n\t\t\t\t\tstyle=\"max-width:100%;\"\n\t\t\t\t\/>\n\t\t\t<\/a>\n\t\t<\/div>\n\t\t\t\t\t\t\t<\/div>\n\t\t\t\n\t\t\n\t\t\t\t<div id=\"ngg-image-3\" class=\"ngg-gallery-thumbnail-box\"\n\t\t\t\t\t\t\t\t\t\t\t>\n\t\t\t\t\t\t<div class=\"ngg-gallery-thumbnail\">\n\t\t\t<a href=\"https:\/\/www.penzion-konopiste.cz\/wp-content\/gallery\/penzion\/pension14.jpg\"\n\t\t\t\ttitle=\"\"\n\t\t\t\tdata-src=\"https:\/\/www.penzion-konopiste.cz\/wp-content\/gallery\/penzion\/pension14.jpg\"\n\t\t\t\tdata-thumbnail=\"https:\/\/www.penzion-konopiste.cz\/wp-content\/gallery\/penzion\/thumbs\/thumbs_pension14.jpg\"\n\t\t\t\tdata-image-id=\"236\"\n\t\t\t\tdata-title=\"pension14\"\n\t\t\t\tdata-description=\"\"\n\t\t\t\tdata-image-slug=\"pension14\"\n\t\t\t\tclass=\"ngg-fancybox\" rel=\"f255def0747dbca67a668b65ae5de7dc\">\n\t\t\t\t<img\n\t\t\t\t\ttitle=\"pension14\"\n\t\t\t\t\talt=\"pension14\"\n\t\t\t\t\tsrc=\"https:\/\/www.penzion-konopiste.cz\/wp-content\/gallery\/penzion\/thumbs\/thumbs_pension14.jpg\"\n\t\t\t\t\twidth=\"120\"\n\t\t\t\t\theight=\"90\"\n\t\t\t\t\tstyle=\"max-width:100%;\"\n\t\t\t\t\/>\n\t\t\t<\/a>\n\t\t<\/div>\n\t\t\t\t\t\t\t<\/div>\n\t\t\t\n\t\t\n\t\t\t\t<div id=\"ngg-image-4\" class=\"ngg-gallery-thumbnail-box\"\n\t\t\t\t\t\t\t\t\t\t\t>\n\t\t\t\t\t\t<div class=\"ngg-gallery-thumbnail\">\n\t\t\t<a href=\"https:\/\/www.penzion-konopiste.cz\/wp-content\/gallery\/penzion\/pension13.jpg\"\n\t\t\t\ttitle=\"\"\n\t\t\t\tdata-src=\"https:\/\/www.penzion-konopiste.cz\/wp-content\/gallery\/penzion\/pension13.jpg\"\n\t\t\t\tdata-thumbnail=\"https:\/\/www.penzion-konopiste.cz\/wp-content\/gallery\/penzion\/thumbs\/thumbs_pension13.jpg\"\n\t\t\t\tdata-image-id=\"237\"\n\t\t\t\tdata-title=\"pension13\"\n\t\t\t\tdata-description=\"\"\n\t\t\t\tdata-image-slug=\"pension13\"\n\t\t\t\tclass=\"ngg-fancybox\" rel=\"f255def0747dbca67a668b65ae5de7dc\">\n\t\t\t\t<img\n\t\t\t\t\ttitle=\"pension13\"\n\t\t\t\t\talt=\"pension13\"\n\t\t\t\t\tsrc=\"https:\/\/www.penzion-konopiste.cz\/wp-content\/gallery\/penzion\/thumbs\/thumbs_pension13.jpg\"\n\t\t\t\t\twidth=\"120\"\n\t\t\t\t\theight=\"90\"\n\t\t\t\t\tstyle=\"max-width:100%;\"\n\t\t\t\t\/>\n\t\t\t<\/a>\n\t\t<\/div>\n\t\t\t\t\t\t\t<\/div>\n\t\t\t\n\t\t\n\t\t\t\t<div id=\"ngg-image-5\" class=\"ngg-gallery-thumbnail-box\"\n\t\t\t\t\t\t\t\t\t\t\t>\n\t\t\t\t\t\t<div class=\"ngg-gallery-thumbnail\">\n\t\t\t<a href=\"https:\/\/www.penzion-konopiste.cz\/wp-content\/gallery\/penzion\/pension12.jpg\"\n\t\t\t\ttitle=\"\"\n\t\t\t\tdata-src=\"https:\/\/www.penzion-konopiste.cz\/wp-content\/gallery\/penzion\/pension12.jpg\"\n\t\t\t\tdata-thumbnail=\"https:\/\/www.penzion-konopiste.cz\/wp-content\/gallery\/penzion\/thumbs\/thumbs_pension12.jpg\"\n\t\t\t\tdata-image-id=\"238\"\n\t\t\t\tdata-title=\"pension12\"\n\t\t\t\tdata-description=\"\"\n\t\t\t\tdata-image-slug=\"pension12\"\n\t\t\t\tclass=\"ngg-fancybox\" rel=\"f255def0747dbca67a668b65ae5de7dc\">\n\t\t\t\t<img\n\t\t\t\t\ttitle=\"pension12\"\n\t\t\t\t\talt=\"pension12\"\n\t\t\t\t\tsrc=\"https:\/\/www.penzion-konopiste.cz\/wp-content\/gallery\/penzion\/thumbs\/thumbs_pension12.jpg\"\n\t\t\t\t\twidth=\"120\"\n\t\t\t\t\theight=\"90\"\n\t\t\t\t\tstyle=\"max-width:100%;\"\n\t\t\t\t\/>\n\t\t\t<\/a>\n\t\t<\/div>\n\t\t\t\t\t\t\t<\/div>\n\t\t\t\n\t\t\n\t\t\t\t<div id=\"ngg-image-6\" class=\"ngg-gallery-thumbnail-box\"\n\t\t\t\t\t\t\t\t\t\t\t>\n\t\t\t\t\t\t<div class=\"ngg-gallery-thumbnail\">\n\t\t\t<a href=\"https:\/\/www.penzion-konopiste.cz\/wp-content\/gallery\/penzion\/pension11.jpg\"\n\t\t\t\ttitle=\"\"\n\t\t\t\tdata-src=\"https:\/\/www.penzion-konopiste.cz\/wp-content\/gallery\/penzion\/pension11.jpg\"\n\t\t\t\tdata-thumbnail=\"https:\/\/www.penzion-konopiste.cz\/wp-content\/gallery\/penzion\/thumbs\/thumbs_pension11.jpg\"\n\t\t\t\tdata-image-id=\"239\"\n\t\t\t\tdata-title=\"pension11\"\n\t\t\t\tdata-description=\"\"\n\t\t\t\tdata-image-slug=\"pension11\"\n\t\t\t\tclass=\"ngg-fancybox\" rel=\"f255def0747dbca67a668b65ae5de7dc\">\n\t\t\t\t<img\n\t\t\t\t\ttitle=\"pension11\"\n\t\t\t\t\talt=\"pension11\"\n\t\t\t\t\tsrc=\"https:\/\/www.penzion-konopiste.cz\/wp-content\/gallery\/penzion\/thumbs\/thumbs_pension11.jpg\"\n\t\t\t\t\twidth=\"120\"\n\t\t\t\t\theight=\"90\"\n\t\t\t\t\tstyle=\"max-width:100%;\"\n\t\t\t\t\/>\n\t\t\t<\/a>\n\t\t<\/div>\n\t\t\t\t\t\t\t<\/div>\n\t\t\t\n\t\t\n\t\t\t\t<div id=\"ngg-image-7\" class=\"ngg-gallery-thumbnail-box\"\n\t\t\t\t\t\t\t\t\t\t\t>\n\t\t\t\t\t\t<div class=\"ngg-gallery-thumbnail\">\n\t\t\t<a href=\"https:\/\/www.penzion-konopiste.cz\/wp-content\/gallery\/penzion\/pension9.jpg\"\n\t\t\t\ttitle=\"\"\n\t\t\t\tdata-src=\"https:\/\/www.penzion-konopiste.cz\/wp-content\/gallery\/penzion\/pension9.jpg\"\n\t\t\t\tdata-thumbnail=\"https:\/\/www.penzion-konopiste.cz\/wp-content\/gallery\/penzion\/thumbs\/thumbs_pension9.jpg\"\n\t\t\t\tdata-image-id=\"240\"\n\t\t\t\tdata-title=\"pension9\"\n\t\t\t\tdata-description=\"\"\n\t\t\t\tdata-image-slug=\"pension9\"\n\t\t\t\tclass=\"ngg-fancybox\" rel=\"f255def0747dbca67a668b65ae5de7dc\">\n\t\t\t\t<img\n\t\t\t\t\ttitle=\"pension9\"\n\t\t\t\t\talt=\"pension9\"\n\t\t\t\t\tsrc=\"https:\/\/www.penzion-konopiste.cz\/wp-content\/gallery\/penzion\/thumbs\/thumbs_pension9.jpg\"\n\t\t\t\t\twidth=\"120\"\n\t\t\t\t\theight=\"90\"\n\t\t\t\t\tstyle=\"max-width:100%;\"\n\t\t\t\t\/>\n\t\t\t<\/a>\n\t\t<\/div>\n\t\t\t\t\t\t\t<\/div>\n\t\t\t\n\t\t\n\t\t\t\t<div id=\"ngg-image-8\" class=\"ngg-gallery-thumbnail-box\"\n\t\t\t\t\t\t\t\t\t\t\t>\n\t\t\t\t\t\t<div class=\"ngg-gallery-thumbnail\">\n\t\t\t<a href=\"https:\/\/www.penzion-konopiste.cz\/wp-content\/gallery\/penzion\/pension10.jpg\"\n\t\t\t\ttitle=\"\"\n\t\t\t\tdata-src=\"https:\/\/www.penzion-konopiste.cz\/wp-content\/gallery\/penzion\/pension10.jpg\"\n\t\t\t\tdata-thumbnail=\"https:\/\/www.penzion-konopiste.cz\/wp-content\/gallery\/penzion\/thumbs\/thumbs_pension10.jpg\"\n\t\t\t\tdata-image-id=\"241\"\n\t\t\t\tdata-title=\"pension10\"\n\t\t\t\tdata-description=\"\"\n\t\t\t\tdata-image-slug=\"pension10\"\n\t\t\t\tclass=\"ngg-fancybox\" rel=\"f255def0747dbca67a668b65ae5de7dc\">\n\t\t\t\t<img\n\t\t\t\t\ttitle=\"pension10\"\n\t\t\t\t\talt=\"pension10\"\n\t\t\t\t\tsrc=\"https:\/\/www.penzion-konopiste.cz\/wp-content\/gallery\/penzion\/thumbs\/thumbs_pension10.jpg\"\n\t\t\t\t\twidth=\"120\"\n\t\t\t\t\theight=\"90\"\n\t\t\t\t\tstyle=\"max-width:100%;\"\n\t\t\t\t\/>\n\t\t\t<\/a>\n\t\t<\/div>\n\t\t\t\t\t\t\t<\/div>\n\t\t\t\n\t\t\n\t\t\t\t<div id=\"ngg-image-9\" class=\"ngg-gallery-thumbnail-box\"\n\t\t\t\t\t\t\t\t\t\t\t>\n\t\t\t\t\t\t<div class=\"ngg-gallery-thumbnail\">\n\t\t\t<a href=\"https:\/\/www.penzion-konopiste.cz\/wp-content\/gallery\/penzion\/pension8.jpg\"\n\t\t\t\ttitle=\"\"\n\t\t\t\tdata-src=\"https:\/\/www.penzion-konopiste.cz\/wp-content\/gallery\/penzion\/pension8.jpg\"\n\t\t\t\tdata-thumbnail=\"https:\/\/www.penzion-konopiste.cz\/wp-content\/gallery\/penzion\/thumbs\/thumbs_pension8.jpg\"\n\t\t\t\tdata-image-id=\"242\"\n\t\t\t\tdata-title=\"pension8\"\n\t\t\t\tdata-description=\"\"\n\t\t\t\tdata-image-slug=\"pension8\"\n\t\t\t\tclass=\"ngg-fancybox\" rel=\"f255def0747dbca67a668b65ae5de7dc\">\n\t\t\t\t<img\n\t\t\t\t\ttitle=\"pension8\"\n\t\t\t\t\talt=\"pension8\"\n\t\t\t\t\tsrc=\"https:\/\/www.penzion-konopiste.cz\/wp-content\/gallery\/penzion\/thumbs\/thumbs_pension8.jpg\"\n\t\t\t\t\twidth=\"120\"\n\t\t\t\t\theight=\"90\"\n\t\t\t\t\tstyle=\"max-width:100%;\"\n\t\t\t\t\/>\n\t\t\t<\/a>\n\t\t<\/div>\n\t\t\t\t\t\t\t<\/div>\n\t\t\t\n\t\t\n\t\t\t\t<div id=\"ngg-image-10\" class=\"ngg-gallery-thumbnail-box\"\n\t\t\t\t\t\t\t\t\t\t\t>\n\t\t\t\t\t\t<div class=\"ngg-gallery-thumbnail\">\n\t\t\t<a href=\"https:\/\/www.penzion-konopiste.cz\/wp-content\/gallery\/penzion\/pension7.jpg\"\n\t\t\t\ttitle=\"\"\n\t\t\t\tdata-src=\"https:\/\/www.penzion-konopiste.cz\/wp-content\/gallery\/penzion\/pension7.jpg\"\n\t\t\t\tdata-thumbnail=\"https:\/\/www.penzion-konopiste.cz\/wp-content\/gallery\/penzion\/thumbs\/thumbs_pension7.jpg\"\n\t\t\t\tdata-image-id=\"243\"\n\t\t\t\tdata-title=\"pension7\"\n\t\t\t\tdata-description=\"\"\n\t\t\t\tdata-image-slug=\"pension7\"\n\t\t\t\tclass=\"ngg-fancybox\" rel=\"f255def0747dbca67a668b65ae5de7dc\">\n\t\t\t\t<img\n\t\t\t\t\ttitle=\"pension7\"\n\t\t\t\t\talt=\"pension7\"\n\t\t\t\t\tsrc=\"https:\/\/www.penzion-konopiste.cz\/wp-content\/gallery\/penzion\/thumbs\/thumbs_pension7.jpg\"\n\t\t\t\t\twidth=\"120\"\n\t\t\t\t\theight=\"90\"\n\t\t\t\t\tstyle=\"max-width:100%;\"\n\t\t\t\t\/>\n\t\t\t<\/a>\n\t\t<\/div>\n\t\t\t\t\t\t\t<\/div>\n\t\t\t\n\t\t\n\t\t\t\t<div id=\"ngg-image-11\" class=\"ngg-gallery-thumbnail-box\"\n\t\t\t\t\t\t\t\t\t\t\t>\n\t\t\t\t\t\t<div class=\"ngg-gallery-thumbnail\">\n\t\t\t<a href=\"https:\/\/www.penzion-konopiste.cz\/wp-content\/gallery\/penzion\/pension6.jpg\"\n\t\t\t\ttitle=\"\"\n\t\t\t\tdata-src=\"https:\/\/www.penzion-konopiste.cz\/wp-content\/gallery\/penzion\/pension6.jpg\"\n\t\t\t\tdata-thumbnail=\"https:\/\/www.penzion-konopiste.cz\/wp-content\/gallery\/penzion\/thumbs\/thumbs_pension6.jpg\"\n\t\t\t\tdata-image-id=\"244\"\n\t\t\t\tdata-title=\"pension6\"\n\t\t\t\tdata-description=\"\"\n\t\t\t\tdata-image-slug=\"pension6\"\n\t\t\t\tclass=\"ngg-fancybox\" rel=\"f255def0747dbca67a668b65ae5de7dc\">\n\t\t\t\t<img\n\t\t\t\t\ttitle=\"pension6\"\n\t\t\t\t\talt=\"pension6\"\n\t\t\t\t\tsrc=\"https:\/\/www.penzion-konopiste.cz\/wp-content\/gallery\/penzion\/thumbs\/thumbs_pension6.jpg\"\n\t\t\t\t\twidth=\"120\"\n\t\t\t\t\theight=\"90\"\n\t\t\t\t\tstyle=\"max-width:100%;\"\n\t\t\t\t\/>\n\t\t\t<\/a>\n\t\t<\/div>\n\t\t\t\t\t\t\t<\/div>\n\t\t\t\n\t\t\n\t\t\t\t<div id=\"ngg-image-12\" class=\"ngg-gallery-thumbnail-box\"\n\t\t\t\t\t\t\t\t\t\t\t>\n\t\t\t\t\t\t<div class=\"ngg-gallery-thumbnail\">\n\t\t\t<a href=\"https:\/\/www.penzion-konopiste.cz\/wp-content\/gallery\/penzion\/pension5.jpg\"\n\t\t\t\ttitle=\"\"\n\t\t\t\tdata-src=\"https:\/\/www.penzion-konopiste.cz\/wp-content\/gallery\/penzion\/pension5.jpg\"\n\t\t\t\tdata-thumbnail=\"https:\/\/www.penzion-konopiste.cz\/wp-content\/gallery\/penzion\/thumbs\/thumbs_pension5.jpg\"\n\t\t\t\tdata-image-id=\"245\"\n\t\t\t\tdata-title=\"pension5\"\n\t\t\t\tdata-description=\"\"\n\t\t\t\tdata-image-slug=\"pension5\"\n\t\t\t\tclass=\"ngg-fancybox\" rel=\"f255def0747dbca67a668b65ae5de7dc\">\n\t\t\t\t<img\n\t\t\t\t\ttitle=\"pension5\"\n\t\t\t\t\talt=\"pension5\"\n\t\t\t\t\tsrc=\"https:\/\/www.penzion-konopiste.cz\/wp-content\/gallery\/penzion\/thumbs\/thumbs_pension5.jpg\"\n\t\t\t\t\twidth=\"120\"\n\t\t\t\t\theight=\"90\"\n\t\t\t\t\tstyle=\"max-width:100%;\"\n\t\t\t\t\/>\n\t\t\t<\/a>\n\t\t<\/div>\n\t\t\t\t\t\t\t<\/div>\n\t\t\t\n\t\t\n\t\t\t\t<div id=\"ngg-image-13\" class=\"ngg-gallery-thumbnail-box\"\n\t\t\t\t\t\t\t\t\t\t\t>\n\t\t\t\t\t\t<div class=\"ngg-gallery-thumbnail\">\n\t\t\t<a href=\"https:\/\/www.penzion-konopiste.cz\/wp-content\/gallery\/penzion\/pension4.jpg\"\n\t\t\t\ttitle=\"\"\n\t\t\t\tdata-src=\"https:\/\/www.penzion-konopiste.cz\/wp-content\/gallery\/penzion\/pension4.jpg\"\n\t\t\t\tdata-thumbnail=\"https:\/\/www.penzion-konopiste.cz\/wp-content\/gallery\/penzion\/thumbs\/thumbs_pension4.jpg\"\n\t\t\t\tdata-image-id=\"246\"\n\t\t\t\tdata-title=\"pension4\"\n\t\t\t\tdata-description=\"\"\n\t\t\t\tdata-image-slug=\"pension4\"\n\t\t\t\tclass=\"ngg-fancybox\" rel=\"f255def0747dbca67a668b65ae5de7dc\">\n\t\t\t\t<img\n\t\t\t\t\ttitle=\"pension4\"\n\t\t\t\t\talt=\"pension4\"\n\t\t\t\t\tsrc=\"https:\/\/www.penzion-konopiste.cz\/wp-content\/gallery\/penzion\/thumbs\/thumbs_pension4.jpg\"\n\t\t\t\t\twidth=\"120\"\n\t\t\t\t\theight=\"90\"\n\t\t\t\t\tstyle=\"max-width:100%;\"\n\t\t\t\t\/>\n\t\t\t<\/a>\n\t\t<\/div>\n\t\t\t\t\t\t\t<\/div>\n\t\t\t\n\t\t\n\t\t\t\t<div id=\"ngg-image-14\" class=\"ngg-gallery-thumbnail-box\"\n\t\t\t\t\t\t\t\t\t\t\t>\n\t\t\t\t\t\t<div class=\"ngg-gallery-thumbnail\">\n\t\t\t<a href=\"https:\/\/www.penzion-konopiste.cz\/wp-content\/gallery\/penzion\/pension3.jpg\"\n\t\t\t\ttitle=\"\"\n\t\t\t\tdata-src=\"https:\/\/www.penzion-konopiste.cz\/wp-content\/gallery\/penzion\/pension3.jpg\"\n\t\t\t\tdata-thumbnail=\"https:\/\/www.penzion-konopiste.cz\/wp-content\/gallery\/penzion\/thumbs\/thumbs_pension3.jpg\"\n\t\t\t\tdata-image-id=\"247\"\n\t\t\t\tdata-title=\"pension3\"\n\t\t\t\tdata-description=\"\"\n\t\t\t\tdata-image-slug=\"pension3\"\n\t\t\t\tclass=\"ngg-fancybox\" rel=\"f255def0747dbca67a668b65ae5de7dc\">\n\t\t\t\t<img\n\t\t\t\t\ttitle=\"pension3\"\n\t\t\t\t\talt=\"pension3\"\n\t\t\t\t\tsrc=\"https:\/\/www.penzion-konopiste.cz\/wp-content\/gallery\/penzion\/thumbs\/thumbs_pension3.jpg\"\n\t\t\t\t\twidth=\"120\"\n\t\t\t\t\theight=\"90\"\n\t\t\t\t\tstyle=\"max-width:100%;\"\n\t\t\t\t\/>\n\t\t\t<\/a>\n\t\t<\/div>\n\t\t\t\t\t\t\t<\/div>\n\t\t\t\n\t\t\n\t\t\t\t<div id=\"ngg-image-15\" class=\"ngg-gallery-thumbnail-box\"\n\t\t\t\t\t\t\t\t\t\t\t>\n\t\t\t\t\t\t<div class=\"ngg-gallery-thumbnail\">\n\t\t\t<a href=\"https:\/\/www.penzion-konopiste.cz\/wp-content\/gallery\/penzion\/pension2.jpg\"\n\t\t\t\ttitle=\"\"\n\t\t\t\tdata-src=\"https:\/\/www.penzion-konopiste.cz\/wp-content\/gallery\/penzion\/pension2.jpg\"\n\t\t\t\tdata-thumbnail=\"https:\/\/www.penzion-konopiste.cz\/wp-content\/gallery\/penzion\/thumbs\/thumbs_pension2.jpg\"\n\t\t\t\tdata-image-id=\"248\"\n\t\t\t\tdata-title=\"pension2\"\n\t\t\t\tdata-description=\"\"\n\t\t\t\tdata-image-slug=\"pension2\"\n\t\t\t\tclass=\"ngg-fancybox\" rel=\"f255def0747dbca67a668b65ae5de7dc\">\n\t\t\t\t<img\n\t\t\t\t\ttitle=\"pension2\"\n\t\t\t\t\talt=\"pension2\"\n\t\t\t\t\tsrc=\"https:\/\/www.penzion-konopiste.cz\/wp-content\/gallery\/penzion\/thumbs\/thumbs_pension2.jpg\"\n\t\t\t\t\twidth=\"120\"\n\t\t\t\t\theight=\"90\"\n\t\t\t\t\tstyle=\"max-width:100%;\"\n\t\t\t\t\/>\n\t\t\t<\/a>\n\t\t<\/div>\n\t\t\t\t\t\t\t<\/div>\n\t\t\t\n\t\t\n\t\t\t\t<div id=\"ngg-image-16\" class=\"ngg-gallery-thumbnail-box\"\n\t\t\t\t\t\t\t\t\t\t\t>\n\t\t\t\t\t\t<div class=\"ngg-gallery-thumbnail\">\n\t\t\t<a href=\"https:\/\/www.penzion-konopiste.cz\/wp-content\/gallery\/penzion\/pension1.jpg\"\n\t\t\t\ttitle=\"\"\n\t\t\t\tdata-src=\"https:\/\/www.penzion-konopiste.cz\/wp-content\/gallery\/penzion\/pension1.jpg\"\n\t\t\t\tdata-thumbnail=\"https:\/\/www.penzion-konopiste.cz\/wp-content\/gallery\/penzion\/thumbs\/thumbs_pension1.jpg\"\n\t\t\t\tdata-image-id=\"249\"\n\t\t\t\tdata-title=\"pension1\"\n\t\t\t\tdata-description=\"\"\n\t\t\t\tdata-image-slug=\"pension1\"\n\t\t\t\tclass=\"ngg-fancybox\" rel=\"f255def0747dbca67a668b65ae5de7dc\">\n\t\t\t\t<img\n\t\t\t\t\ttitle=\"pension1\"\n\t\t\t\t\talt=\"pension1\"\n\t\t\t\t\tsrc=\"https:\/\/www.penzion-konopiste.cz\/wp-content\/gallery\/penzion\/thumbs\/thumbs_pension1.jpg\"\n\t\t\t\t\twidth=\"120\"\n\t\t\t\t\theight=\"90\"\n\t\t\t\t\tstyle=\"max-width:100%;\"\n\t\t\t\t\/>\n\t\t\t<\/a>\n\t\t<\/div>\n\t\t\t\t\t\t\t<\/div>\n\t\t\t\n\t\t\n\t\t\t\t<div id=\"ngg-image-17\" class=\"ngg-gallery-thumbnail-box\"\n\t\t\t\t\t\t\t\t\t\t\t>\n\t\t\t\t\t\t<div class=\"ngg-gallery-thumbnail\">\n\t\t\t<a href=\"https:\/\/www.penzion-konopiste.cz\/wp-content\/gallery\/penzion\/DSCN0668.JPG\"\n\t\t\t\ttitle=\"\"\n\t\t\t\tdata-src=\"https:\/\/www.penzion-konopiste.cz\/wp-content\/gallery\/penzion\/DSCN0668.JPG\"\n\t\t\t\tdata-thumbnail=\"https:\/\/www.penzion-konopiste.cz\/wp-content\/gallery\/penzion\/thumbs\/thumbs_DSCN0668.JPG\"\n\t\t\t\tdata-image-id=\"250\"\n\t\t\t\tdata-title=\"DSCN0668\"\n\t\t\t\tdata-description=\"\"\n\t\t\t\tdata-image-slug=\"dscn0668-1\"\n\t\t\t\tclass=\"ngg-fancybox\" rel=\"f255def0747dbca67a668b65ae5de7dc\">\n\t\t\t\t<img\n\t\t\t\t\ttitle=\"DSCN0668\"\n\t\t\t\t\talt=\"DSCN0668\"\n\t\t\t\t\tsrc=\"https:\/\/www.penzion-konopiste.cz\/wp-content\/gallery\/penzion\/thumbs\/thumbs_DSCN0668.JPG\"\n\t\t\t\t\twidth=\"120\"\n\t\t\t\t\theight=\"90\"\n\t\t\t\t\tstyle=\"max-width:100%;\"\n\t\t\t\t\/>\n\t\t\t<\/a>\n\t\t<\/div>\n\t\t\t\t\t\t\t<\/div>\n\t\t\t\n\t\t\n\t\t\t\t<div id=\"ngg-image-18\" class=\"ngg-gallery-thumbnail-box\"\n\t\t\t\t\t\t\t\t\t\t\t>\n\t\t\t\t\t\t<div class=\"ngg-gallery-thumbnail\">\n\t\t\t<a href=\"https:\/\/www.penzion-konopiste.cz\/wp-content\/gallery\/penzion\/DSCN0670.JPG\"\n\t\t\t\ttitle=\"\"\n\t\t\t\tdata-src=\"https:\/\/www.penzion-konopiste.cz\/wp-content\/gallery\/penzion\/DSCN0670.JPG\"\n\t\t\t\tdata-thumbnail=\"https:\/\/www.penzion-konopiste.cz\/wp-content\/gallery\/penzion\/thumbs\/thumbs_DSCN0670.JPG\"\n\t\t\t\tdata-image-id=\"251\"\n\t\t\t\tdata-title=\"DSCN0670\"\n\t\t\t\tdata-description=\"\"\n\t\t\t\tdata-image-slug=\"dscn0670-1\"\n\t\t\t\tclass=\"ngg-fancybox\" rel=\"f255def0747dbca67a668b65ae5de7dc\">\n\t\t\t\t<img\n\t\t\t\t\ttitle=\"DSCN0670\"\n\t\t\t\t\talt=\"DSCN0670\"\n\t\t\t\t\tsrc=\"https:\/\/www.penzion-konopiste.cz\/wp-content\/gallery\/penzion\/thumbs\/thumbs_DSCN0670.JPG\"\n\t\t\t\t\twidth=\"120\"\n\t\t\t\t\theight=\"90\"\n\t\t\t\t\tstyle=\"max-width:100%;\"\n\t\t\t\t\/>\n\t\t\t<\/a>\n\t\t<\/div>\n\t\t\t\t\t\t\t<\/div>\n\t\t\t\n\t\t\n\t\t\t\t<div id=\"ngg-image-19\" class=\"ngg-gallery-thumbnail-box\"\n\t\t\t\t\t\t\t\t\t\t\t>\n\t\t\t\t\t\t<div class=\"ngg-gallery-thumbnail\">\n\t\t\t<a href=\"https:\/\/www.penzion-konopiste.cz\/wp-content\/gallery\/penzion\/small.jpg\"\n\t\t\t\ttitle=\"\"\n\t\t\t\tdata-src=\"https:\/\/www.penzion-konopiste.cz\/wp-content\/gallery\/penzion\/small.jpg\"\n\t\t\t\tdata-thumbnail=\"https:\/\/www.penzion-konopiste.cz\/wp-content\/gallery\/penzion\/thumbs\/thumbs_small.jpg\"\n\t\t\t\tdata-image-id=\"297\"\n\t\t\t\tdata-title=\"small\"\n\t\t\t\tdata-description=\"\"\n\t\t\t\tdata-image-slug=\"small\"\n\t\t\t\tclass=\"ngg-fancybox\" rel=\"f255def0747dbca67a668b65ae5de7dc\">\n\t\t\t\t<img\n\t\t\t\t\ttitle=\"small\"\n\t\t\t\t\talt=\"small\"\n\t\t\t\t\tsrc=\"https:\/\/www.penzion-konopiste.cz\/wp-content\/gallery\/penzion\/thumbs\/thumbs_small.jpg\"\n\t\t\t\t\twidth=\"120\"\n\t\t\t\t\theight=\"90\"\n\t\t\t\t\tstyle=\"max-width:100%;\"\n\t\t\t\t\/>\n\t\t\t<\/a>\n\t\t<\/div>\n\t\t\t\t\t\t\t<\/div>\n\t\t\t\n\t\t\n\t\t\n\t\t<!-- Pagination -->\n\t\t<div class='ngg-navigation'><span class='current'>1<\/span>\n<a class='page-numbers' data-pageid='2' href='https:\/\/www.penzion-konopiste.cz\/en\/about-us\/blog\/pension-a-okoli\/nggallery\/page\/2'>2<\/a>\n<a class='prev' href='https:\/\/www.penzion-konopiste.cz\/en\/about-us\/blog\/pension-a-okoli\/nggallery\/page\/2' data-pageid=2>&#9658;<\/a><\/div>\t<\/div>\n<\/p>\n","protected":false},"excerpt":{"rendered":"<p>Novinky.cz &#8211; Pod\u00edvejte se na z\u00e1mek Konopi\u0161t\u011b tak trochu jinak &#8211; video, \u010dl\u00e1nek Penzion a okol\u00ed 1 2 &#9658;<\/p>\n","protected":false},"author":1,"featured_media":0,"parent":103,"menu_order":0,"comment_status":"closed","ping_status":"closed","template":"page-fullwidth.php","meta":{"ngg_post_thumbnail":0,"footnotes":""},"class_list":["post-1112","page","type-page","status-publish","hentry"],"translation":{"provider":"WPGlobus","version":"3.0.0","language":"en","enabled_languages":["cz","en","de"],"languages":{"cz":{"title":true,"content":true,"excerpt":false},"en":{"title":false,"content":false,"excerpt":false},"de":{"title":false,"content":false,"excerpt":false}}},"_links":{"self":[{"href":"https:\/\/www.penzion-konopiste.cz\/en\/wp-json\/wp\/v2\/pages\/1112","targetHints":{"allow":["GET"]}}],"collection":[{"href":"https:\/\/www.penzion-konopiste.cz\/en\/wp-json\/wp\/v2\/pages"}],"about":[{"href":"https:\/\/www.penzion-konopiste.cz\/en\/wp-json\/wp\/v2\/types\/page"}],"author":[{"embeddable":true,"href":"https:\/\/www.penzion-konopiste.cz\/en\/wp-json\/wp\/v2\/users\/1"}],"replies":[{"embeddable":true,"href":"https:\/\/www.penzion-konopiste.cz\/en\/wp-json\/wp\/v2\/comments?post=1112"}],"version-history":[{"count":5,"href":"https:\/\/www.penzion-konopiste.cz\/en\/wp-json\/wp\/v2\/pages\/1112\/revisions"}],"predecessor-version":[{"id":3809,"href":"https:\/\/www.penzion-konopiste.cz\/en\/wp-json\/wp\/v2\/pages\/1112\/revisions\/3809"}],"up":[{"embeddable":true,"href":"https:\/\/www.penzion-konopiste.cz\/en\/wp-json\/wp\/v2\/pages\/103"}],"wp:attachment":[{"href":"https:\/\/www.penzion-konopiste.cz\/en\/wp-json\/wp\/v2\/media?parent=1112"}],"curies":[{"name":"wp","href":"https:\/\/api.w.org\/{rel}","templated":true}]}}