{"id":2196,"date":"2014-11-10T14:48:56","date_gmt":"2014-11-10T14:48:56","guid":{"rendered":"http:\/\/www.penzion-konopiste.cz\/?page_id=2196"},"modified":"2019-04-17T16:10:10","modified_gmt":"2019-04-17T16:10:10","slug":"discreet","status":"publish","type":"page","link":"https:\/\/www.penzion-konopiste.cz\/en\/about-us\/pokoje\/discreet\/","title":{"rendered":"DISCREET"},"content":{"rendered":"<div class=\"grid_11 alpha\"><h2>Discreet<\/h2>\n<p><span style=\"font-weight: 400;\">The Discreet apartment is accessed from the front of the hotel. There is a bedroom with double bed, bathroom, fully fitted kitchen and a living room with a sofa bed. The capacity is 2 beds + 1 extra sofa bed. It is suitable also for a long term stay.<\/span><\/p>\n<h6>Room plan<\/h6>\n<p><!-- index.php -->\n<div\n\tclass=\"ngg-galleryoverview\n\t ngg-ajax-pagination-none\t\"\n\tid=\"ngg-gallery-1105c5848f193ec11c0e7678f4b9d9f4-1\">\n\n\t\t\t<!-- Thumbnails -->\n\t\t\t\t<div id=\"ngg-image-0\" class=\"ngg-gallery-thumbnail-box\"\n\t\t\t\t\t\t\t\t\t\t\t>\n\t\t\t\t\t\t<div class=\"ngg-gallery-thumbnail\">\n\t\t\t<a href=\"https:\/\/www.penzion-konopiste.cz\/wp-content\/gallery\/discreet\/discreet_pudorys.jpg\"\n\t\t\t\ttitle=\"\"\n\t\t\t\tdata-src=\"https:\/\/www.penzion-konopiste.cz\/wp-content\/gallery\/discreet\/discreet_pudorys.jpg\"\n\t\t\t\tdata-thumbnail=\"https:\/\/www.penzion-konopiste.cz\/wp-content\/gallery\/discreet\/thumbs\/thumbs_discreet_pudorys.jpg\"\n\t\t\t\tdata-image-id=\"17\"\n\t\t\t\tdata-title=\"discreet_pudorys\"\n\t\t\t\tdata-description=\"\"\n\t\t\t\tdata-image-slug=\"discreet_pudorys\"\n\t\t\t\tclass=\"ngg-fancybox\" rel=\"1105c5848f193ec11c0e7678f4b9d9f4\">\n\t\t\t\t<img\n\t\t\t\t\ttitle=\"discreet_pudorys\"\n\t\t\t\t\talt=\"discreet_pudorys\"\n\t\t\t\t\tsrc=\"https:\/\/www.penzion-konopiste.cz\/wp-content\/gallery\/discreet\/thumbs\/thumbs_discreet_pudorys.jpg\"\n\t\t\t\t\twidth=\"120\"\n\t\t\t\t\theight=\"90\"\n\t\t\t\t\tstyle=\"max-width:100%;\"\n\t\t\t\t\/>\n\t\t\t<\/a>\n\t\t<\/div>\n\t\t\t\t\t\t\t<\/div>\n\t\t\t\n\t\t\n\t\t\t\t<div id=\"ngg-image-1\" class=\"ngg-gallery-thumbnail-box\"\n\t\t\t\t\t\t\t\t\t\t\t>\n\t\t\t\t\t\t<div class=\"ngg-gallery-thumbnail\">\n\t\t\t<a href=\"https:\/\/www.penzion-konopiste.cz\/wp-content\/gallery\/discreet\/small.jpg\"\n\t\t\t\ttitle=\"\"\n\t\t\t\tdata-src=\"https:\/\/www.penzion-konopiste.cz\/wp-content\/gallery\/discreet\/small.jpg\"\n\t\t\t\tdata-thumbnail=\"https:\/\/www.penzion-konopiste.cz\/wp-content\/gallery\/discreet\/thumbs\/thumbs_small.jpg\"\n\t\t\t\tdata-image-id=\"315\"\n\t\t\t\tdata-title=\"small\"\n\t\t\t\tdata-description=\"\"\n\t\t\t\tdata-image-slug=\"small-6\"\n\t\t\t\tclass=\"ngg-fancybox\" rel=\"1105c5848f193ec11c0e7678f4b9d9f4\">\n\t\t\t\t<img\n\t\t\t\t\ttitle=\"small\"\n\t\t\t\t\talt=\"small\"\n\t\t\t\t\tsrc=\"https:\/\/www.penzion-konopiste.cz\/wp-content\/gallery\/discreet\/thumbs\/thumbs_small.jpg\"\n\t\t\t\t\twidth=\"120\"\n\t\t\t\t\theight=\"90\"\n\t\t\t\t\tstyle=\"max-width:100%;\"\n\t\t\t\t\/>\n\t\t\t<\/a>\n\t\t<\/div>\n\t\t\t\t\t\t\t<\/div>\n\t\t\t\n\t\t\n\t\t\t\t<div id=\"ngg-image-2\" class=\"ngg-gallery-thumbnail-box\"\n\t\t\t\t\t\t\t\t\t\t\t>\n\t\t\t\t\t\t<div class=\"ngg-gallery-thumbnail\">\n\t\t\t<a href=\"https:\/\/www.penzion-konopiste.cz\/wp-content\/gallery\/discreet\/IMG_6791.jpg\"\n\t\t\t\ttitle=\"\"\n\t\t\t\tdata-src=\"https:\/\/www.penzion-konopiste.cz\/wp-content\/gallery\/discreet\/IMG_6791.jpg\"\n\t\t\t\tdata-thumbnail=\"https:\/\/www.penzion-konopiste.cz\/wp-content\/gallery\/discreet\/thumbs\/thumbs_IMG_6791.jpg\"\n\t\t\t\tdata-image-id=\"326\"\n\t\t\t\tdata-title=\"IMG_6791\"\n\t\t\t\tdata-description=\"\"\n\t\t\t\tdata-image-slug=\"img_6791\"\n\t\t\t\tclass=\"ngg-fancybox\" rel=\"1105c5848f193ec11c0e7678f4b9d9f4\">\n\t\t\t\t<img\n\t\t\t\t\ttitle=\"IMG_6791\"\n\t\t\t\t\talt=\"IMG_6791\"\n\t\t\t\t\tsrc=\"https:\/\/www.penzion-konopiste.cz\/wp-content\/gallery\/discreet\/thumbs\/thumbs_IMG_6791.jpg\"\n\t\t\t\t\twidth=\"120\"\n\t\t\t\t\theight=\"90\"\n\t\t\t\t\tstyle=\"max-width:100%;\"\n\t\t\t\t\/>\n\t\t\t<\/a>\n\t\t<\/div>\n\t\t\t\t\t\t\t<\/div>\n\t\t\t\n\t\t\n\t\t\t\t<div id=\"ngg-image-3\" class=\"ngg-gallery-thumbnail-box\"\n\t\t\t\t\t\t\t\t\t\t\t>\n\t\t\t\t\t\t<div class=\"ngg-gallery-thumbnail\">\n\t\t\t<a href=\"https:\/\/www.penzion-konopiste.cz\/wp-content\/gallery\/discreet\/IMG_6792.jpg\"\n\t\t\t\ttitle=\"\"\n\t\t\t\tdata-src=\"https:\/\/www.penzion-konopiste.cz\/wp-content\/gallery\/discreet\/IMG_6792.jpg\"\n\t\t\t\tdata-thumbnail=\"https:\/\/www.penzion-konopiste.cz\/wp-content\/gallery\/discreet\/thumbs\/thumbs_IMG_6792.jpg\"\n\t\t\t\tdata-image-id=\"327\"\n\t\t\t\tdata-title=\"IMG_6792\"\n\t\t\t\tdata-description=\"\"\n\t\t\t\tdata-image-slug=\"img_6792\"\n\t\t\t\tclass=\"ngg-fancybox\" rel=\"1105c5848f193ec11c0e7678f4b9d9f4\">\n\t\t\t\t<img\n\t\t\t\t\ttitle=\"IMG_6792\"\n\t\t\t\t\talt=\"IMG_6792\"\n\t\t\t\t\tsrc=\"https:\/\/www.penzion-konopiste.cz\/wp-content\/gallery\/discreet\/thumbs\/thumbs_IMG_6792.jpg\"\n\t\t\t\t\twidth=\"120\"\n\t\t\t\t\theight=\"90\"\n\t\t\t\t\tstyle=\"max-width:100%;\"\n\t\t\t\t\/>\n\t\t\t<\/a>\n\t\t<\/div>\n\t\t\t\t\t\t\t<\/div>\n\t\t\t\n\t\t\n\t\t\t\t<div id=\"ngg-image-4\" class=\"ngg-gallery-thumbnail-box\"\n\t\t\t\t\t\t\t\t\t\t\t>\n\t\t\t\t\t\t<div class=\"ngg-gallery-thumbnail\">\n\t\t\t<a href=\"https:\/\/www.penzion-konopiste.cz\/wp-content\/gallery\/discreet\/IMG_6795.jpg\"\n\t\t\t\ttitle=\"\"\n\t\t\t\tdata-src=\"https:\/\/www.penzion-konopiste.cz\/wp-content\/gallery\/discreet\/IMG_6795.jpg\"\n\t\t\t\tdata-thumbnail=\"https:\/\/www.penzion-konopiste.cz\/wp-content\/gallery\/discreet\/thumbs\/thumbs_IMG_6795.jpg\"\n\t\t\t\tdata-image-id=\"328\"\n\t\t\t\tdata-title=\"IMG_6795\"\n\t\t\t\tdata-description=\"\"\n\t\t\t\tdata-image-slug=\"img_6795\"\n\t\t\t\tclass=\"ngg-fancybox\" rel=\"1105c5848f193ec11c0e7678f4b9d9f4\">\n\t\t\t\t<img\n\t\t\t\t\ttitle=\"IMG_6795\"\n\t\t\t\t\talt=\"IMG_6795\"\n\t\t\t\t\tsrc=\"https:\/\/www.penzion-konopiste.cz\/wp-content\/gallery\/discreet\/thumbs\/thumbs_IMG_6795.jpg\"\n\t\t\t\t\twidth=\"120\"\n\t\t\t\t\theight=\"90\"\n\t\t\t\t\tstyle=\"max-width:100%;\"\n\t\t\t\t\/>\n\t\t\t<\/a>\n\t\t<\/div>\n\t\t\t\t\t\t\t<\/div>\n\t\t\t\n\t\t\n\t\t\t\t<div id=\"ngg-image-5\" class=\"ngg-gallery-thumbnail-box\"\n\t\t\t\t\t\t\t\t\t\t\t>\n\t\t\t\t\t\t<div class=\"ngg-gallery-thumbnail\">\n\t\t\t<a href=\"https:\/\/www.penzion-konopiste.cz\/wp-content\/gallery\/discreet\/IMG_6798.jpg\"\n\t\t\t\ttitle=\"\"\n\t\t\t\tdata-src=\"https:\/\/www.penzion-konopiste.cz\/wp-content\/gallery\/discreet\/IMG_6798.jpg\"\n\t\t\t\tdata-thumbnail=\"https:\/\/www.penzion-konopiste.cz\/wp-content\/gallery\/discreet\/thumbs\/thumbs_IMG_6798.jpg\"\n\t\t\t\tdata-image-id=\"329\"\n\t\t\t\tdata-title=\"IMG_6798\"\n\t\t\t\tdata-description=\"\"\n\t\t\t\tdata-image-slug=\"img_6798\"\n\t\t\t\tclass=\"ngg-fancybox\" rel=\"1105c5848f193ec11c0e7678f4b9d9f4\">\n\t\t\t\t<img\n\t\t\t\t\ttitle=\"IMG_6798\"\n\t\t\t\t\talt=\"IMG_6798\"\n\t\t\t\t\tsrc=\"https:\/\/www.penzion-konopiste.cz\/wp-content\/gallery\/discreet\/thumbs\/thumbs_IMG_6798.jpg\"\n\t\t\t\t\twidth=\"120\"\n\t\t\t\t\theight=\"90\"\n\t\t\t\t\tstyle=\"max-width:100%;\"\n\t\t\t\t\/>\n\t\t\t<\/a>\n\t\t<\/div>\n\t\t\t\t\t\t\t<\/div>\n\t\t\t\n\t\t\n\t\t\n\t\t<!-- Pagination -->\n\t\t<div class='ngg-clear'><\/div>\t<\/div>\n<\/p>\n<h6>Gallery<\/h6>\n<p><!-- index.php -->\n<div\n\tclass=\"ngg-galleryoverview\n\t ngg-ajax-pagination-none\t\"\n\tid=\"ngg-gallery-76742a5dd772ac1066be7b25660f7ee6-1\">\n\n\t\t\t<!-- Thumbnails -->\n\t\t\t\t<div id=\"ngg-image-0\" class=\"ngg-gallery-thumbnail-box\"\n\t\t\t\t\t\t\t\t\t\t\t>\n\t\t\t\t\t\t<div class=\"ngg-gallery-thumbnail\">\n\t\t\t<a href=\"https:\/\/www.penzion-konopiste.cz\/wp-content\/gallery\/discreet\/discreet3.jpg\"\n\t\t\t\ttitle=\"\"\n\t\t\t\tdata-src=\"https:\/\/www.penzion-konopiste.cz\/wp-content\/gallery\/discreet\/discreet3.jpg\"\n\t\t\t\tdata-thumbnail=\"https:\/\/www.penzion-konopiste.cz\/wp-content\/gallery\/discreet\/thumbs\/thumbs_discreet3.jpg\"\n\t\t\t\tdata-image-id=\"18\"\n\t\t\t\tdata-title=\"discreet3\"\n\t\t\t\tdata-description=\"\"\n\t\t\t\tdata-image-slug=\"discreet3\"\n\t\t\t\tclass=\"ngg-fancybox\" rel=\"76742a5dd772ac1066be7b25660f7ee6\">\n\t\t\t\t<img\n\t\t\t\t\ttitle=\"discreet3\"\n\t\t\t\t\talt=\"discreet3\"\n\t\t\t\t\tsrc=\"https:\/\/www.penzion-konopiste.cz\/wp-content\/gallery\/discreet\/thumbs\/thumbs_discreet3.jpg\"\n\t\t\t\t\twidth=\"120\"\n\t\t\t\t\theight=\"90\"\n\t\t\t\t\tstyle=\"max-width:100%;\"\n\t\t\t\t\/>\n\t\t\t<\/a>\n\t\t<\/div>\n\t\t\t\t\t\t\t<\/div>\n\t\t\t\n\t\t\n\t\t\t\t<div id=\"ngg-image-1\" class=\"ngg-gallery-thumbnail-box\"\n\t\t\t\t\t\t\t\t\t\t\t>\n\t\t\t\t\t\t<div class=\"ngg-gallery-thumbnail\">\n\t\t\t<a href=\"https:\/\/www.penzion-konopiste.cz\/wp-content\/gallery\/discreet\/discreet2.jpg\"\n\t\t\t\ttitle=\"\"\n\t\t\t\tdata-src=\"https:\/\/www.penzion-konopiste.cz\/wp-content\/gallery\/discreet\/discreet2.jpg\"\n\t\t\t\tdata-thumbnail=\"https:\/\/www.penzion-konopiste.cz\/wp-content\/gallery\/discreet\/thumbs\/thumbs_discreet2.jpg\"\n\t\t\t\tdata-image-id=\"19\"\n\t\t\t\tdata-title=\"discreet2\"\n\t\t\t\tdata-description=\"\"\n\t\t\t\tdata-image-slug=\"discreet2\"\n\t\t\t\tclass=\"ngg-fancybox\" rel=\"76742a5dd772ac1066be7b25660f7ee6\">\n\t\t\t\t<img\n\t\t\t\t\ttitle=\"discreet2\"\n\t\t\t\t\talt=\"discreet2\"\n\t\t\t\t\tsrc=\"https:\/\/www.penzion-konopiste.cz\/wp-content\/gallery\/discreet\/thumbs\/thumbs_discreet2.jpg\"\n\t\t\t\t\twidth=\"120\"\n\t\t\t\t\theight=\"90\"\n\t\t\t\t\tstyle=\"max-width:100%;\"\n\t\t\t\t\/>\n\t\t\t<\/a>\n\t\t<\/div>\n\t\t\t\t\t\t\t<\/div>\n\t\t\t\n\t\t\n\t\t\t\t<div id=\"ngg-image-2\" class=\"ngg-gallery-thumbnail-box\"\n\t\t\t\t\t\t\t\t\t\t\t>\n\t\t\t\t\t\t<div class=\"ngg-gallery-thumbnail\">\n\t\t\t<a href=\"https:\/\/www.penzion-konopiste.cz\/wp-content\/gallery\/discreet\/discreet1.jpg\"\n\t\t\t\ttitle=\"\"\n\t\t\t\tdata-src=\"https:\/\/www.penzion-konopiste.cz\/wp-content\/gallery\/discreet\/discreet1.jpg\"\n\t\t\t\tdata-thumbnail=\"https:\/\/www.penzion-konopiste.cz\/wp-content\/gallery\/discreet\/thumbs\/thumbs_discreet1.jpg\"\n\t\t\t\tdata-image-id=\"20\"\n\t\t\t\tdata-title=\"discreet1\"\n\t\t\t\tdata-description=\"\"\n\t\t\t\tdata-image-slug=\"discreet1\"\n\t\t\t\tclass=\"ngg-fancybox\" rel=\"76742a5dd772ac1066be7b25660f7ee6\">\n\t\t\t\t<img\n\t\t\t\t\ttitle=\"discreet1\"\n\t\t\t\t\talt=\"discreet1\"\n\t\t\t\t\tsrc=\"https:\/\/www.penzion-konopiste.cz\/wp-content\/gallery\/discreet\/thumbs\/thumbs_discreet1.jpg\"\n\t\t\t\t\twidth=\"120\"\n\t\t\t\t\theight=\"90\"\n\t\t\t\t\tstyle=\"max-width:100%;\"\n\t\t\t\t\/>\n\t\t\t<\/a>\n\t\t<\/div>\n\t\t\t\t\t\t\t<\/div>\n\t\t\t\n\t\t\n\t\t\t\t<div id=\"ngg-image-3\" class=\"ngg-gallery-thumbnail-box\"\n\t\t\t\t\t\t\t\t\t\t\t>\n\t\t\t\t\t\t<div class=\"ngg-gallery-thumbnail\">\n\t\t\t<a href=\"https:\/\/www.penzion-konopiste.cz\/wp-content\/gallery\/discreet\/discreet2-1.jpg\"\n\t\t\t\ttitle=\"\"\n\t\t\t\tdata-src=\"https:\/\/www.penzion-konopiste.cz\/wp-content\/gallery\/discreet\/discreet2-1.jpg\"\n\t\t\t\tdata-thumbnail=\"https:\/\/www.penzion-konopiste.cz\/wp-content\/gallery\/discreet\/thumbs\/thumbs_discreet2-1.jpg\"\n\t\t\t\tdata-image-id=\"215\"\n\t\t\t\tdata-title=\"discreet2\"\n\t\t\t\tdata-description=\"\"\n\t\t\t\tdata-image-slug=\"discreet2-1\"\n\t\t\t\tclass=\"ngg-fancybox\" rel=\"76742a5dd772ac1066be7b25660f7ee6\">\n\t\t\t\t<img\n\t\t\t\t\ttitle=\"discreet2\"\n\t\t\t\t\talt=\"discreet2\"\n\t\t\t\t\tsrc=\"https:\/\/www.penzion-konopiste.cz\/wp-content\/gallery\/discreet\/thumbs\/thumbs_discreet2-1.jpg\"\n\t\t\t\t\twidth=\"120\"\n\t\t\t\t\theight=\"90\"\n\t\t\t\t\tstyle=\"max-width:100%;\"\n\t\t\t\t\/>\n\t\t\t<\/a>\n\t\t<\/div>\n\t\t\t\t\t\t\t<\/div>\n\t\t\t\n\t\t\n\t\t\t\t<div id=\"ngg-image-4\" class=\"ngg-gallery-thumbnail-box\"\n\t\t\t\t\t\t\t\t\t\t\t>\n\t\t\t\t\t\t<div class=\"ngg-gallery-thumbnail\">\n\t\t\t<a href=\"https:\/\/www.penzion-konopiste.cz\/wp-content\/gallery\/discreet\/small.jpg\"\n\t\t\t\ttitle=\"\"\n\t\t\t\tdata-src=\"https:\/\/www.penzion-konopiste.cz\/wp-content\/gallery\/discreet\/small.jpg\"\n\t\t\t\tdata-thumbnail=\"https:\/\/www.penzion-konopiste.cz\/wp-content\/gallery\/discreet\/thumbs\/thumbs_small.jpg\"\n\t\t\t\tdata-image-id=\"315\"\n\t\t\t\tdata-title=\"small\"\n\t\t\t\tdata-description=\"\"\n\t\t\t\tdata-image-slug=\"small-6\"\n\t\t\t\tclass=\"ngg-fancybox\" rel=\"76742a5dd772ac1066be7b25660f7ee6\">\n\t\t\t\t<img\n\t\t\t\t\ttitle=\"small\"\n\t\t\t\t\talt=\"small\"\n\t\t\t\t\tsrc=\"https:\/\/www.penzion-konopiste.cz\/wp-content\/gallery\/discreet\/thumbs\/thumbs_small.jpg\"\n\t\t\t\t\twidth=\"120\"\n\t\t\t\t\theight=\"90\"\n\t\t\t\t\tstyle=\"max-width:100%;\"\n\t\t\t\t\/>\n\t\t\t<\/a>\n\t\t<\/div>\n\t\t\t\t\t\t\t<\/div>\n\t\t\t\n\t\t\n\t\t\t\t<div id=\"ngg-image-5\" class=\"ngg-gallery-thumbnail-box\"\n\t\t\t\t\t\t\t\t\t\t\t>\n\t\t\t\t\t\t<div class=\"ngg-gallery-thumbnail\">\n\t\t\t<a href=\"https:\/\/www.penzion-konopiste.cz\/wp-content\/gallery\/discreet\/IMG_6791.jpg\"\n\t\t\t\ttitle=\"\"\n\t\t\t\tdata-src=\"https:\/\/www.penzion-konopiste.cz\/wp-content\/gallery\/discreet\/IMG_6791.jpg\"\n\t\t\t\tdata-thumbnail=\"https:\/\/www.penzion-konopiste.cz\/wp-content\/gallery\/discreet\/thumbs\/thumbs_IMG_6791.jpg\"\n\t\t\t\tdata-image-id=\"326\"\n\t\t\t\tdata-title=\"IMG_6791\"\n\t\t\t\tdata-description=\"\"\n\t\t\t\tdata-image-slug=\"img_6791\"\n\t\t\t\tclass=\"ngg-fancybox\" rel=\"76742a5dd772ac1066be7b25660f7ee6\">\n\t\t\t\t<img\n\t\t\t\t\ttitle=\"IMG_6791\"\n\t\t\t\t\talt=\"IMG_6791\"\n\t\t\t\t\tsrc=\"https:\/\/www.penzion-konopiste.cz\/wp-content\/gallery\/discreet\/thumbs\/thumbs_IMG_6791.jpg\"\n\t\t\t\t\twidth=\"120\"\n\t\t\t\t\theight=\"90\"\n\t\t\t\t\tstyle=\"max-width:100%;\"\n\t\t\t\t\/>\n\t\t\t<\/a>\n\t\t<\/div>\n\t\t\t\t\t\t\t<\/div>\n\t\t\t\n\t\t\n\t\t\t\t<div id=\"ngg-image-6\" class=\"ngg-gallery-thumbnail-box\"\n\t\t\t\t\t\t\t\t\t\t\t>\n\t\t\t\t\t\t<div class=\"ngg-gallery-thumbnail\">\n\t\t\t<a href=\"https:\/\/www.penzion-konopiste.cz\/wp-content\/gallery\/discreet\/IMG_6792.jpg\"\n\t\t\t\ttitle=\"\"\n\t\t\t\tdata-src=\"https:\/\/www.penzion-konopiste.cz\/wp-content\/gallery\/discreet\/IMG_6792.jpg\"\n\t\t\t\tdata-thumbnail=\"https:\/\/www.penzion-konopiste.cz\/wp-content\/gallery\/discreet\/thumbs\/thumbs_IMG_6792.jpg\"\n\t\t\t\tdata-image-id=\"327\"\n\t\t\t\tdata-title=\"IMG_6792\"\n\t\t\t\tdata-description=\"\"\n\t\t\t\tdata-image-slug=\"img_6792\"\n\t\t\t\tclass=\"ngg-fancybox\" rel=\"76742a5dd772ac1066be7b25660f7ee6\">\n\t\t\t\t<img\n\t\t\t\t\ttitle=\"IMG_6792\"\n\t\t\t\t\talt=\"IMG_6792\"\n\t\t\t\t\tsrc=\"https:\/\/www.penzion-konopiste.cz\/wp-content\/gallery\/discreet\/thumbs\/thumbs_IMG_6792.jpg\"\n\t\t\t\t\twidth=\"120\"\n\t\t\t\t\theight=\"90\"\n\t\t\t\t\tstyle=\"max-width:100%;\"\n\t\t\t\t\/>\n\t\t\t<\/a>\n\t\t<\/div>\n\t\t\t\t\t\t\t<\/div>\n\t\t\t\n\t\t\n\t\t\t\t<div id=\"ngg-image-7\" class=\"ngg-gallery-thumbnail-box\"\n\t\t\t\t\t\t\t\t\t\t\t>\n\t\t\t\t\t\t<div class=\"ngg-gallery-thumbnail\">\n\t\t\t<a href=\"https:\/\/www.penzion-konopiste.cz\/wp-content\/gallery\/discreet\/IMG_6795.jpg\"\n\t\t\t\ttitle=\"\"\n\t\t\t\tdata-src=\"https:\/\/www.penzion-konopiste.cz\/wp-content\/gallery\/discreet\/IMG_6795.jpg\"\n\t\t\t\tdata-thumbnail=\"https:\/\/www.penzion-konopiste.cz\/wp-content\/gallery\/discreet\/thumbs\/thumbs_IMG_6795.jpg\"\n\t\t\t\tdata-image-id=\"328\"\n\t\t\t\tdata-title=\"IMG_6795\"\n\t\t\t\tdata-description=\"\"\n\t\t\t\tdata-image-slug=\"img_6795\"\n\t\t\t\tclass=\"ngg-fancybox\" rel=\"76742a5dd772ac1066be7b25660f7ee6\">\n\t\t\t\t<img\n\t\t\t\t\ttitle=\"IMG_6795\"\n\t\t\t\t\talt=\"IMG_6795\"\n\t\t\t\t\tsrc=\"https:\/\/www.penzion-konopiste.cz\/wp-content\/gallery\/discreet\/thumbs\/thumbs_IMG_6795.jpg\"\n\t\t\t\t\twidth=\"120\"\n\t\t\t\t\theight=\"90\"\n\t\t\t\t\tstyle=\"max-width:100%;\"\n\t\t\t\t\/>\n\t\t\t<\/a>\n\t\t<\/div>\n\t\t\t\t\t\t\t<\/div>\n\t\t\t\n\t\t\n\t\t\t\t<div id=\"ngg-image-8\" class=\"ngg-gallery-thumbnail-box\"\n\t\t\t\t\t\t\t\t\t\t\t>\n\t\t\t\t\t\t<div class=\"ngg-gallery-thumbnail\">\n\t\t\t<a href=\"https:\/\/www.penzion-konopiste.cz\/wp-content\/gallery\/discreet\/IMG_6798.jpg\"\n\t\t\t\ttitle=\"\"\n\t\t\t\tdata-src=\"https:\/\/www.penzion-konopiste.cz\/wp-content\/gallery\/discreet\/IMG_6798.jpg\"\n\t\t\t\tdata-thumbnail=\"https:\/\/www.penzion-konopiste.cz\/wp-content\/gallery\/discreet\/thumbs\/thumbs_IMG_6798.jpg\"\n\t\t\t\tdata-image-id=\"329\"\n\t\t\t\tdata-title=\"IMG_6798\"\n\t\t\t\tdata-description=\"\"\n\t\t\t\tdata-image-slug=\"img_6798\"\n\t\t\t\tclass=\"ngg-fancybox\" rel=\"76742a5dd772ac1066be7b25660f7ee6\">\n\t\t\t\t<img\n\t\t\t\t\ttitle=\"IMG_6798\"\n\t\t\t\t\talt=\"IMG_6798\"\n\t\t\t\t\tsrc=\"https:\/\/www.penzion-konopiste.cz\/wp-content\/gallery\/discreet\/thumbs\/thumbs_IMG_6798.jpg\"\n\t\t\t\t\twidth=\"120\"\n\t\t\t\t\theight=\"90\"\n\t\t\t\t\tstyle=\"max-width:100%;\"\n\t\t\t\t\/>\n\t\t\t<\/a>\n\t\t<\/div>\n\t\t\t\t\t\t\t<\/div>\n\t\t\t\n\t\t\n\t\t\n\t\t<!-- Pagination -->\n\t\t<div class='ngg-clear'><\/div>\t<\/div>\n<\/p>\n<h6><a title=\"VIRTU\u00c1LN\u00cd PROHL\u00cdDKA\" href=\"http:\/\/www.penzion-konopiste.cz\/blog\/virtualni-prohlidka\/\">Virtual tour&#8230;<\/a><\/h6>\n<div class=\"spacer\"><!-- --><\/div><\/div> <div class=\"grid_4 prefix_1 omega\"><h2>&nbsp;<\/h2>\n<dl>\n<dt>Suitable for<\/dt>\n<dd>* long term stay<br \/>\n* couples<br \/>\n* managers<\/dd>\n<dt>Capacity<\/dt>\n<dd>* double bed<br \/>\n* 1 extra bed<\/dd>\n<dt>Included<\/dt>\n<dd>* SAT-TV<br \/>\n* Wi-Fi<br \/>\n* Safe<br \/>\n* Minibar<br \/>\n* Fully fitted kitchen<br \/>\n* Private entrance<\/dd>\n<\/dl><\/div>\n","protected":false},"excerpt":{"rendered":"","protected":false},"author":1,"featured_media":0,"parent":1096,"menu_order":0,"comment_status":"closed","ping_status":"closed","template":"page-fullwidth.php","meta":{"ngg_post_thumbnail":0,"footnotes":""},"class_list":["post-2196","page","type-page","status-publish","hentry"],"translation":{"provider":"WPGlobus","version":"3.0.0","language":"en","enabled_languages":["cz","en","de"],"languages":{"cz":{"title":true,"content":true,"excerpt":false},"en":{"title":false,"content":true,"excerpt":false},"de":{"title":false,"content":false,"excerpt":false}}},"_links":{"self":[{"href":"https:\/\/www.penzion-konopiste.cz\/en\/wp-json\/wp\/v2\/pages\/2196","targetHints":{"allow":["GET"]}}],"collection":[{"href":"https:\/\/www.penzion-konopiste.cz\/en\/wp-json\/wp\/v2\/pages"}],"about":[{"href":"https:\/\/www.penzion-konopiste.cz\/en\/wp-json\/wp\/v2\/types\/page"}],"author":[{"embeddable":true,"href":"https:\/\/www.penzion-konopiste.cz\/en\/wp-json\/wp\/v2\/users\/1"}],"replies":[{"embeddable":true,"href":"https:\/\/www.penzion-konopiste.cz\/en\/wp-json\/wp\/v2\/comments?post=2196"}],"version-history":[{"count":15,"href":"https:\/\/www.penzion-konopiste.cz\/en\/wp-json\/wp\/v2\/pages\/2196\/revisions"}],"predecessor-version":[{"id":3422,"href":"https:\/\/www.penzion-konopiste.cz\/en\/wp-json\/wp\/v2\/pages\/2196\/revisions\/3422"}],"up":[{"embeddable":true,"href":"https:\/\/www.penzion-konopiste.cz\/en\/wp-json\/wp\/v2\/pages\/1096"}],"wp:attachment":[{"href":"https:\/\/www.penzion-konopiste.cz\/en\/wp-json\/wp\/v2\/media?parent=2196"}],"curies":[{"name":"wp","href":"https:\/\/api.w.org\/{rel}","templated":true}]}}