{"id":3030,"date":"2018-04-23T07:33:58","date_gmt":"2018-04-23T07:33:58","guid":{"rendered":"http:\/\/www.penzion-konopiste.cz\/?page_id=3030"},"modified":"2019-04-12T05:30:45","modified_gmt":"2019-04-12T05:30:45","slug":"pujcovna","status":"publish","type":"page","link":"https:\/\/www.penzion-konopiste.cz\/en\/pujcovna\/","title":{"rendered":"P\u016fj\u010dovna"},"content":{"rendered":"<h2><a href=\"http:\/\/pujcovna.konopiste.eu\"><strong>P\u016fj\u010dovna sportovn\u00edho, turistick\u00e9ho, hern\u00edho a d\u011btsk\u00e9ho vybaven\u00ed<\/strong><\/a><\/h2>\n<p>Od sezony 2019 jsme p\u0159ipravili\u00a0 pro v\u00e1s novou velkou p\u016fj\u010dovnu, kter\u00e1 by m\u011bla d\u00e1t va\u0161emu odpo\u010dinku u n\u00e1s v Pensionu Konopi\u0161t\u011b a Hotelu Konopi\u0161t\u011b zcela\u00a0 nov\u00fd n\u00e1boj a mo\u017enosti. P\u016fj\u010dte si kolob\u011b\u017eku, petang, hlin\u011bn\u00e9 kuli\u010dky, kolki, nordic walking h\u016flky nebo atletick\u00fd o\u0161t\u011bp a za\u017eijte n\u011bco nov\u00e9ho a zasportujte si, v dob\u011b mezi n\u00e1v\u0161t\u011bvami okoln\u00edch n\u00e1dhern\u00fdch z\u00e1mk\u016f, muze\u00ed \u010di hlavn\u00edho m\u011bsta.\u00a0 Vzhledem k rozsahu v\u011bc\u00ed kter\u00e9 s u n\u00e1s m\u016f\u017eete p\u016fj\u010dit, r\u016fzn\u00fdm n\u00e1vod\u016fm a doporu\u010den\u00edm jsme se rozhodli vytvo\u0159it pro v\u00e1s zcela novou samostatnou www str\u00e1nku s n\u00e1zvem\u00a0<span style=\"text-decoration: underline;\"><strong><a href=\"http:\/\/pujcovna.konopiste.eu\/\">P\u016fj\u010dovna<\/a><\/strong><\/span><\/p>\n<h3><\/h3>\n","protected":false},"excerpt":{"rendered":"<p>P\u016fj\u010dovna sportovn\u00edho, turistick\u00e9ho, hern\u00edho a d\u011btsk\u00e9ho vybaven\u00ed Od sezony 2019 jsme p\u0159ipravili\u00a0 pro v\u00e1s novou velkou p\u016fj\u010dovnu, kter\u00e1 by m\u011bla d\u00e1t va\u0161emu odpo\u010dinku u n\u00e1s v Pensionu Konopi\u0161t\u011b a Hotelu Konopi\u0161t\u011b zcela\u00a0 nov\u00fd n\u00e1boj a mo\u017enosti. P\u016fj\u010dte si kolob\u011b\u017eku, petang, hlin\u011bn\u00e9 kuli\u010dky, kolki, nordic walking h\u016flky nebo atletick\u00fd o\u0161t\u011bp a za\u017eijte n\u011bco nov\u00e9ho a zasportujte si, v dob\u011b mezi n\u00e1v\u0161t\u011bvami&nbsp;<a href=\"https:\/\/www.penzion-konopiste.cz\/en\/pujcovna\/\" class=\"read-more\">Continue Reading<\/a><\/p>\n","protected":false},"author":10,"featured_media":0,"parent":0,"menu_order":0,"comment_status":"closed","ping_status":"closed","template":"","meta":{"ngg_post_thumbnail":0,"footnotes":""},"class_list":["post-3030","page","type-page","status-publish","hentry"],"translation":{"provider":"WPGlobus","version":"3.0.0","language":"en","enabled_languages":["cz","en","de"],"languages":{"cz":{"title":true,"content":true,"excerpt":false},"en":{"title":false,"content":false,"excerpt":false},"de":{"title":false,"content":false,"excerpt":false}}},"_links":{"self":[{"href":"https:\/\/www.penzion-konopiste.cz\/en\/wp-json\/wp\/v2\/pages\/3030","targetHints":{"allow":["GET"]}}],"collection":[{"href":"https:\/\/www.penzion-konopiste.cz\/en\/wp-json\/wp\/v2\/pages"}],"about":[{"href":"https:\/\/www.penzion-konopiste.cz\/en\/wp-json\/wp\/v2\/types\/page"}],"author":[{"embeddable":true,"href":"https:\/\/www.penzion-konopiste.cz\/en\/wp-json\/wp\/v2\/users\/10"}],"replies":[{"embeddable":true,"href":"https:\/\/www.penzion-konopiste.cz\/en\/wp-json\/wp\/v2\/comments?post=3030"}],"version-history":[{"count":7,"href":"https:\/\/www.penzion-konopiste.cz\/en\/wp-json\/wp\/v2\/pages\/3030\/revisions"}],"predecessor-version":[{"id":3363,"href":"https:\/\/www.penzion-konopiste.cz\/en\/wp-json\/wp\/v2\/pages\/3030\/revisions\/3363"}],"wp:attachment":[{"href":"https:\/\/www.penzion-konopiste.cz\/en\/wp-json\/wp\/v2\/media?parent=3030"}],"curies":[{"name":"wp","href":"https:\/\/api.w.org\/{rel}","templated":true}]}}